{"id":519,"date":"2022-07-18T03:00:00","date_gmt":"2022-07-18T03:00:00","guid":{"rendered":"https:\/\/packdesites.com\/produto\/logen-blog-de-estilo-de-vida\/"},"modified":"2025-04-03T00:28:03","modified_gmt":"2025-04-03T00:28:03","slug":"logen-lifestyle-blog","status":"publish","type":"product","link":"https:\/\/packdesites.com\/en\/product\/logen-lifestyle-blog\/","title":{"rendered":"Logen \u2013 Lifestyle Blog"},"content":{"rendered":"<p>Logen is the Elementor Blog\/Magazine Template Kit that perfectly suits any blogger&#039;s needs. Logen&#039;s clean and balanced layout makes it the best choice for bloggers. The kit includes many templates that are easy to edit using the Elementor page builder for WordPress and is optimized for use with the free Hello Elementor theme, but can be used with most themes that support Elementor.<\/p>\n\n\n\n<ul class=\"wp-block-list\"><li>Elementor Pro upgrade is required for post builder and theme features (not included)<\/li><\/ul>\n\n\n\n<p><strong>The kit includes:<\/strong><\/p>\n\n\n\n<ul class=\"wp-block-list\"><li>Home 1 Model<\/li><li>Home 2 Model<\/li><li>Home 3 Model<ul><li>Header template<\/li><\/ul><\/li><li>Footer template<\/li><li>Contact Page Template<\/li><li>File Author Template<\/li><li>File Category Template<\/li><li>File Tag Template<\/li><li>File Search Template<\/li><li>404 Page Template<\/li><li>Off-canvas menu template<\/li><li>Single Page Template Post 1<\/li><li>Single Page Template Post 2<\/li><li>2 header styles<\/li><li>2 footer styles<\/li><\/ul>\n\n\n\n<p><strong>Sources<\/strong><\/p>\n\n\n\n<ul class=\"wp-block-list\"><li>Montserrat<\/li><li>Roboto<\/li><\/ul>","protected":false},"excerpt":{"rendered":"<p>Logen \u00e9 o Template Kit Elementor para Blog\/Revista, que se adapta perfeitamente \u00e0s necessidades de qualquer blogueiro. O layout limpo e equilibrado da Logen o torna a melhor escolha para blogueiros. O Kit inclui muitos modelos que s\u00e3o f\u00e1ceis de editar usando o construtor de p\u00e1ginas Elementor para WordPress e foi otimizado para uso com [&hellip;]<\/p>","protected":false},"featured_media":520,"comment_status":"closed","ping_status":"open","template":"","meta":{"_jf_limit_responses":"","iawp_total_views":13},"product_brand":[],"product_cat":[23,24],"product_tag":[19],"class_list":{"0":"post-519","1":"product","2":"type-product","3":"status-publish","4":"has-post-thumbnail","6":"product_cat-templates-elementor-e-envato","7":"product_cat-templates-envato","8":"product_tag-vitalicio","10":"first","11":"instock","12":"downloadable","13":"virtual","14":"purchasable","15":"product-type-simple"},"_links":{"self":[{"href":"https:\/\/packdesites.com\/en\/wp-json\/wp\/v2\/product\/519","targetHints":{"allow":["GET"]}}],"collection":[{"href":"https:\/\/packdesites.com\/en\/wp-json\/wp\/v2\/product"}],"about":[{"href":"https:\/\/packdesites.com\/en\/wp-json\/wp\/v2\/types\/product"}],"replies":[{"embeddable":true,"href":"https:\/\/packdesites.com\/en\/wp-json\/wp\/v2\/comments?post=519"}],"version-history":[{"count":0,"href":"https:\/\/packdesites.com\/en\/wp-json\/wp\/v2\/product\/519\/revisions"}],"wp:featuredmedia":[{"embeddable":true,"href":"https:\/\/packdesites.com\/en\/wp-json\/wp\/v2\/media\/520"}],"wp:attachment":[{"href":"https:\/\/packdesites.com\/en\/wp-json\/wp\/v2\/media?parent=519"}],"wp:term":[{"taxonomy":"product_brand","embeddable":true,"href":"https:\/\/packdesites.com\/en\/wp-json\/wp\/v2\/product_brand?post=519"},{"taxonomy":"product_cat","embeddable":true,"href":"https:\/\/packdesites.com\/en\/wp-json\/wp\/v2\/product_cat?post=519"},{"taxonomy":"product_tag","embeddable":true,"href":"https:\/\/packdesites.com\/en\/wp-json\/wp\/v2\/product_tag?post=519"}],"curies":[{"name":"wp","href":"https:\/\/api.w.org\/{rel}","templated":true}]}}