{"id":505,"date":"2022-07-18T03:00:00","date_gmt":"2022-07-18T03:00:00","guid":{"rendered":"https:\/\/packdesites.com\/produto\/frontfive-blog-de-noticias-criativas\/"},"modified":"2025-04-03T00:27:40","modified_gmt":"2025-04-03T00:27:40","slug":"frontfive-creative-news-blog","status":"publish","type":"product","link":"https:\/\/packdesites.com\/en\/product\/frontfive-creative-news-blog\/","title":{"rendered":"FrontFive \u2013 Creative News Blog"},"content":{"rendered":"<p><strong>FrontFive template kit<\/strong>&nbsp;is a collection of pre-designed creative and modern templates for a clean and fresh WordPress Blog and is designed for Elementor Pro.<\/p>\n\n\n\n<p><strong>Required plugins (will be installed automatically)<\/strong><\/p>\n\n\n\n<ul class=\"wp-block-list\"><li>Elementor<\/li><li>Premium Addons for Elementor<\/li><li>Slider Prime<\/li><\/ul>\n\n\n\n<p><strong>Included Models<\/strong><\/p>\n\n\n\n<ul class=\"wp-block-list\"><li>Home News Magazine<\/li><li>Featured Posts<\/li><li>Newspaper Style Home<\/li><li>Contact<\/li><li>Latest News \u2013 Blog<\/li><\/ul>\n\n\n\n<p><strong>Elementor Pro Templates (Requires Elementor Pro)<\/strong><\/p>\n\n\n\n<ul class=\"wp-block-list\"><li>Global Header<\/li><li>Global Footer<\/li><li>Mobile Menu Popup<\/li><li>Search Popup<\/li><li>Author Page<\/li><li>Single post<\/li><li>Page 404<\/li><li>Category Page<\/li><li>Search Page<\/li><\/ul>","protected":false},"excerpt":{"rendered":"<p>FrontFive template kit&nbsp;\u00e9 uma cole\u00e7\u00e3o de modelos criativos e modernos pr\u00e9-projetados para um WordPress Blog limpo e fresco e \u00e9 projetado para Elementor Pro. Plugins necess\u00e1rios (ser\u00e3o instalados automaticamente) Elementor Adicionais Premium para Elementor Slider Prime Modelos Inclu\u00eddos Revista Home News Posts em Destaque Estilo de Jornal In\u00edcio Contato \u00daltimas Not\u00edcias &#8211; Blog Modelos do [&hellip;]<\/p>","protected":false},"featured_media":506,"comment_status":"closed","ping_status":"open","template":"","meta":{"_jf_limit_responses":"","iawp_total_views":37},"product_brand":[],"product_cat":[23,24],"product_tag":[19],"class_list":{"0":"post-505","1":"product","2":"type-product","3":"status-publish","4":"has-post-thumbnail","6":"product_cat-templates-elementor-e-envato","7":"product_cat-templates-envato","8":"product_tag-vitalicio","10":"first","11":"instock","12":"downloadable","13":"virtual","14":"purchasable","15":"product-type-simple"},"_links":{"self":[{"href":"https:\/\/packdesites.com\/en\/wp-json\/wp\/v2\/product\/505","targetHints":{"allow":["GET"]}}],"collection":[{"href":"https:\/\/packdesites.com\/en\/wp-json\/wp\/v2\/product"}],"about":[{"href":"https:\/\/packdesites.com\/en\/wp-json\/wp\/v2\/types\/product"}],"replies":[{"embeddable":true,"href":"https:\/\/packdesites.com\/en\/wp-json\/wp\/v2\/comments?post=505"}],"version-history":[{"count":0,"href":"https:\/\/packdesites.com\/en\/wp-json\/wp\/v2\/product\/505\/revisions"}],"wp:featuredmedia":[{"embeddable":true,"href":"https:\/\/packdesites.com\/en\/wp-json\/wp\/v2\/media\/506"}],"wp:attachment":[{"href":"https:\/\/packdesites.com\/en\/wp-json\/wp\/v2\/media?parent=505"}],"wp:term":[{"taxonomy":"product_brand","embeddable":true,"href":"https:\/\/packdesites.com\/en\/wp-json\/wp\/v2\/product_brand?post=505"},{"taxonomy":"product_cat","embeddable":true,"href":"https:\/\/packdesites.com\/en\/wp-json\/wp\/v2\/product_cat?post=505"},{"taxonomy":"product_tag","embeddable":true,"href":"https:\/\/packdesites.com\/en\/wp-json\/wp\/v2\/product_tag?post=505"}],"curies":[{"name":"wp","href":"https:\/\/api.w.org\/{rel}","templated":true}]}}