{"id":503,"date":"2022-07-18T03:00:00","date_gmt":"2022-07-18T03:00:00","guid":{"rendered":"https:\/\/packdesites.com\/produto\/especio-blog-de-alimentos\/"},"modified":"2025-04-03T00:27:39","modified_gmt":"2025-04-03T00:27:39","slug":"special-food-blog","status":"publish","type":"product","link":"https:\/\/packdesites.com\/en\/product\/special-food-blog\/","title":{"rendered":"Especio \u2013 Food Blog"},"content":{"rendered":"<p><strong>Food Blog Template Kit<\/strong>&nbsp;It&#039;s a collection of pre-designed templates for a clean and fresh WordPress blog for nutritionists, healthy food, and lifestyle bloggers. It&#039;s also suitable for healthy cooking and recipe websites, sports and nutrition magazines, gym trainers, personal fitness trainers, and lifestyle coaches, etc. It&#039;s also great for dietitians, diet programs, gastroenterologists, travel blogs, and baby blogs.<\/p>\n\n\n\n<p><strong>Food Blog Template Kit<\/strong>\u00a0is suitable for:<\/p>\n\n\n\n<ul class=\"wp-block-list\"><li>Guest blog post<\/li><li>Rouge<\/li><li>Niche blogs<\/li><li>Donor<\/li><li>Viral blogs<\/li><li>Gifts<\/li><li>Guides<\/li><li>Personal portfolio <\/li><li>How-to blogs<\/li><\/ul>\n\n\n\n<p>Additionally, it fits homer, the accountant, business, cryptocurrency, professional, reverse, writer, and world news.<\/p>","protected":false},"excerpt":{"rendered":"<p>Food Blog Template Kit&nbsp;\u00e9 uma cole\u00e7\u00e3o de modelos pr\u00e9-projetados para um blog WordPress limpo e fresco para nutricionistas, comida saud\u00e1vel e blogger estilo de vida. Al\u00e9m disso, ele se encaixa culin\u00e1ria saud\u00e1vel e receitas site, revista de esportes e nutri\u00e7\u00e3o, treinador de gin\u00e1stica, personal fitness trainer e treinador de estilo de vida, etc Al\u00e9m disso, [&hellip;]<\/p>","protected":false},"featured_media":504,"comment_status":"closed","ping_status":"open","template":"","meta":{"_jf_limit_responses":"","iawp_total_views":40},"product_brand":[],"product_cat":[23,24],"product_tag":[19],"class_list":{"0":"post-503","1":"product","2":"type-product","3":"status-publish","4":"has-post-thumbnail","6":"product_cat-templates-elementor-e-envato","7":"product_cat-templates-envato","8":"product_tag-vitalicio","10":"first","11":"instock","12":"downloadable","13":"virtual","14":"purchasable","15":"product-type-simple"},"_links":{"self":[{"href":"https:\/\/packdesites.com\/en\/wp-json\/wp\/v2\/product\/503","targetHints":{"allow":["GET"]}}],"collection":[{"href":"https:\/\/packdesites.com\/en\/wp-json\/wp\/v2\/product"}],"about":[{"href":"https:\/\/packdesites.com\/en\/wp-json\/wp\/v2\/types\/product"}],"replies":[{"embeddable":true,"href":"https:\/\/packdesites.com\/en\/wp-json\/wp\/v2\/comments?post=503"}],"version-history":[{"count":0,"href":"https:\/\/packdesites.com\/en\/wp-json\/wp\/v2\/product\/503\/revisions"}],"wp:featuredmedia":[{"embeddable":true,"href":"https:\/\/packdesites.com\/en\/wp-json\/wp\/v2\/media\/504"}],"wp:attachment":[{"href":"https:\/\/packdesites.com\/en\/wp-json\/wp\/v2\/media?parent=503"}],"wp:term":[{"taxonomy":"product_brand","embeddable":true,"href":"https:\/\/packdesites.com\/en\/wp-json\/wp\/v2\/product_brand?post=503"},{"taxonomy":"product_cat","embeddable":true,"href":"https:\/\/packdesites.com\/en\/wp-json\/wp\/v2\/product_cat?post=503"},{"taxonomy":"product_tag","embeddable":true,"href":"https:\/\/packdesites.com\/en\/wp-json\/wp\/v2\/product_tag?post=503"}],"curies":[{"name":"wp","href":"https:\/\/api.w.org\/{rel}","templated":true}]}}