{"id":489,"date":"2022-07-18T03:00:00","date_gmt":"2022-07-18T03:00:00","guid":{"rendered":"https:\/\/packdesites.com\/produto\/blabber-blog-de-noticias-e-revistas-online\/"},"modified":"2025-04-03T00:27:23","modified_gmt":"2025-04-03T00:27:23","slug":"blabber-online-news-and-magazine-blog","status":"publish","type":"product","link":"https:\/\/packdesites.com\/en\/product\/blabber-online-news-and-magazine-blog\/","title":{"rendered":"Blabber \u2013 Online News and Magazine Blog"},"content":{"rendered":"<p><strong>Blabber Template Kit<\/strong>&nbsp;is a collection of powerful and modern pre-designed templates for a clean and fresh WordPress blog. It also fits perfectly for business, professional, creative, writer and world news magazine.<\/p>\n\n\n\n<p><strong>Elementor Blog Template Kit Features<\/strong><\/p>\n\n\n\n<ul class=\"wp-block-list\"><li>15+ pre-made demos;<\/li><li>Optimized for search engines;<\/li><li>Ultra responsive layout;<\/li><li>Retina ready;<\/li><li>Fully customizable;<\/li><li>Powerful and lightweight;<\/li><li>Browser compatibility: Firefox, Chrome, Safari, Opera<\/li><\/ul>","protected":false},"excerpt":{"rendered":"<p>Blabber Template Kit&nbsp;\u00e9 uma cole\u00e7\u00e3o de modelos pr\u00e9-projetados poderosos e modernos para um blog WordPress limpo e fresco. Ele tamb\u00e9m se encaixa perfeitamente na revista de not\u00edcias de neg\u00f3cios, profissional, criativo, escritor e mundo. Recursos do Elementor Blog Template Kit Mais de 15 demonstra\u00e7\u00f5es pr\u00e9-fabricadas; Otimizado para motores de busca; Layout ultra responsivo; Retina pronta; [&hellip;]<\/p>","protected":false},"featured_media":490,"comment_status":"closed","ping_status":"open","template":"","meta":{"_jf_limit_responses":"","iawp_total_views":58},"product_brand":[],"product_cat":[33,23,24],"product_tag":[19],"class_list":{"0":"post-489","1":"product","2":"type-product","3":"status-publish","4":"has-post-thumbnail","6":"product_cat-entretenimento-e-midia","7":"product_cat-templates-elementor-e-envato","8":"product_cat-templates-envato","9":"product_tag-vitalicio","11":"first","12":"instock","13":"downloadable","14":"virtual","15":"purchasable","16":"product-type-simple"},"_links":{"self":[{"href":"https:\/\/packdesites.com\/en\/wp-json\/wp\/v2\/product\/489","targetHints":{"allow":["GET"]}}],"collection":[{"href":"https:\/\/packdesites.com\/en\/wp-json\/wp\/v2\/product"}],"about":[{"href":"https:\/\/packdesites.com\/en\/wp-json\/wp\/v2\/types\/product"}],"replies":[{"embeddable":true,"href":"https:\/\/packdesites.com\/en\/wp-json\/wp\/v2\/comments?post=489"}],"version-history":[{"count":0,"href":"https:\/\/packdesites.com\/en\/wp-json\/wp\/v2\/product\/489\/revisions"}],"wp:featuredmedia":[{"embeddable":true,"href":"https:\/\/packdesites.com\/en\/wp-json\/wp\/v2\/media\/490"}],"wp:attachment":[{"href":"https:\/\/packdesites.com\/en\/wp-json\/wp\/v2\/media?parent=489"}],"wp:term":[{"taxonomy":"product_brand","embeddable":true,"href":"https:\/\/packdesites.com\/en\/wp-json\/wp\/v2\/product_brand?post=489"},{"taxonomy":"product_cat","embeddable":true,"href":"https:\/\/packdesites.com\/en\/wp-json\/wp\/v2\/product_cat?post=489"},{"taxonomy":"product_tag","embeddable":true,"href":"https:\/\/packdesites.com\/en\/wp-json\/wp\/v2\/product_tag?post=489"}],"curies":[{"name":"wp","href":"https:\/\/api.w.org\/{rel}","templated":true}]}}