{"id":487,"date":"2022-07-18T03:00:00","date_gmt":"2022-07-18T03:00:00","guid":{"rendered":"https:\/\/packdesites.com\/produto\/banshee-blog-de-noticias\/"},"modified":"2025-04-03T00:27:21","modified_gmt":"2025-04-03T00:27:21","slug":"banshee-news-blog","status":"publish","type":"product","link":"https:\/\/packdesites.com\/en\/product\/banshee-news-blog\/","title":{"rendered":"Banshee \u2013 News Blog"},"content":{"rendered":"<p>Banshee is a Blog\/Magazine Elementor Template Kit that perfectly suits any blogger&#039;s needs. Banshee&#039;s clean and balanced layout makes it the best choice for bloggers. The Kit includes many templates that are easy to edit.<\/p>\n\n\n\n<p><strong>The kit includes:<\/strong><\/p>\n\n\n\n<ul class=\"wp-block-list\"><li>Home 1 Model<\/li><li>Home 2 Model<\/li><li>Home 3 Model<\/li><li>Header Template<\/li><li>Footer template<\/li><li>Contact Page Template<\/li><li>Archive Author Template<\/li><li>Filing Category Template<\/li><li>Archive Tag Template<\/li><li>Archive search template<\/li><li>404 Page Template<\/li><li>Off Canvas Menu Template<\/li><li>Single Post Page Template 1<\/li><li>Single Post Page Template 2<\/li><\/ul>\n\n\n\n<p><strong>Sources<\/strong><\/p>\n\n\n\n<ul class=\"wp-block-list\"><li>Sans Pro Font<\/li><li>Roboto<\/li><\/ul>","protected":false},"excerpt":{"rendered":"<p>Banshee \u00e9 o Blog\/Magazine Elementor Modelo Kit, que se adapta perfeitamente a qualquer necessidade do blogueiro. Banshee layout limpo e equilibrado tornam a melhor escolha para blogueiros. O Kit inclui muitos modelos que s\u00e3o f\u00e1ceis de editar O kit inclui: Home 1 Modelo Home 2 Modelo Home 3 Modelo Modelo de Cabe\u00e7alho Modelo de rodap\u00e9 [&hellip;]<\/p>","protected":false},"featured_media":488,"comment_status":"closed","ping_status":"open","template":"","meta":{"_jf_limit_responses":"","iawp_total_views":30},"product_brand":[],"product_cat":[33,23,24],"product_tag":[19],"class_list":{"0":"post-487","1":"product","2":"type-product","3":"status-publish","4":"has-post-thumbnail","6":"product_cat-entretenimento-e-midia","7":"product_cat-templates-elementor-e-envato","8":"product_cat-templates-envato","9":"product_tag-vitalicio","11":"first","12":"instock","13":"downloadable","14":"virtual","15":"purchasable","16":"product-type-simple"},"_links":{"self":[{"href":"https:\/\/packdesites.com\/en\/wp-json\/wp\/v2\/product\/487","targetHints":{"allow":["GET"]}}],"collection":[{"href":"https:\/\/packdesites.com\/en\/wp-json\/wp\/v2\/product"}],"about":[{"href":"https:\/\/packdesites.com\/en\/wp-json\/wp\/v2\/types\/product"}],"replies":[{"embeddable":true,"href":"https:\/\/packdesites.com\/en\/wp-json\/wp\/v2\/comments?post=487"}],"version-history":[{"count":0,"href":"https:\/\/packdesites.com\/en\/wp-json\/wp\/v2\/product\/487\/revisions"}],"wp:featuredmedia":[{"embeddable":true,"href":"https:\/\/packdesites.com\/en\/wp-json\/wp\/v2\/media\/488"}],"wp:attachment":[{"href":"https:\/\/packdesites.com\/en\/wp-json\/wp\/v2\/media?parent=487"}],"wp:term":[{"taxonomy":"product_brand","embeddable":true,"href":"https:\/\/packdesites.com\/en\/wp-json\/wp\/v2\/product_brand?post=487"},{"taxonomy":"product_cat","embeddable":true,"href":"https:\/\/packdesites.com\/en\/wp-json\/wp\/v2\/product_cat?post=487"},{"taxonomy":"product_tag","embeddable":true,"href":"https:\/\/packdesites.com\/en\/wp-json\/wp\/v2\/product_tag?post=487"}],"curies":[{"name":"wp","href":"https:\/\/api.w.org\/{rel}","templated":true}]}}