{"id":485,"date":"2022-07-18T03:00:00","date_gmt":"2022-07-18T03:00:00","guid":{"rendered":"https:\/\/packdesites.com\/produto\/atoms-site-para-revista-e-blog-de-noticias\/"},"modified":"2025-04-03T00:27:19","modified_gmt":"2025-04-03T00:27:19","slug":"atoms-website-for-magazine-and-news-blog","status":"publish","type":"product","link":"https:\/\/packdesites.com\/en\/product\/atoms-website-for-magazine-and-news-blog\/","title":{"rendered":"Atoms \u2013 Website for Magazine and News Blog"},"content":{"rendered":"<p>Atoms is a Blog\/Magazine Elementor Template Kit that perfectly fits any blogger\u2019s needs. Atoms\u2019 clean and balanced layout makes it the best choice for bloggers. The kit includes many templates that are easy to edit.<\/p>\n\n\n\n<p>This kit is optimized for use with the free Hello Elementor theme, but can be used with most Elementor-compatible themes.<\/p>\n\n\n\n<p><strong>Features<\/strong><\/p>\n\n\n\n<ul class=\"wp-block-list\"><li>True code-free customization with visual drag-and-drop builder<\/li><li>Customize fonts and colors in one place or adjust individual elements<\/li><li>Modern and professional design<\/li><li>Fast charging<\/li><li>Works with most Elementor themes.<\/li><\/ul>\n\n\n\n<p><strong>The kit includes:<\/strong><\/p>\n\n\n\n<ul class=\"wp-block-list\"><li>Home 1<\/li><li>Home 2<\/li><li>Home 3<\/li><li>Header template<\/li><li>Footer template<\/li><li>Contact Page Template<\/li><li>File Author Template<\/li><li>File Category Template<\/li><li>File Search Template<\/li><li>404 Page Template<\/li><li>Off-canvas menu template<\/li><li>Single Page Template Post 1<\/li><li>Single Page Template Post 2<\/li><\/ul>","protected":false},"excerpt":{"rendered":"<p>Atoms \u00e9 o Template Kit Elementor de Blog\/Revista, que se encaixa perfeitamente para qualquer necessidade de blogueiro. O layout limpo e equilibrado dos \u00e1tomos faz com que seja a melhor escolha para blogueiros. O kit inclui muitos modelos que s\u00e3o f\u00e1ceis de editar. Este kit foi otimizado para uso com o tema gratuito Hello Elementor, [&hellip;]<\/p>","protected":false},"featured_media":486,"comment_status":"closed","ping_status":"open","template":"","meta":{"_jf_limit_responses":"","iawp_total_views":37},"product_brand":[],"product_cat":[33,23,24],"product_tag":[19],"class_list":{"0":"post-485","1":"product","2":"type-product","3":"status-publish","4":"has-post-thumbnail","6":"product_cat-entretenimento-e-midia","7":"product_cat-templates-elementor-e-envato","8":"product_cat-templates-envato","9":"product_tag-vitalicio","11":"first","12":"instock","13":"downloadable","14":"virtual","15":"purchasable","16":"product-type-simple"},"_links":{"self":[{"href":"https:\/\/packdesites.com\/en\/wp-json\/wp\/v2\/product\/485","targetHints":{"allow":["GET"]}}],"collection":[{"href":"https:\/\/packdesites.com\/en\/wp-json\/wp\/v2\/product"}],"about":[{"href":"https:\/\/packdesites.com\/en\/wp-json\/wp\/v2\/types\/product"}],"replies":[{"embeddable":true,"href":"https:\/\/packdesites.com\/en\/wp-json\/wp\/v2\/comments?post=485"}],"version-history":[{"count":0,"href":"https:\/\/packdesites.com\/en\/wp-json\/wp\/v2\/product\/485\/revisions"}],"wp:featuredmedia":[{"embeddable":true,"href":"https:\/\/packdesites.com\/en\/wp-json\/wp\/v2\/media\/486"}],"wp:attachment":[{"href":"https:\/\/packdesites.com\/en\/wp-json\/wp\/v2\/media?parent=485"}],"wp:term":[{"taxonomy":"product_brand","embeddable":true,"href":"https:\/\/packdesites.com\/en\/wp-json\/wp\/v2\/product_brand?post=485"},{"taxonomy":"product_cat","embeddable":true,"href":"https:\/\/packdesites.com\/en\/wp-json\/wp\/v2\/product_cat?post=485"},{"taxonomy":"product_tag","embeddable":true,"href":"https:\/\/packdesites.com\/en\/wp-json\/wp\/v2\/product_tag?post=485"}],"curies":[{"name":"wp","href":"https:\/\/api.w.org\/{rel}","templated":true}]}}