{"id":461,"date":"2024-05-24T03:00:00","date_gmt":"2024-05-24T03:00:00","guid":{"rendered":"https:\/\/packdesites.com\/produto\/rolso-site-para-empresa-de-logistica\/"},"modified":"2025-04-03T00:26:32","modified_gmt":"2025-04-03T00:26:32","slug":"website-for-logistics-company","status":"publish","type":"product","link":"https:\/\/packdesites.com\/en\/product\/website-for-logistics-company\/","title":{"rendered":"Rolso \u2014 Website for logistics company"},"content":{"rendered":"<p><strong>Roll<\/strong>&nbsp;\u2013 is a clean and modern cargo, transportation and logistics WordPress template. Built exclusively for transportation, logistics, delivery, moving and cargo websites. Rolso is packed with powerful and intuitive features, providing endless possibilities. The template comes with a whole suite of beautifully designed layout components that allow you to build a perfect logistics website.<\/p>\n\n\n\n<p>Rolso was carefully crafted by an experienced designer with great attention to detail, flexibility and performance, specifically developing unique WordPress-based websites. This template was created using Elementor and Elementor Pro and can be easily edited in Elementor and is compatible with most themes.<\/p>\n\n\n\n<p>Template import of some elements and features requires Elementor Pro upgrade.<\/p>\n\n\n\n<p>The Elementor Template you are now looking at was carefully created by an experienced designer with great attention to detail, flexibility and performance specifically for developing unique websites based on WordPress and Elementor.<\/p>\n\n\n\n<p><strong>Pages and Layouts<\/strong><\/p>\n\n\n\n<ul class=\"wp-block-list\"><li>Home1<\/li><li>Home 2<\/li><li>Home 3<\/li><li>Projects<\/li><li>Prices<\/li><li>Frequently Asked Questions<\/li><li>Contacts<\/li><li>Quote<\/li><li>Service Details<\/li><li>Blog<\/li><li>Services<\/li><li>Single Post<\/li><li>Storage<\/li><li>Who we are<\/li><li>Calculator<\/li><li>404 Page<\/li><\/ul>\n\n\n\n<p><strong>Sections<\/strong><\/p>\n\n\n\n<ul class=\"wp-block-list\"><li>Global Styles<\/li><li>Header<\/li><li>Baseboard<\/li><li>About Section V1<\/li><li>About Section V2<\/li><li>About Section V3<\/li><li>About Section V4<\/li><li>Breadcrumbs Section<\/li><li>Contacts V1 Section<\/li><li>Contacts V2 Section<\/li><li>Section V1 Cooperation<\/li><li>Section V2 of Cooperation<\/li><li>Resources Section<\/li><li>Footer Section V2<\/li><li>Footer Section V3<\/li><li>Gallery section<\/li><li>Gallery V2 Section<\/li><li>V2 Header Section<\/li><li>Header V3 Section<\/li><li>Hero Section V1<\/li><li>Hero Section V2<\/li><li>Hero V3 Section<\/li><li>Logo grid section<\/li><li>Pries Section V1<\/li><li>Progress bars section<\/li><li>Projects V1 Section<\/li><li>Quotation form section<\/li><li>Section V1 Services<\/li><li>Services Section V2<\/li><li>Sign up for Form V1 Section<\/li><li>Testimonials Section<\/li><\/ul>","protected":false},"excerpt":{"rendered":"<p>Rolso&nbsp;&#8211; \u00e9 um modelo de carga, transporte e log\u00edstica limpo e moderno para wordpress. Constru\u00eddo exclusivamente para sites de transporte, log\u00edstica, entrega, movimenta\u00e7\u00e3o e carga. O Rolso est\u00e1 repleto de recursos poderosos e intuitivos, proporcionando infinitas possibilidades. O modelo vem com uma su\u00edte inteira de componentes de layout lindamente projetados que permitem construir um site [&hellip;]<\/p>","protected":false},"featured_media":462,"comment_status":"closed","ping_status":"open","template":"","meta":{"_jf_limit_responses":"","iawp_total_views":85},"product_brand":[],"product_cat":[27,23,24,31],"product_tag":[19],"class_list":{"0":"post-461","1":"product","2":"type-product","3":"status-publish","4":"has-post-thumbnail","6":"product_cat-prestadores-de-servicos","7":"product_cat-templates-elementor-e-envato","8":"product_cat-templates-envato","9":"product_cat-veiculos","10":"product_tag-vitalicio","12":"first","13":"instock","14":"downloadable","15":"virtual","16":"purchasable","17":"product-type-simple"},"_links":{"self":[{"href":"https:\/\/packdesites.com\/en\/wp-json\/wp\/v2\/product\/461","targetHints":{"allow":["GET"]}}],"collection":[{"href":"https:\/\/packdesites.com\/en\/wp-json\/wp\/v2\/product"}],"about":[{"href":"https:\/\/packdesites.com\/en\/wp-json\/wp\/v2\/types\/product"}],"replies":[{"embeddable":true,"href":"https:\/\/packdesites.com\/en\/wp-json\/wp\/v2\/comments?post=461"}],"version-history":[{"count":0,"href":"https:\/\/packdesites.com\/en\/wp-json\/wp\/v2\/product\/461\/revisions"}],"wp:featuredmedia":[{"embeddable":true,"href":"https:\/\/packdesites.com\/en\/wp-json\/wp\/v2\/media\/462"}],"wp:attachment":[{"href":"https:\/\/packdesites.com\/en\/wp-json\/wp\/v2\/media?parent=461"}],"wp:term":[{"taxonomy":"product_brand","embeddable":true,"href":"https:\/\/packdesites.com\/en\/wp-json\/wp\/v2\/product_brand?post=461"},{"taxonomy":"product_cat","embeddable":true,"href":"https:\/\/packdesites.com\/en\/wp-json\/wp\/v2\/product_cat?post=461"},{"taxonomy":"product_tag","embeddable":true,"href":"https:\/\/packdesites.com\/en\/wp-json\/wp\/v2\/product_tag?post=461"}],"curies":[{"name":"wp","href":"https:\/\/api.w.org\/{rel}","templated":true}]}}