{"id":451,"date":"2022-07-18T03:00:00","date_gmt":"2022-07-18T03:00:00","guid":{"rendered":"https:\/\/packdesites.com\/produto\/logistix-site-para-transportadora\/"},"modified":"2025-04-03T00:26:21","modified_gmt":"2025-04-03T00:26:21","slug":"logistix-website-for-carriers","status":"publish","type":"product","link":"https:\/\/packdesites.com\/en\/product\/logistix-website-for-carriers\/","title":{"rendered":"Logistix \u2013 Website for transport companies"},"content":{"rendered":"<p>Logistix is an Elementor website template kit designed and developed specifically for transportation, courier, and logistics companies, as well as other delivery-related services. When you purchase Logistix, you&#039;ll receive 16 pre-designed page and section templates. The Logistix Elementor template kit is optimized for use with the free Hello Elementor theme, but can be used with most themes that support Elementor.<\/p>\n\n\n\n<p>This kit requires the Elementor Pro upgrade for some templates and features (not included).<\/p>\n\n\n\n<p>Every page and section in the Logistix Elementor template kit is professionally designed. We love all the Logistix templates as much as I&#039;m sure you do too.<\/p>\n\n\n\n<p><strong><em>List of models<\/em><\/strong><\/p>\n\n\n\n<ul class=\"wp-block-list\"><li>Global Kit Styles<\/li><li>Global Header<\/li><li>Global Footer<\/li><li>Home page<\/li><li>On<\/li><li>Pricing<\/li><li>Services<\/li><li>Service detail<\/li><li>Team<\/li><li>Testimonials<\/li><li>FREQUENTLY ASKED QUESTIONS<\/li><li>Blog Archive<\/li><li>Single Post<\/li><li>Contact<\/li><li>Shortly<\/li><li>404 Page<\/li><li>Popup banner<\/li><\/ul>","protected":false},"excerpt":{"rendered":"<p>Logistix \u00e9 um kit de modelo de site elementor projetado e desenvolvido especificamente para empresa de transporte, correio e log\u00edstica e outros servi\u00e7os relacionados \u00e0 entrega. Ao comprar Logistix, voc\u00ea receber\u00e1 16 modelos de p\u00e1gina e se\u00e7\u00e3o pr\u00e9-definidos. O kit de modelos Logistix Elementor foi otimizado para uso com o tema gratuito Hello Elementor, mas [&hellip;]<\/p>","protected":false},"featured_media":452,"comment_status":"closed","ping_status":"open","template":"","meta":{"_jf_limit_responses":"","iawp_total_views":48},"product_brand":[],"product_cat":[27,23,24,31],"product_tag":[19],"class_list":{"0":"post-451","1":"product","2":"type-product","3":"status-publish","4":"has-post-thumbnail","6":"product_cat-prestadores-de-servicos","7":"product_cat-templates-elementor-e-envato","8":"product_cat-templates-envato","9":"product_cat-veiculos","10":"product_tag-vitalicio","12":"first","13":"instock","14":"downloadable","15":"virtual","16":"purchasable","17":"product-type-simple"},"_links":{"self":[{"href":"https:\/\/packdesites.com\/en\/wp-json\/wp\/v2\/product\/451","targetHints":{"allow":["GET"]}}],"collection":[{"href":"https:\/\/packdesites.com\/en\/wp-json\/wp\/v2\/product"}],"about":[{"href":"https:\/\/packdesites.com\/en\/wp-json\/wp\/v2\/types\/product"}],"replies":[{"embeddable":true,"href":"https:\/\/packdesites.com\/en\/wp-json\/wp\/v2\/comments?post=451"}],"version-history":[{"count":0,"href":"https:\/\/packdesites.com\/en\/wp-json\/wp\/v2\/product\/451\/revisions"}],"wp:featuredmedia":[{"embeddable":true,"href":"https:\/\/packdesites.com\/en\/wp-json\/wp\/v2\/media\/452"}],"wp:attachment":[{"href":"https:\/\/packdesites.com\/en\/wp-json\/wp\/v2\/media?parent=451"}],"wp:term":[{"taxonomy":"product_brand","embeddable":true,"href":"https:\/\/packdesites.com\/en\/wp-json\/wp\/v2\/product_brand?post=451"},{"taxonomy":"product_cat","embeddable":true,"href":"https:\/\/packdesites.com\/en\/wp-json\/wp\/v2\/product_cat?post=451"},{"taxonomy":"product_tag","embeddable":true,"href":"https:\/\/packdesites.com\/en\/wp-json\/wp\/v2\/product_tag?post=451"}],"curies":[{"name":"wp","href":"https:\/\/api.w.org\/{rel}","templated":true}]}}