{"id":371,"date":"2022-11-10T03:00:00","date_gmt":"2022-11-10T03:00:00","guid":{"rendered":"https:\/\/packdesites.com\/produto\/fashion-instincts-moda-feminina\/"},"modified":"2025-04-03T00:24:12","modified_gmt":"2025-04-03T00:24:12","slug":"fashion-instincts-womens-fashion","status":"publish","type":"product","link":"https:\/\/packdesites.com\/en\/product\/fashion-instincts-womens-fashion\/","title":{"rendered":"Fashion Instincts \u2013 Women\u2019s Fashion Store and Website"},"content":{"rendered":"<p>Fashion Instincts Template Kits is for businesses and entrepreneurs looking for a beautiful feminine layout that supports WooCommerce online store. Ideal for boutiques, fashion shows, spas, beauty salons, yoga classes, organic food store or whatever you want! It features beautiful typography and a modern, clean layout.<\/p>\n\n\n\n<p><strong>Models<\/strong><\/p>\n\n\n\n<ul class=\"wp-block-list\"><li>Home<\/li><li> About us <\/li><li>Services <\/li><li>History <\/li><li>Team<\/li><li>Blog <\/li><li>Lookbook<\/li><li> Store <\/li><li>FAQ <\/li><li>Contact <\/li><li>Header section<\/li><li>Footer Section<\/li><\/ul>\n\n\n\n<p><strong>Features<\/strong><\/p>\n\n\n\n<ul class=\"wp-block-list\"><li>10 Pages + Header &amp; Footer included<\/li><li>Clean and modern design<\/li><li>Shop Page Included (WooCommerce Compatible)<\/li><li>Fully customizable<\/li><\/ul>\n\n\n\n<p><strong>Mandatory Plugins (Installed Automatically)<\/strong><\/p>\n\n\n\n<ul class=\"wp-block-list\"><li>Elementor<\/li><li>Essential Addons for Elementor<\/li><li>Contact Form 7<\/li><li>WooCommer<\/li><li>Elementor \u2013 Header, Footer and Blocks<\/li><\/ul>","protected":false},"excerpt":{"rendered":"<p>Moda Instintos Template Kits \u00e9 para empresas e empres\u00e1rios que procuram um layout feminino bonito que suporta WooCommerce loja online. Ideal para boutiques, desfiles de moda, spas, sal\u00f5es de beleza, aulas de ioga, loja de alimentos org\u00e2nicos ou o que quiser! Possui tipografia bonita e um layout moderno e limpo. Modelos Home Sobre n\u00f3s Servi\u00e7os [&hellip;]<\/p>","protected":false},"featured_media":372,"comment_status":"closed","ping_status":"open","template":"","meta":{"_jf_limit_responses":"","iawp_total_views":35},"product_brand":[],"product_cat":[26,23,24],"product_tag":[19],"class_list":{"0":"post-371","1":"product","2":"type-product","3":"status-publish","4":"has-post-thumbnail","6":"product_cat-lojas-virtuais","7":"product_cat-templates-elementor-e-envato","8":"product_cat-templates-envato","9":"product_tag-vitalicio","11":"first","12":"instock","13":"downloadable","14":"virtual","15":"purchasable","16":"product-type-simple"},"_links":{"self":[{"href":"https:\/\/packdesites.com\/en\/wp-json\/wp\/v2\/product\/371","targetHints":{"allow":["GET"]}}],"collection":[{"href":"https:\/\/packdesites.com\/en\/wp-json\/wp\/v2\/product"}],"about":[{"href":"https:\/\/packdesites.com\/en\/wp-json\/wp\/v2\/types\/product"}],"replies":[{"embeddable":true,"href":"https:\/\/packdesites.com\/en\/wp-json\/wp\/v2\/comments?post=371"}],"version-history":[{"count":0,"href":"https:\/\/packdesites.com\/en\/wp-json\/wp\/v2\/product\/371\/revisions"}],"wp:featuredmedia":[{"embeddable":true,"href":"https:\/\/packdesites.com\/en\/wp-json\/wp\/v2\/media\/372"}],"wp:attachment":[{"href":"https:\/\/packdesites.com\/en\/wp-json\/wp\/v2\/media?parent=371"}],"wp:term":[{"taxonomy":"product_brand","embeddable":true,"href":"https:\/\/packdesites.com\/en\/wp-json\/wp\/v2\/product_brand?post=371"},{"taxonomy":"product_cat","embeddable":true,"href":"https:\/\/packdesites.com\/en\/wp-json\/wp\/v2\/product_cat?post=371"},{"taxonomy":"product_tag","embeddable":true,"href":"https:\/\/packdesites.com\/en\/wp-json\/wp\/v2\/product_tag?post=371"}],"curies":[{"name":"wp","href":"https:\/\/api.w.org\/{rel}","templated":true}]}}