{"id":335,"date":"2022-08-01T03:00:00","date_gmt":"2022-08-01T03:00:00","guid":{"rendered":"https:\/\/packdesites.com\/produto\/ewa-salao-de-beleza-spa\/"},"modified":"2025-04-03T00:23:13","modified_gmt":"2025-04-03T00:23:13","slug":"ewa-beauty-salon-spa","status":"publish","type":"product","link":"https:\/\/packdesites.com\/en\/product\/ewa-beauty-salon-spa\/","title":{"rendered":"Ewa \u2013 Beauty Salon &amp; Spa"},"content":{"rendered":"<p>Ewa \u2013 is a powerful and responsive elementor template kit for beauty &amp; spa salon. With the help of this template kit (around 26 sections) you can create websites for Beauty, Spa, Salons, Yoga, Barber Shop, Care, Hair, Health, Massage, Physiotherapy, Wellness Center, Makeup, Therapy, Cosmetics, Treatment and personal website.<\/p>\n\n\n\n<p><strong>Models:<\/strong><\/p>\n\n\n\n<ul class=\"wp-block-list\"><li>Home<\/li><li>On<\/li><li>Services<\/li><li>Gallery<\/li><li>Team<\/li><li>Prices<\/li><li>Packages<\/li><li>FAQ<\/li><li>404<\/li><li>Contact<\/li><li>Header section<\/li><li>Footer Section<\/li><li>Image Section of<\/li><li>Services Section<\/li><li>About the Section<\/li><li>Fun Facts<\/li><li>Section Title<\/li><li>Popular Services Section<\/li><li>Testimonials Section<\/li><li>Featured Services Section<\/li><li>Pricing section<\/li><li>Pricing Section 2<\/li><li>Packages Section<\/li><li>Team Section<\/li><li>Gallery Section<\/li><li>Newsletter Section<\/li><li>Featured Section<\/li><\/ul>\n\n\n\n<p><strong>Features:<\/strong><\/p>\n\n\n\n<ul class=\"wp-block-list\"><li>Premium Quality<\/li><li>Low cost<\/li><li>10 Pre-made Demos<\/li><li>Clean and modern design<\/li><li>Fully customizable<\/li><\/ul>\n\n\n\n<p><strong>required plugins installed with kit:<\/strong><\/p>\n\n\n\n<ul class=\"wp-block-list\"><li>ElementsKit Lite<\/li><li>Contact Form<\/li><li>Image Hover Effects \u2013 Elementor Addon<\/li><\/ul>","protected":false},"excerpt":{"rendered":"<p>Ewa &#8211; \u00e9 um poderoso e responsivo template kit elementor para beleza &amp; spa sal\u00e3o. Com a ajuda deste template kit (em torno de 26 se\u00e7\u00f5es) voc\u00ea pode criar sites para Beleza, Spa, Sal\u00f5es, Yoga, Barbearia, Cuidados, Cabelo, Sa\u00fade, Massagem, Fisioterapia, Centro de Bem-Estar, Maquiagem, Terapia, Cosm\u00e9ticos, Tratamento e site pessoal. Modelos: Home Sobre Servi\u00e7os [&hellip;]<\/p>","protected":false},"featured_media":336,"comment_status":"closed","ping_status":"open","template":"","meta":{"_jf_limit_responses":"","iawp_total_views":32},"product_brand":[],"product_cat":[27,29,23,24],"product_tag":[19],"class_list":{"0":"post-335","1":"product","2":"type-product","3":"status-publish","4":"has-post-thumbnail","6":"product_cat-prestadores-de-servicos","7":"product_cat-saude-e-bem-estar","8":"product_cat-templates-elementor-e-envato","9":"product_cat-templates-envato","10":"product_tag-vitalicio","12":"first","13":"instock","14":"downloadable","15":"virtual","16":"purchasable","17":"product-type-simple"},"_links":{"self":[{"href":"https:\/\/packdesites.com\/en\/wp-json\/wp\/v2\/product\/335","targetHints":{"allow":["GET"]}}],"collection":[{"href":"https:\/\/packdesites.com\/en\/wp-json\/wp\/v2\/product"}],"about":[{"href":"https:\/\/packdesites.com\/en\/wp-json\/wp\/v2\/types\/product"}],"replies":[{"embeddable":true,"href":"https:\/\/packdesites.com\/en\/wp-json\/wp\/v2\/comments?post=335"}],"version-history":[{"count":0,"href":"https:\/\/packdesites.com\/en\/wp-json\/wp\/v2\/product\/335\/revisions"}],"wp:featuredmedia":[{"embeddable":true,"href":"https:\/\/packdesites.com\/en\/wp-json\/wp\/v2\/media\/336"}],"wp:attachment":[{"href":"https:\/\/packdesites.com\/en\/wp-json\/wp\/v2\/media?parent=335"}],"wp:term":[{"taxonomy":"product_brand","embeddable":true,"href":"https:\/\/packdesites.com\/en\/wp-json\/wp\/v2\/product_brand?post=335"},{"taxonomy":"product_cat","embeddable":true,"href":"https:\/\/packdesites.com\/en\/wp-json\/wp\/v2\/product_cat?post=335"},{"taxonomy":"product_tag","embeddable":true,"href":"https:\/\/packdesites.com\/en\/wp-json\/wp\/v2\/product_tag?post=335"}],"curies":[{"name":"wp","href":"https:\/\/api.w.org\/{rel}","templated":true}]}}