{"id":327,"date":"2022-08-01T03:00:00","date_gmt":"2022-08-01T03:00:00","guid":{"rendered":"https:\/\/packdesites.com\/produto\/elixir-site-de-perfumaria\/"},"modified":"2025-04-03T00:23:00","modified_gmt":"2025-04-03T00:23:00","slug":"elixir-perfumery-website","status":"publish","type":"product","link":"https:\/\/packdesites.com\/en\/product\/elixir-perfumery-website\/","title":{"rendered":"Elixir \u2013 Perfumery Website"},"content":{"rendered":"<p>Elixir is an Elementor template kit for a perfume manufacturer&#039;s business website. It features over 12 pre-built templates with a simple, elegant, and modern design and a professional layout style. You can easily create a website for your perfume company. Simply drag and drop, no coding required.<\/p>\n\n\n\n<p><strong>Layout features:<\/strong><\/p>\n\n\n\n<ul class=\"wp-block-list\"><li>Modern and professional design<\/li><li>Built with Elementor Pro<\/li><li>100% Responsive and Mobile Friendly<\/li><li>12+ pre-built templates<\/li><li>Easy to customize<\/li><li>Template Kit built with Hello Elementor Theme<\/li><\/ul>\n\n\n\n<p><strong>What&#039;s included <\/strong><\/p>\n\n\n\n<ul class=\"wp-block-list\"><li>Homepage<\/li><li>About us<\/li><li>Collections<\/li><li>Contact<\/li><li>File<\/li><li>Error 404<\/li><li>Slide Menu<\/li><li>Single post<\/li><li>FAQ<\/li><li>News<\/li><li>Official Store<\/li><li>Perfumer<\/li><li>Unique product<\/li><li>Elementor Pro upgrade required for some templates and features (not included)<\/li><\/ul>","protected":false},"excerpt":{"rendered":"<p>Elixir \u00e9 um template kit elementor para o site de neg\u00f3cios fabricante de perfumes. Tem mais de 12 modelos pr\u00e9-constru\u00eddos com design simples, elegante e moderno e estilo de layout profissional. Voc\u00ea pode criar facilmente um site para a empresa que produz perfume. Basta arrastar e soltar, sem necessidade de codifica\u00e7\u00e3o. Recursos de layout: Design [&hellip;]<\/p>","protected":false},"featured_media":328,"comment_status":"closed","ping_status":"open","template":"","meta":{"_jf_limit_responses":"","iawp_total_views":19},"product_brand":[],"product_cat":[26,23,24],"product_tag":[19],"class_list":{"0":"post-327","1":"product","2":"type-product","3":"status-publish","4":"has-post-thumbnail","6":"product_cat-lojas-virtuais","7":"product_cat-templates-elementor-e-envato","8":"product_cat-templates-envato","9":"product_tag-vitalicio","11":"first","12":"instock","13":"downloadable","14":"virtual","15":"purchasable","16":"product-type-simple"},"_links":{"self":[{"href":"https:\/\/packdesites.com\/en\/wp-json\/wp\/v2\/product\/327","targetHints":{"allow":["GET"]}}],"collection":[{"href":"https:\/\/packdesites.com\/en\/wp-json\/wp\/v2\/product"}],"about":[{"href":"https:\/\/packdesites.com\/en\/wp-json\/wp\/v2\/types\/product"}],"replies":[{"embeddable":true,"href":"https:\/\/packdesites.com\/en\/wp-json\/wp\/v2\/comments?post=327"}],"version-history":[{"count":0,"href":"https:\/\/packdesites.com\/en\/wp-json\/wp\/v2\/product\/327\/revisions"}],"wp:featuredmedia":[{"embeddable":true,"href":"https:\/\/packdesites.com\/en\/wp-json\/wp\/v2\/media\/328"}],"wp:attachment":[{"href":"https:\/\/packdesites.com\/en\/wp-json\/wp\/v2\/media?parent=327"}],"wp:term":[{"taxonomy":"product_brand","embeddable":true,"href":"https:\/\/packdesites.com\/en\/wp-json\/wp\/v2\/product_brand?post=327"},{"taxonomy":"product_cat","embeddable":true,"href":"https:\/\/packdesites.com\/en\/wp-json\/wp\/v2\/product_cat?post=327"},{"taxonomy":"product_tag","embeddable":true,"href":"https:\/\/packdesites.com\/en\/wp-json\/wp\/v2\/product_tag?post=327"}],"curies":[{"name":"wp","href":"https:\/\/api.w.org\/{rel}","templated":true}]}}