{"id":305,"date":"2022-11-10T03:00:00","date_gmt":"2022-11-10T03:00:00","guid":{"rendered":"https:\/\/packdesites.com\/produto\/ayoo-servicos-de-salao-de-beleza\/"},"modified":"2025-04-03T00:22:36","modified_gmt":"2025-04-03T00:22:36","slug":"ayoo-beauty-salon-services","status":"publish","type":"product","link":"https:\/\/packdesites.com\/en\/product\/ayoo-beauty-salon-services\/","title":{"rendered":"Ayoo \u2013 Beauty Salon Services"},"content":{"rendered":"<p>Ayoo \u2013 Beauty Salon Services Elementor Template Kit is a collection of layouts for the WordPress Elementor page builder plugin, designed for use with Elementor Pro version for a clean design. It works with most themes and is optimized for use with the free Hello Elementor theme.<\/p>\n\n\n\n<p><strong>You need Elementor PRO version to be able to use Ayoo \u2013 Beauty Salon Services Elementor Template Kit.<\/strong><\/p>\n\n\n\n<p><strong>16 Pages Templates Included:<\/strong><\/p>\n\n\n\n<ul class=\"wp-block-list\"><li>Home<\/li><li>About us<\/li><li>Our Service<\/li><li>Package Page<\/li><li>Single Package<\/li><li>Product Page<\/li><li>Archiving product<\/li><li>Product search result<\/li><li>Unique product<\/li><li>Our team<\/li><li>Contact Us<\/li><li>Blog Page<\/li><li>Single Post<\/li><li>File Publish<\/li><li>FAQ<\/li><li>Page 404<\/li><\/ul>\n\n\n\n<p><strong>Required Plugins<\/strong><\/p>\n\n\n\n<ul class=\"wp-block-list\"><li>Elementor (installed with kit)<\/li><li>Elementskit Lite (installed with kit)<\/li><li>Elementor PRO (Requires purchase)<\/li><li>WooCommerce (optional for store functionality)<\/li><\/ul>","protected":false},"excerpt":{"rendered":"<p>Ayoo &#8211; Servi\u00e7os de sal\u00e3o de beleza Elementor Template Kit \u00e9 uma cole\u00e7\u00e3o de layouts para o plugin WordPress construtor de p\u00e1gina Elementor, projetado para uso com Elementor Pro Vers\u00e3o para um design limpo. Ele funciona com a maioria dos temas e \u00e9 otimizado para uso com o tema Hello Elementor gratuito. Voc\u00ea precisa Elementor [&hellip;]<\/p>","protected":false},"featured_media":306,"comment_status":"closed","ping_status":"open","template":"","meta":{"_jf_limit_responses":"","iawp_total_views":24},"product_brand":[],"product_cat":[26,27,23,24],"product_tag":[19],"class_list":{"0":"post-305","1":"product","2":"type-product","3":"status-publish","4":"has-post-thumbnail","6":"product_cat-lojas-virtuais","7":"product_cat-prestadores-de-servicos","8":"product_cat-templates-elementor-e-envato","9":"product_cat-templates-envato","10":"product_tag-vitalicio","12":"first","13":"instock","14":"downloadable","15":"virtual","16":"purchasable","17":"product-type-simple"},"_links":{"self":[{"href":"https:\/\/packdesites.com\/en\/wp-json\/wp\/v2\/product\/305","targetHints":{"allow":["GET"]}}],"collection":[{"href":"https:\/\/packdesites.com\/en\/wp-json\/wp\/v2\/product"}],"about":[{"href":"https:\/\/packdesites.com\/en\/wp-json\/wp\/v2\/types\/product"}],"replies":[{"embeddable":true,"href":"https:\/\/packdesites.com\/en\/wp-json\/wp\/v2\/comments?post=305"}],"version-history":[{"count":0,"href":"https:\/\/packdesites.com\/en\/wp-json\/wp\/v2\/product\/305\/revisions"}],"wp:featuredmedia":[{"embeddable":true,"href":"https:\/\/packdesites.com\/en\/wp-json\/wp\/v2\/media\/306"}],"wp:attachment":[{"href":"https:\/\/packdesites.com\/en\/wp-json\/wp\/v2\/media?parent=305"}],"wp:term":[{"taxonomy":"product_brand","embeddable":true,"href":"https:\/\/packdesites.com\/en\/wp-json\/wp\/v2\/product_brand?post=305"},{"taxonomy":"product_cat","embeddable":true,"href":"https:\/\/packdesites.com\/en\/wp-json\/wp\/v2\/product_cat?post=305"},{"taxonomy":"product_tag","embeddable":true,"href":"https:\/\/packdesites.com\/en\/wp-json\/wp\/v2\/product_tag?post=305"}],"curies":[{"name":"wp","href":"https:\/\/api.w.org\/{rel}","templated":true}]}}