{"id":24489,"date":"2026-01-12T17:49:43","date_gmt":"2026-01-12T20:49:43","guid":{"rendered":"https:\/\/packdesites.com\/?post_type=product&#038;p=24489"},"modified":"2026-01-12T17:50:13","modified_gmt":"2026-01-12T20:50:13","slug":"download-subscription-plugin","status":"publish","type":"product","link":"https:\/\/packdesites.com\/en\/product\/download-subscription-plugin\/","title":{"rendered":"Download Subscriptions Plugin \u2013 v2.27.0"},"content":{"rendered":"<p><strong>What the plugin does<\/strong><\/p>\n\n\n\n<p>Create membership plans to allow access to products, pages, articles, and restricted areas of your website for users who register as members.<\/p>\n\n\n\n<p><strong>How you can benefit from it:<\/strong><\/p>\n\n\n\n<ul class=\"wp-block-list\">\n<li>Selling video courses, classes, consulting services, and making content available only to users who have paid for it;<\/li>\n\n\n\n<li>Create specific areas on your websites, restricting access to members only;<\/li>\n\n\n\n<li>Create an online magazine with posts visible only to users who have purchased access to it;<\/li>\n\n\n\n<li>Create a private store where only registered users can view the products;<\/li>\n\n\n\n<li>Offer products that can be purchased and downloaded using a credit system (for background images, resources, etc.);<\/li>\n\n\n\n<li>Offer digital resources that can be downloaded for free only by members.<\/li>\n<\/ul>\n\n\n\n<figure class=\"wp-block-image\"><img decoding=\"async\" src=\"https:\/\/yithemes.com\/wp-content\/uploads\/2020\/10\/001-3.jpg\" alt=\"\" title=\"\"><\/figure>\n\n\n\n<h3 class=\"wp-block-heading\">A powerful tool for creating restricted areas or providing access to products, pages, articles, and content only to members.<\/h3>\n\n\n\n<p>Selling products with dedicated access is a great opportunity to increase your profits: large companies like Udemy or Treehouse are living proof and achieve a huge sales volume with this business model every year. Their revenue is designed to grow considering the increasing number of people looking for their products.<\/p>\n\n\n\n<p>In a fully automated way, you could offer your users restricted and exclusive access to personalized information, such as courses, videos, products, articles, downloadable files, etc.<\/p>\n\n\n\n<p>Manage courses, services, valuable membership plans with private access, send messages to your clients, schedule the publication of exclusive content for your clients: all these actions can be easily performed with a plugin designed and engineered to simplify the management of restricted-access products.<\/p>\n\n\n\n<p>The reserved area is easy to use, allows you to protect your content, and makes it accessible only to members or those who have paid for it.<\/p>\n\n\n\n<h2 class=\"wp-block-heading\">Create unlimited plans with different permission rules.<\/h2>\n\n\n\n<p>Create different plans (for example, Silver, Bronze, and Gold) and set permissions for your different users based on the plan they&#039;ve subscribed to. Products can only be downloaded by members of a specific plan, or members of another plan can only read blog posts but not watch videos: there are literally limitless combinations.<\/p>\n\n\n\n<figure class=\"wp-block-image\"><img decoding=\"async\" src=\"https:\/\/yithemes.com\/wp-content\/uploads\/2020\/10\/002-2.jpg\" alt=\"\" title=\"\"><\/figure>\n\n\n\n<figure class=\"wp-block-image\"><img decoding=\"async\" src=\"https:\/\/yithemes.com\/wp-content\/uploads\/2020\/10\/003-2.jpg\" alt=\"\" title=\"\"><\/figure>\n\n\n\n<h2 class=\"wp-block-heading\">Automatically assign users to a specific plan upon registration.<\/h2>\n\n\n\n<p>Create restricted access areas (posts, videos, exclusive content) available only to registered users and automatically mark them as &quot;members&quot; as soon as they register on your website.<\/p>\n\n\n\n<h2 class=\"wp-block-heading\">Make the store and products accessible only to members (like on Privalia).<\/h2>\n\n\n\n<p>Create a private store with exclusive offers for members, hide products from unregistered users or those without a specific membership plan.<\/p>\n\n\n\n<figure class=\"wp-block-image\"><img decoding=\"async\" src=\"https:\/\/yithemes.com\/wp-content\/uploads\/2020\/10\/004-2.jpg\" alt=\"\" title=\"\"><\/figure>\n\n\n\n<figure class=\"wp-block-image\"><img decoding=\"async\" src=\"https:\/\/yithemes.com\/wp-content\/uploads\/2020\/10\/005-2.jpg\" alt=\"\" title=\"\"><\/figure>\n\n\n\n<h2 class=\"wp-block-heading\">Hide pages and posts from non-members<\/h2>\n\n\n\n<p>Manage access to all sections of your website and choose what needs to be shown to members. You can create restricted pages, posts that only members can read, products that only users can view or download for free.<\/p>\n\n\n\n<h2 class=\"wp-block-heading\">Show limited content (for example, an article preview) and encourage users to register (and pay) to see the full content.<\/h2>\n\n\n\n<p>Create your business model inspired by online newspapers: publish posts and content whose introduction can be read by everyone, but only members will have access to the full content and bonuses (videos, podcasts, images, and so on).<\/p>\n\n\n\n<figure class=\"wp-block-image\"><img decoding=\"async\" src=\"https:\/\/yithemes.com\/wp-content\/uploads\/2020\/10\/006-2.jpg\" alt=\"\" title=\"\"><\/figure>\n\n\n\n<figure class=\"wp-block-image\"><img decoding=\"async\" src=\"https:\/\/yithemes.com\/wp-content\/uploads\/2020\/10\/017.jpg\" alt=\"\" title=\"\"><\/figure>\n\n\n\n<p>New<\/p>\n\n\n\n<h2 class=\"wp-block-heading\">Use the Gutenberg block to easily define where &quot;member-only&quot; content begins.<\/h2>\n\n\n\n<p>Define with one click where content visible to everyone ends and where content reserved for members begins, using the Gutenberg block \u201cMember-only content starts here\u201d when creating a post or page. A powerful, easy, and fast solution.<\/p>\n\n\n\n<h2 class=\"wp-block-heading\">Allow access to or download of files (PDFs, images, audio and video files, etc.) only for members.<\/h2>\n\n\n\n<p>Protect your files in the easiest way and allow only members to download digital products (such as e-books) or PDF files, ZIP files, JPG images, audio and video files, among others.<\/p>\n\n\n\n<figure class=\"wp-block-image\"><img decoding=\"async\" src=\"https:\/\/yithemes.com\/wp-content\/uploads\/2020\/10\/007-2.jpg\" alt=\"\" title=\"\"><\/figure>\n\n\n\n<figure class=\"wp-block-image\"><img decoding=\"async\" src=\"https:\/\/yithemes.com\/wp-content\/uploads\/2020\/10\/008-1.jpg\" alt=\"\" title=\"\"><\/figure>\n\n\n\n<h2 class=\"wp-block-heading\">Choose what your users will see when they try to access restricted content.<\/h2>\n\n\n\n<p>You can set up alternative content for each page, product, or post (thanks to Gutenberg&#039;s locks, you can add a banner or call to action to encourage your users to join and become members), redirect users to a specific URL, or alternatively, display a 404 error page for those trying to access restricted content.<\/p>\n\n\n\n<p>New<\/p>\n\n\n\n<h2 class=\"wp-block-heading\">Use the Alternative Content blocks to create advanced alternative content for non-members.<\/h2>\n\n\n\n<p>Use the new alternative content blocks to create advanced sections and pages with Gutenberg and display them to non-members. Thanks to the flexibility offered by Gutenberg, you can create banners, text, graphic sections, and call-to-action buttons to encourage your users to become members.<\/p>\n\n\n\n<figure class=\"wp-block-image\"><img decoding=\"async\" src=\"https:\/\/yithemes.com\/wp-content\/uploads\/2020\/11\/07.bis-YITH-Membership-WooCommerce.Gutenberg-blocks.jpg\" alt=\"\" title=\"\"><\/figure>\n\n\n\n<figure class=\"wp-block-image\"><img decoding=\"async\" src=\"https:\/\/yithemes.com\/wp-content\/uploads\/2020\/10\/009-1.jpg\" alt=\"\" title=\"\"><\/figure>\n\n\n\n<h2 class=\"wp-block-heading\">Offer free shipping to your store members.<\/h2>\n\n\n\n<p>Choose the \u201cFree shipping for members\u201d option to offer free shipping to your members on all orders they place through your store.<\/p>\n\n\n\n<p>New<\/p>\n\n\n\n<h2 class=\"wp-block-heading\">Offer dedicated discounts to your members on all products in your store.<\/h2>\n\n\n\n<p>Do you want to give your members a 10% discount on every product? When you create the membership plan they will join, you will find this option. You can also set different percentage discount rates for each membership plan (for example, 10% for Silver users, 20% for Gold users, and so on).<\/p>\n\n\n\n<figure class=\"wp-block-image\"><img decoding=\"async\" src=\"https:\/\/yithemes.com\/wp-content\/uploads\/2020\/10\/010-1.jpg\" alt=\"\" title=\"\"><\/figure>\n\n\n\n<figure class=\"wp-block-image\"><img decoding=\"async\" src=\"https:\/\/yithemes.com\/wp-content\/uploads\/2020\/10\/011.jpg\" alt=\"\" title=\"\"><\/figure>\n\n\n\n<h2 class=\"wp-block-heading\">Create a credit system to allow members to download items (such as stock images or digital resources).<\/h2>\n\n\n\n<p>Build a platform where you can sell digital products or resources using a credit system. Choose how many credits you want to allocate to new members (based on the membership plan they are joining) and how many credits will be required to download an item.&lt;br \/&gt; You can set a default value for the entire store or different values for specific products (for example, some products may require 5 credits, some other products cost 10 credits, etc.).<\/p>\n\n\n\n<figure class=\"wp-block-image\"><img decoding=\"async\" src=\"https:\/\/yithemes.com\/wp-content\/uploads\/2020\/10\/013.jpg\" alt=\"\" title=\"\"><\/figure>\n\n\n\n<h2 class=\"wp-block-heading\">Release the content gradually.<\/h2>\n\n\n\n<p>For each piece of content in the plan, you can choose when it will be made available to your users, allowing you to gradually and steadily delay its release (for example, the first video will be available immediately, the second after a week, etc.).<\/p>\n\n\n\n<h2 class=\"wp-block-heading\">Monitor subscriptions and downloads from the integrated dashboard.<\/h2>\n\n\n\n<p>From the plugin&#039;s integrated dashboard, you can easily monitor all created subscriptions and downloads of resources included in each plan.<\/p>\n\n\n\n<figure class=\"wp-block-image\"><img decoding=\"async\" src=\"https:\/\/yithemes.com\/wp-content\/uploads\/2020\/10\/014.jpg\" alt=\"\" title=\"\"><\/figure>\n\n\n\n<figure class=\"wp-block-image\"><img decoding=\"async\" src=\"https:\/\/yithemes.com\/wp-content\/uploads\/2020\/10\/015.jpg\" alt=\"\" title=\"\"><\/figure>\n\n\n\n<h2 class=\"wp-block-heading\">Offer your members a dedicated section in &quot;My Account&quot; showcasing all their memberships.<\/h2>\n\n\n\n<p>All users who have access to a specific membership plan will be able to see all the details in their reserved area in My Account, where they can also access reserved content and download the resources they have paid for.<\/p>\n\n\n\n<h2 class=\"wp-block-heading\">A wide variety of notifications for administrators and members.<\/h2>\n\n\n\n<p>Send a notification email to your users whenever a new membership is created, 10 days before it expires, when the membership expires, and when it is canceled.<\/p>\n\n\n\n<figure class=\"wp-block-image\"><img decoding=\"async\" src=\"https:\/\/yithemes.com\/wp-content\/uploads\/2020\/10\/016.jpg\" alt=\"\" title=\"\"><\/figure>","protected":false},"excerpt":{"rendered":"<p>O que o plugin faz Crie planos de associa\u00e7\u00e3o para permitir o acesso a produtos, p\u00e1ginas, artigos e \u00e1reas restritas do seu site para usu\u00e1rios registrados como membros. Como voc\u00ea pode se beneficiar dela: Uma ferramenta poderosa para criar \u00e1reas restritas ou fornecer acesso a produtos, p\u00e1ginas, artigos e conte\u00fado apenas para os membros. Vender [&hellip;]<\/p>","protected":false},"featured_media":24490,"comment_status":"open","ping_status":"closed","template":"","meta":{"_jf_limit_responses":"","iawp_total_views":71},"product_brand":[],"product_cat":[41],"product_tag":[91],"class_list":{"0":"post-24489","1":"product","2":"type-product","3":"status-publish","4":"has-post-thumbnail","6":"product_cat-plugins","7":"product_tag-business","9":"first","10":"instock","11":"downloadable","12":"virtual","13":"purchasable","14":"product-type-simple"},"_links":{"self":[{"href":"https:\/\/packdesites.com\/en\/wp-json\/wp\/v2\/product\/24489","targetHints":{"allow":["GET"]}}],"collection":[{"href":"https:\/\/packdesites.com\/en\/wp-json\/wp\/v2\/product"}],"about":[{"href":"https:\/\/packdesites.com\/en\/wp-json\/wp\/v2\/types\/product"}],"replies":[{"embeddable":true,"href":"https:\/\/packdesites.com\/en\/wp-json\/wp\/v2\/comments?post=24489"}],"version-history":[{"count":1,"href":"https:\/\/packdesites.com\/en\/wp-json\/wp\/v2\/product\/24489\/revisions"}],"predecessor-version":[{"id":24491,"href":"https:\/\/packdesites.com\/en\/wp-json\/wp\/v2\/product\/24489\/revisions\/24491"}],"wp:featuredmedia":[{"embeddable":true,"href":"https:\/\/packdesites.com\/en\/wp-json\/wp\/v2\/media\/24490"}],"wp:attachment":[{"href":"https:\/\/packdesites.com\/en\/wp-json\/wp\/v2\/media?parent=24489"}],"wp:term":[{"taxonomy":"product_brand","embeddable":true,"href":"https:\/\/packdesites.com\/en\/wp-json\/wp\/v2\/product_brand?post=24489"},{"taxonomy":"product_cat","embeddable":true,"href":"https:\/\/packdesites.com\/en\/wp-json\/wp\/v2\/product_cat?post=24489"},{"taxonomy":"product_tag","embeddable":true,"href":"https:\/\/packdesites.com\/en\/wp-json\/wp\/v2\/product_tag?post=24489"}],"curies":[{"name":"wp","href":"https:\/\/api.w.org\/{rel}","templated":true}]}}