{"id":24344,"date":"2025-12-12T19:34:30","date_gmt":"2025-12-12T22:34:30","guid":{"rendered":"https:\/\/packdesites.com\/?post_type=product&#038;p=24344"},"modified":"2025-12-12T19:34:33","modified_gmt":"2025-12-12T22:34:33","slug":"propovoice-pro-v1-7-1-6-crm-invoicing-a-complete-customer-management-solution","status":"publish","type":"product","link":"https:\/\/packdesites.com\/en\/product\/propovoice-pro-v1-7-1-6-crm-invoicing-a-complete-customer-management-solution\/","title":{"rendered":"Propovoice Pro v1.7.1.6 \u2013 CRM + Invoicing. The Complete Customer Management Solution."},"content":{"rendered":"<figure class=\"wp-block-image\"><img decoding=\"async\" src=\"https:\/\/propovoice.com\/wp-content\/uploads\/2025\/05\/Old-way-to-manage.jpg\" alt=\"The old way of managing\" class=\"wp-image-16259\" title=\"Home - All in one client management solution 2\"\/><\/figure>\n\n\n\n<h3 class=\"wp-block-heading\">The Old Way (Traditional Process)<\/h3>\n\n\n\n<ul class=\"wp-block-list\">\n<li>Manual spreadsheets everywhere<\/li>\n\n\n\n<li>Multiple tools, a client lost in the chaos.<\/li>\n\n\n\n<li>Overdue invoices, overdue payments<\/li>\n\n\n\n<li>Feeling overwhelmed<\/li>\n<\/ul>\n\n\n\n<h3 class=\"wp-block-heading\">The New Path (Using Propovoice)<\/h3>\n\n\n\n<ul class=\"wp-block-list\">\n<li>All-in-one system for clients and projects.<\/li>\n\n\n\n<li>Send invoices, receive payments faster.<\/li>\n\n\n\n<li>Packaging Automation and Flexible Service Fulfillment<\/li>\n\n\n\n<li>Focused, productive, and in control.<\/li>\n<\/ul>\n\n\n\n<figure class=\"wp-block-image\"><img decoding=\"async\" src=\"https:\/\/propovoice.com\/wp-content\/uploads\/2025\/05\/New-way-Using-Propovoice.jpg\" alt=\"A new way to use Propovoice.\" class=\"wp-image-16260\" title=\"Home - All in one client management solution 3\"\/><\/figure>\n\n\n\n<h2 class=\"wp-block-heading\">The unified platform for service companies.<\/h2>\n\n\n\n<figure class=\"wp-block-image\"><img decoding=\"async\" src=\"https:\/\/propovoice.com\/wp-content\/uploads\/2023\/10\/1.-Manage-Opportunity.png\" alt=\"1. Manage Opportunities\" class=\"wp-image-11511\" title=\"Home - All in one client management solution 4\"\/><\/figure>\n\n\n\n<h3 class=\"wp-block-heading\">Sales Management<\/h3>\n\n\n\n<p>By diligently seizing every potential opportunity, organizations can maximize their conversion rates and secure more projects.<\/p>\n\n\n\n<ul class=\"wp-block-list\">\n<li>Lead Management<\/li>\n\n\n\n<li>Sales Pipeline<\/li>\n\n\n\n<li>Starting from Integration<\/li>\n\n\n\n<li>Service Packaging<\/li>\n<\/ul>\n\n\n\n<h3 class=\"wp-block-heading\">Customer Management<\/h3>\n\n\n\n<p>Empower your clients with a dedicated portal, ensuring real-time project tracking and 24\/7 access to all essential files.<\/p>\n\n\n\n<ul class=\"wp-block-list\">\n<li>One-Click Access<\/li>\n\n\n\n<li>Discussion<\/li>\n<\/ul>\n\n\n\n<figure class=\"wp-block-image\"><img decoding=\"async\" src=\"https:\/\/propovoice.com\/wp-content\/uploads\/2023\/10\/3.-Onboarding-Client.png\" alt=\"3. Onboarding Client\" class=\"wp-image-11513\" title=\"Home - All in one client management solution 5\"\/><\/figure>\n\n\n\n<figure class=\"wp-block-image\"><img decoding=\"async\" src=\"https:\/\/propovoice.com\/wp-content\/uploads\/2023\/10\/5.-Get-Paid.png\" alt=\"5. Receive Payment\" class=\"wp-image-11515\" title=\"Home - All in one client management solution 6\"\/><\/figure>\n\n\n\n<h3 class=\"wp-block-heading\">Proposal and Bill<\/h3>\n\n\n\n<p>Create and send simple or recurring bills with a quick payment button. Set reminders, use different currency types, and easily add taxes. Clientjoy helps ensure you receive your money on time.<\/p>\n\n\n\n<ul class=\"wp-block-list\">\n<li>Recurring Invoice<\/li>\n\n\n\n<li>Subscription<\/li>\n\n\n\n<li>Invoice Template<\/li>\n<\/ul>\n\n\n\n<h3 class=\"wp-block-heading\">Service Packages and Order Management<\/h3>\n\n\n\n<p>Create a Service Catalog. Share the URL with your clients or link directly to the button on your website.<\/p>\n\n\n\n<ul class=\"wp-block-list\">\n<li>Productized<\/li>\n\n\n\n<li>Subscription<\/li>\n<\/ul>\n\n\n\n<figure class=\"wp-block-image\"><img decoding=\"async\" src=\"https:\/\/propovoice.com\/wp-content\/uploads\/2023\/10\/Create-Service-Pacakge.png\" alt=\"Create Service Package\" class=\"wp-image-12025\" title=\"Home - All in one client management solution 7\"\/><\/figure>\n\n\n\n<h2 class=\"wp-block-heading\">For freelancers, independent professionals, and agencies to achieve a sustainable goal.<\/h2>\n\n\n\n<h3 class=\"wp-block-heading\">Reshape the way you collaborate with your clients forever. You&#039;ll thank yourself in the long run!<\/h3>\n\n\n\n<p><a href=\"https:\/\/propovoice.com\/pricing\/\" target=\"_blank\" rel=\"noopener\">Try now<\/a><\/p>\n\n\n\n<h3 class=\"wp-block-heading\">41%<\/h3>\n\n\n\n<p>Revenue increase<\/p>\n\n\n\n<h3 class=\"wp-block-heading\">56%<\/h3>\n\n\n\n<p>Improved customer retention.<\/p>\n\n\n\n<h3 class=\"wp-block-heading\">34%<\/h3>\n\n\n\n<p>Reducing sales and marketing costs.<\/p>","protected":false},"excerpt":{"rendered":"<p>O Antigo Caminho (Processo Tradicional) O Novo Caminho (Usando Propovoice) A plataforma unificada para empresas de servi\u00e7os Gest\u00e3o de Vendas Ao aproveitar diligentemente cada oportunidade potencial, as organiza\u00e7\u00f5es podem maximizar suas taxas de convers\u00e3o e garantir mais projetos. Gest\u00e3o de Clientes Capacite seus clientes com um portal dedicado, garantindo acompanhamento em tempo real dos projetos [&hellip;]<\/p>","protected":false},"featured_media":24345,"comment_status":"open","ping_status":"closed","template":"","meta":{"_jf_limit_responses":"","iawp_total_views":234},"product_brand":[],"product_cat":[41],"product_tag":[91],"class_list":{"0":"post-24344","1":"product","2":"type-product","3":"status-publish","4":"has-post-thumbnail","6":"product_cat-plugins","7":"product_tag-business","9":"first","10":"instock","11":"downloadable","12":"virtual","13":"purchasable","14":"product-type-simple"},"_links":{"self":[{"href":"https:\/\/packdesites.com\/en\/wp-json\/wp\/v2\/product\/24344","targetHints":{"allow":["GET"]}}],"collection":[{"href":"https:\/\/packdesites.com\/en\/wp-json\/wp\/v2\/product"}],"about":[{"href":"https:\/\/packdesites.com\/en\/wp-json\/wp\/v2\/types\/product"}],"replies":[{"embeddable":true,"href":"https:\/\/packdesites.com\/en\/wp-json\/wp\/v2\/comments?post=24344"}],"version-history":[{"count":1,"href":"https:\/\/packdesites.com\/en\/wp-json\/wp\/v2\/product\/24344\/revisions"}],"predecessor-version":[{"id":24346,"href":"https:\/\/packdesites.com\/en\/wp-json\/wp\/v2\/product\/24344\/revisions\/24346"}],"wp:featuredmedia":[{"embeddable":true,"href":"https:\/\/packdesites.com\/en\/wp-json\/wp\/v2\/media\/24345"}],"wp:attachment":[{"href":"https:\/\/packdesites.com\/en\/wp-json\/wp\/v2\/media?parent=24344"}],"wp:term":[{"taxonomy":"product_brand","embeddable":true,"href":"https:\/\/packdesites.com\/en\/wp-json\/wp\/v2\/product_brand?post=24344"},{"taxonomy":"product_cat","embeddable":true,"href":"https:\/\/packdesites.com\/en\/wp-json\/wp\/v2\/product_cat?post=24344"},{"taxonomy":"product_tag","embeddable":true,"href":"https:\/\/packdesites.com\/en\/wp-json\/wp\/v2\/product_tag?post=24344"}],"curies":[{"name":"wp","href":"https:\/\/api.w.org\/{rel}","templated":true}]}}