{"id":23678,"date":"2025-09-08T16:14:25","date_gmt":"2025-09-08T19:14:25","guid":{"rendered":"https:\/\/packdesites.com\/?post_type=product&#038;p=23678"},"modified":"2025-09-08T16:14:29","modified_gmt":"2025-09-08T19:14:29","slug":"woocommerce-name-your-price-donation-plugin","status":"publish","type":"product","link":"https:\/\/packdesites.com\/en\/product\/woocommerce-name-your-price-donation-plugin\/","title":{"rendered":"Woocommerce Name Your Price \u2013 Donation Plugin"},"content":{"rendered":"<h2 class=\"wp-block-heading\" id=\"name-your-price\">Let customers pay what they want with Name Your Price<\/h2>\n\n\n\n<figure class=\"wp-block-image\"><img decoding=\"async\" src=\"https:\/\/woocommerce.com\/wp-content\/uploads\/2012\/09\/image-1-624x387-1.png?w=624\" alt=\"\" class=\"wp-image-18734004841311\" title=\"\"><\/figure>\n\n\n\n<p>The Name Your Price plugin allows you to be flexible about the price you accept for selected products. You can suggest a price to your customers and optionally impose a minimum acceptable price, or you can leave it entirely up to the customer!<\/p>\n\n\n\n<p>You can also use this plugin to accept donations, make your products available to a wider audience, collect information about how much customers are willing to pay, or collect variable amounts for other reasons, such as bill payments.<\/p>\n\n\n\n<h2 class=\"wp-block-heading\">What can naming your price help you do?<\/h2>\n\n\n\n<ul class=\"wp-block-list\">\n<li>Collect donations<\/li>\n\n\n\n<li>Sell gift cards and gift vouchers (digital or printable)<\/li>\n\n\n\n<li>Profit from products you would otherwise donate<\/li>\n\n\n\n<li>Reach new customers with affordable and democratized prices<\/li>\n\n\n\n<li>Expand your customer base by encouraging new trials<\/li>\n\n\n\n<li>Collect data on the price customers are willing to pay for your products<\/li>\n<\/ul>\n\n\n\n<h2 class=\"wp-block-heading\" id=\"variable-products\">Simple setup, amazing support, and improved user experience<\/h2>\n\n\n\n<p>Setup is simple for a wide range of use cases \u201cout of the box!\u201d Once you\u2019ve created your product, select the Name Your Price checkbox and you\u2019ll have the option to enter minimum, maximum, and suggested prices.<\/p>\n\n\n\n<p>Our documentation also extends step-by-step help and customization options for many additional use cases, including compatibility with several other plugins.&nbsp;<a href=\"https:\/\/woocommerce.com\/document\/name-your-price\/\" target=\"_blank\" rel=\"noopener\">Find this information here.<\/a><\/p>\n\n\n\n<p>Additionally, our new Name Your Price version 3.0 features a&nbsp;<strong>updated user experience (UX)&nbsp;<\/strong>and<strong>&nbsp;full accessibility to screen readers<\/strong>.<\/p>\n\n\n\n<h2 class=\"wp-block-heading\" id=\"support-for-product-bundles-new\">More ways to use Name Your Price<\/h2>\n\n\n\n<p>Name Your Price is a&nbsp;<strong>versatile sales tool!<\/strong><\/p>\n\n\n\n<p>Many websites use it to make it easier&nbsp;<strong>donations<\/strong>,&nbsp;<strong>subscription payments<\/strong>&nbsp;and even&nbsp;<strong>payments of<\/strong>&nbsp;<strong>online accounts<\/strong>&nbsp;easy with variable values (such as per invoice),&nbsp;<strong>subscription payments<\/strong>&nbsp;and&nbsp;<strong>donations.<\/strong><\/p>\n\n\n\n<h3 class=\"wp-block-heading\">Donations<\/h3>\n\n\n\n<p>Raise more funds by empowering donors to give at the level that&#039;s right for them, with or without a suggested donation amount.<\/p>\n\n\n\n<figure class=\"wp-block-image\"><img decoding=\"async\" src=\"https:\/\/woocommerce.com\/wp-content\/uploads\/2012\/09\/Name-Your-Price-variable.gif?w=896\" alt=\"\" class=\"wp-image-18734004841326\" title=\"\"><\/figure>\n\n\n\n<p>When paired with the WooCommerce Subscriptions plugin, Name Your Price also facilitates custom recurring donations, allowing donors to set the amount and even the cadence of their donation (under their parameters).<\/p>\n\n\n\n<h3 class=\"wp-block-heading\">Online bill payment<\/h3>\n\n\n\n<p>Use Name Your Price to collect payments, making it easy for clients and customers to pay custom invoices and amounts directly on your own website!<\/p>\n\n\n\n<figure class=\"wp-block-image\"><img decoding=\"async\" src=\"https:\/\/woocommerce.com\/wp-content\/uploads\/2012\/09\/image-2nd.png?w=624\" alt=\"\" class=\"wp-image-18734004841320\" title=\"\"><\/figure>\n\n\n\n<h2 class=\"wp-block-heading\">Works with a variety of product types and plugins, including subscriptions, gift cards, and product add-ons<\/h2>\n\n\n\n<p>Name Your Price works with a&nbsp;<strong>variety of&nbsp;<a href=\"https:\/\/woocommerce.com\/document\/name-your-price\/#section-2\" target=\"_blank\" rel=\"noopener\">types of products<\/a>,<\/strong>&nbsp;including:<\/p>\n\n\n\n<ul class=\"wp-block-list\">\n<li>Products\u00a0<a href=\"https:\/\/woocommerce.com\/document\/managing-products\/add-product\/#adding-a-simple-product\" target=\"_blank\" rel=\"noopener\">Simple<\/a>\u00a0and\u00a0<a href=\"https:\/\/woocommerce.com\/document\/variable-product\/\" target=\"_blank\" rel=\"noopener\">Variables<\/a><\/li>\n\n\n\n<li><a href=\"https:\/\/woocommerce.com\/products\/woocommerce-subscriptions\/\" target=\"_blank\" rel=\"noopener\">Subscriptions<\/a><\/li>\n\n\n\n<li>Grouped products<\/li>\n\n\n\n<li><a href=\"https:\/\/woocommerce.com\/products\/product-bundles\/\" target=\"_blank\" rel=\"noopener\">Product bundles<\/a><\/li>\n\n\n\n<li><a href=\"https:\/\/woocommerce.com\/products\/composite-products\/\" target=\"_blank\" rel=\"noopener\">Composite Products<\/a><\/li>\n\n\n\n<li><a href=\"https:\/\/woocommerce.com\/products\/woocommerce-mix-and-match-products\/\" target=\"_blank\" rel=\"noopener\">Mix and match products<\/a><\/li>\n\n\n\n<li><a href=\"https:\/\/woocommerce.com\/products\/woocommerce-deposits\/\" target=\"_blank\" rel=\"noopener\">Deposits<\/a><\/li>\n\n\n\n<li><a href=\"https:\/\/woocommerce.com\/products\/account-funds\/\" target=\"_blank\" rel=\"noopener\">Account funds<\/a><\/li>\n\n\n\n<li><a href=\"https:\/\/woocommerce.com\/products\/paywall-for-woocommerce\/\" target=\"_blank\" rel=\"noopener\">PayWall<\/a><\/li>\n<\/ul>\n\n\n\n<p>Furthermore, it is&nbsp;<strong>compatible with a<\/strong>&nbsp;<strong>wide range of WooCommerce.com plugins,<\/strong>&nbsp;including:<\/p>\n\n\n\n<ul class=\"wp-block-list\">\n<li><a href=\"https:\/\/woocommerce.com\/products\/woocommerce-subscriptions\/\" target=\"_blank\" rel=\"noopener\">Subscriptions<\/a><\/li>\n\n\n\n<li><a href=\"https:\/\/woocommerce.com\/wp-admin\/woocommerce.com\/products\/all-products-for-woocommerce-subscriptions\/\" target=\"_blank\" rel=\"noopener\">All subscription products<\/a><\/li>\n\n\n\n<li><a href=\"https:\/\/woocommerce.com\/products\/product-add-ons\/\" target=\"_blank\" rel=\"noopener\">WooCommerce Product Add-ons<\/a><\/li>\n\n\n\n<li><a href=\"https:\/\/woocommerce.com\/products\/woocommerce-one-page-checkout\/\" target=\"_blank\" rel=\"noopener\">One Page Checkout<\/a><\/li>\n\n\n\n<li><a href=\"https:\/\/woocommerce.com\/products\/product-bundles\/\" target=\"_blank\" rel=\"noopener\">Product bundles<\/a><\/li>\n\n\n\n<li><a href=\"https:\/\/woocommerce.com\/products\/woocommerce-mix-and-match-products\/\" target=\"_blank\" rel=\"noopener\">Mix and match<\/a><\/li>\n\n\n\n<li><a href=\"https:\/\/woocommerce.com\/products\/composite-products\/\" target=\"_blank\" rel=\"noopener\">Composite Products<\/a><\/li>\n\n\n\n<li><a href=\"https:\/\/woocommerce.com\/products\/multi-currency\/\" target=\"_blank\" rel=\"noopener\">Multi-currency<\/a><\/li>\n\n\n\n<li><a href=\"https:\/\/woocommerce.com\/products\/gift-cards\/\" target=\"_blank\" rel=\"noopener\">Gift cards<\/a><\/li>\n\n\n\n<li><a href=\"https:\/\/woocommerce.com\/products\/pdf-product-vouchers\/\" target=\"_blank\" rel=\"noopener\">Product vouchers in PDF format<\/a><\/li>\n\n\n\n<li><a href=\"https:\/\/woocommerce.com\/products\/bulk-shop-for-woocommerce\/\" target=\"_blank\" rel=\"noopener\">Bulk store<\/a><\/li>\n\n\n\n<li><a href=\"https:\/\/woocommerce.com\/products\/bulk-order-form-for-woocommerce\/\" target=\"_blank\" rel=\"noopener\">Bulk Order Form<\/a><\/li>\n\n\n\n<li><a href=\"https:\/\/woocommerce.com\/products\/account-funds\/\" target=\"_blank\" rel=\"noopener\"><em>WooCommerce Account Funds<\/em><\/a><\/li>\n\n\n\n<li><a href=\"https:\/\/woocommerce.com\/products\/woocommerce-pre-orders\/\" target=\"_blank\" rel=\"noopener\">Pre-orders<\/a><\/li>\n\n\n\n<li><a href=\"https:\/\/woocommerce.com\/products\/woocommerce-deposits\/\" target=\"_blank\" rel=\"noopener\">Deposits<\/a><\/li>\n<\/ul>\n\n\n\n<p>Find more specific information about&nbsp;<a href=\"https:\/\/woocommerce.com\/document\/compatibility-and-integrations\/\" target=\"_blank\" rel=\"noopener\">compatibility and integrations here.<\/a><\/p>","protected":false},"excerpt":{"rendered":"<p>Permita que os clientes paguem o que quiserem com o Name Your Price O plug-in Name Your Price permite que voc\u00ea seja flex\u00edvel em rela\u00e7\u00e3o ao pre\u00e7o que deseja aceitar por produtos selecionados. Voc\u00ea pode sugerir um pre\u00e7o aos seus clientes e, opcionalmente, impor um pre\u00e7o m\u00ednimo aceit\u00e1vel, ou pode deix\u00e1-lo inteiramente nas m\u00e3os do [&hellip;]<\/p>","protected":false},"featured_media":23679,"comment_status":"open","ping_status":"closed","template":"","meta":{"_jf_limit_responses":"","iawp_total_views":37},"product_brand":[],"product_cat":[41],"product_tag":[91],"class_list":{"0":"post-23678","1":"product","2":"type-product","3":"status-publish","4":"has-post-thumbnail","6":"product_cat-plugins","7":"product_tag-business","9":"first","10":"instock","11":"downloadable","12":"virtual","13":"purchasable","14":"product-type-simple"},"_links":{"self":[{"href":"https:\/\/packdesites.com\/en\/wp-json\/wp\/v2\/product\/23678","targetHints":{"allow":["GET"]}}],"collection":[{"href":"https:\/\/packdesites.com\/en\/wp-json\/wp\/v2\/product"}],"about":[{"href":"https:\/\/packdesites.com\/en\/wp-json\/wp\/v2\/types\/product"}],"replies":[{"embeddable":true,"href":"https:\/\/packdesites.com\/en\/wp-json\/wp\/v2\/comments?post=23678"}],"version-history":[{"count":1,"href":"https:\/\/packdesites.com\/en\/wp-json\/wp\/v2\/product\/23678\/revisions"}],"predecessor-version":[{"id":23680,"href":"https:\/\/packdesites.com\/en\/wp-json\/wp\/v2\/product\/23678\/revisions\/23680"}],"wp:featuredmedia":[{"embeddable":true,"href":"https:\/\/packdesites.com\/en\/wp-json\/wp\/v2\/media\/23679"}],"wp:attachment":[{"href":"https:\/\/packdesites.com\/en\/wp-json\/wp\/v2\/media?parent=23678"}],"wp:term":[{"taxonomy":"product_brand","embeddable":true,"href":"https:\/\/packdesites.com\/en\/wp-json\/wp\/v2\/product_brand?post=23678"},{"taxonomy":"product_cat","embeddable":true,"href":"https:\/\/packdesites.com\/en\/wp-json\/wp\/v2\/product_cat?post=23678"},{"taxonomy":"product_tag","embeddable":true,"href":"https:\/\/packdesites.com\/en\/wp-json\/wp\/v2\/product_tag?post=23678"}],"curies":[{"name":"wp","href":"https:\/\/api.w.org\/{rel}","templated":true}]}}