{"id":23602,"date":"2025-09-02T15:15:58","date_gmt":"2025-09-02T18:15:58","guid":{"rendered":"https:\/\/packdesites.com\/?post_type=product&#038;p=23602"},"modified":"2025-09-02T15:16:02","modified_gmt":"2025-09-02T18:16:02","slug":"geech-template-kit-elementor-for-tech-startups-and-saas-companies","status":"publish","type":"product","link":"https:\/\/packdesites.com\/en\/product\/geech-template-kit-elementor-for-tech-startups-and-saas-companies\/","title":{"rendered":"Geech \u2013 Elementor Template Kit for Tech Startups and SaaS Companies"},"content":{"rendered":"<p>Introducing Geech, a modern and clean Elementor Template Kit designed for SaaS and tech startups. Whether you need a professional landing page for your software, mobile apps, cloud-based services, or a fully functional website for your IT business, Geech has you covered.<\/p>\n\n\n\n<p>With over 13 carefully crafted, responsive templates to choose from, you can easily create a stunning website that looks great on any device. Plus, with Elementor&#039;s intuitive drag-and-drop interface, customizing your website has never been easier. No coding skills required!<\/p>\n\n\n\n<p>Get started today and take your SaaS or tech startup to the next level with Geech.<\/p>\n\n\n\n<p><strong>Features:<\/strong><\/p>\n\n\n\n<ul class=\"wp-block-list\">\n<li>Using Free Plugins (Elementor Pro is not required)<\/li>\n\n\n\n<li>Modern and clean design<\/li>\n\n\n\n<li>13+ ready-to-use templates<\/li>\n\n\n\n<li>Fully responsive layout<\/li>\n\n\n\n<li>Retina Ready<\/li>\n\n\n\n<li>Fully customizable<\/li>\n\n\n\n<li>Browser compatibility: Chrome, Firefox, Safari, Opera<\/li>\n<\/ul>\n\n\n\n<p><strong>Models include:<\/strong><\/p>\n\n\n\n<ul class=\"wp-block-list\">\n<li>Home<\/li>\n\n\n\n<li>About us<\/li>\n\n\n\n<li>Features<\/li>\n\n\n\n<li>FAQ<\/li>\n\n\n\n<li>Blog<\/li>\n\n\n\n<li>Single blog<\/li>\n\n\n\n<li>Get in touch<\/li>\n\n\n\n<li>Tab \u2013 Prices<\/li>\n\n\n\n<li>Contact MetForm<\/li>\n\n\n\n<li>Header<\/li>\n\n\n\n<li>Heading 2<\/li>\n\n\n\n<li>Baseboard<\/li>\n\n\n\n<li>Global Theme Style<\/li>\n<\/ul>\n\n\n\n<p><strong>Required plugin:<\/strong><\/p>\n\n\n\n<ul class=\"wp-block-list\">\n<li>Elementor<\/li>\n\n\n\n<li>Elementor Jeg Kit<\/li>\n\n\n\n<li>MetForm<\/li>\n<\/ul>\n\n\n\n<p><strong>How to use Template Kits:<\/strong><\/p>\n\n\n\n<ol class=\"wp-block-list\">\n<li>Install and activate the \u201cEnvato Elements\u201d plugin in Plugins &gt; Add New in WordPress<\/li>\n\n\n\n<li>Download the kit file and do not unzip it<\/li>\n\n\n\n<li>Go to Elements &gt; Installed Kits and click the Upload Template Kit button. You can also import automatically by clicking Connect Account to link your Elements subscription, then importing in Elements &gt; Template Kits.<\/li>\n\n\n\n<li>Check the orange banner at the top and click on Installation Requirements to load all plugins used by the kit<\/li>\n\n\n\n<li>First click on import in Global Kit Styles<\/li>\n\n\n\n<li>Click Import on one template at a time. They are stored in Elementor under Templates &gt; Saved Templates.<\/li>\n\n\n\n<li>Go to Pages, create a new page and click Edit with Elementor<\/li>\n\n\n\n<li>Click the gear icon in the bottom left corner of the builder to see the page settings and choose Elementor Full Width and hide the page title<\/li>\n\n\n\n<li>Click the gray folder icon to access the My Templates tab and then import the page you would like to customize.<\/li>\n<\/ol>\n\n\n\n<p>If you have Elementor Pro, headers and footers can be customized in the Theme Builder.<\/p>","protected":false},"excerpt":{"rendered":"<p>Apresentando o Geech, um Template Kit Elementor moderno e limpo projetado para SaaS e empresas de startups de tecnologia. Se voc\u00ea precisa de uma p\u00e1gina de destino profissional para seu software, aplicativos m\u00f3veis, servi\u00e7os baseados em nuvem ou um sistema totalmente funcional site para o seu neg\u00f3cio de TI, a Geech tem o que voc\u00ea [&hellip;]<\/p>","protected":false},"featured_media":23603,"comment_status":"open","ping_status":"closed","template":"","meta":{"_jf_limit_responses":"","iawp_total_views":330},"product_brand":[],"product_cat":[23,32,99,24],"product_tag":[91,49,19],"class_list":{"0":"post-23602","1":"product","2":"type-product","3":"status-publish","4":"has-post-thumbnail","6":"product_cat-templates-elementor-e-envato","7":"product_cat-agencia-de-marketing","8":"product_cat-saas","9":"product_cat-templates-envato","10":"product_tag-business","11":"product_tag-starter","12":"product_tag-vitalicio","14":"first","15":"instock","16":"downloadable","17":"virtual","18":"purchasable","19":"product-type-simple"},"_links":{"self":[{"href":"https:\/\/packdesites.com\/en\/wp-json\/wp\/v2\/product\/23602","targetHints":{"allow":["GET"]}}],"collection":[{"href":"https:\/\/packdesites.com\/en\/wp-json\/wp\/v2\/product"}],"about":[{"href":"https:\/\/packdesites.com\/en\/wp-json\/wp\/v2\/types\/product"}],"replies":[{"embeddable":true,"href":"https:\/\/packdesites.com\/en\/wp-json\/wp\/v2\/comments?post=23602"}],"version-history":[{"count":1,"href":"https:\/\/packdesites.com\/en\/wp-json\/wp\/v2\/product\/23602\/revisions"}],"predecessor-version":[{"id":23604,"href":"https:\/\/packdesites.com\/en\/wp-json\/wp\/v2\/product\/23602\/revisions\/23604"}],"wp:featuredmedia":[{"embeddable":true,"href":"https:\/\/packdesites.com\/en\/wp-json\/wp\/v2\/media\/23603"}],"wp:attachment":[{"href":"https:\/\/packdesites.com\/en\/wp-json\/wp\/v2\/media?parent=23602"}],"wp:term":[{"taxonomy":"product_brand","embeddable":true,"href":"https:\/\/packdesites.com\/en\/wp-json\/wp\/v2\/product_brand?post=23602"},{"taxonomy":"product_cat","embeddable":true,"href":"https:\/\/packdesites.com\/en\/wp-json\/wp\/v2\/product_cat?post=23602"},{"taxonomy":"product_tag","embeddable":true,"href":"https:\/\/packdesites.com\/en\/wp-json\/wp\/v2\/product_tag?post=23602"}],"curies":[{"name":"wp","href":"https:\/\/api.w.org\/{rel}","templated":true}]}}