{"id":23596,"date":"2025-09-02T15:07:39","date_gmt":"2025-09-02T18:07:39","guid":{"rendered":"https:\/\/packdesites.com\/?post_type=product&#038;p=23596"},"modified":"2025-09-02T15:07:43","modified_gmt":"2025-09-02T18:07:43","slug":"revolix-elementor-template-kit-for-digital-marketing-agency","status":"publish","type":"product","link":"https:\/\/packdesites.com\/en\/product\/revolix-elementor-template-kit-for-digital-marketing-agency\/","title":{"rendered":"Revolix \u2013 Elementor Template Kit for Digital Marketing Agency"},"content":{"rendered":"<p>Revolix \u2013 Digital Marketing Agency Elementor Template Kit is a collection of layouts for the Elementor page builder plugin, designed for use with the free version of Elementor for a clean design. It works with most themes and is optimized for use with the free Hello Elementor theme.<\/p>\n\n\n\n<p><strong>10+ ready-to-use import templates:<\/strong><\/p>\n\n\n\n<ul class=\"wp-block-list\">\n<li>Home page<\/li>\n\n\n\n<li>On<\/li>\n\n\n\n<li>Service<\/li>\n\n\n\n<li>Service Details<\/li>\n\n\n\n<li>404<\/li>\n\n\n\n<li>Get in touch<\/li>\n\n\n\n<li>Shortly<\/li>\n\n\n\n<li>News<\/li>\n\n\n\n<li>Team<\/li>\n\n\n\n<li>Frequently Asked Questions<\/li>\n\n\n\n<li>Global Style Kit<\/li>\n\n\n\n<li>Block | header<\/li>\n\n\n\n<li>Block | Footer<\/li>\n<\/ul>\n\n\n\n<p><strong>Model Features<\/strong><\/p>\n\n\n\n<ul class=\"wp-block-list\">\n<li>No upgrades or professional plugins required<\/li>\n\n\n\n<li>True: No coding is required<\/li>\n\n\n\n<li>Global Theme Style<\/li>\n<\/ul>\n\n\n\n<p><strong>Plugins installed with the kit<\/strong><\/p>\n\n\n\n<ul class=\"wp-block-list\">\n<li>Elementor<\/li>\n\n\n\n<li>RMT Element Kit<\/li>\n\n\n\n<li>MetForm<\/li>\n<\/ul>\n\n\n\n<p><strong>WordPress Requirements<\/strong>&nbsp;PHP 8.3 or higher MySQL 8.0 or higher OR MariaDB 10.6 or higher Nginx or Apache with mod_rewrite SSL module active<\/p>","protected":false},"excerpt":{"rendered":"<p>Revolix &#8211; Ag\u00eancia de Marketing Digital Elementor Template Kit \u00e9 uma cole\u00e7\u00e3o de layouts para o plugin WordPress do construtor de p\u00e1ginas Elementor, projetado para uso com a vers\u00e3o gratuita do Elementor para um design limpo. Ele funciona com a maioria dos temas e \u00e9 otimizado para uso com o tema Hello Elementor gratuito. Mais [&hellip;]<\/p>","protected":false},"featured_media":23597,"comment_status":"open","ping_status":"closed","template":"","meta":{"_jf_limit_responses":"","iawp_total_views":176},"product_brand":[],"product_cat":[24,32,23],"product_tag":[91,49],"class_list":{"0":"post-23596","1":"product","2":"type-product","3":"status-publish","4":"has-post-thumbnail","6":"product_cat-templates-envato","7":"product_cat-agencia-de-marketing","8":"product_cat-templates-elementor-e-envato","9":"product_tag-business","10":"product_tag-starter","12":"first","13":"instock","14":"downloadable","15":"virtual","16":"purchasable","17":"product-type-simple"},"_links":{"self":[{"href":"https:\/\/packdesites.com\/en\/wp-json\/wp\/v2\/product\/23596","targetHints":{"allow":["GET"]}}],"collection":[{"href":"https:\/\/packdesites.com\/en\/wp-json\/wp\/v2\/product"}],"about":[{"href":"https:\/\/packdesites.com\/en\/wp-json\/wp\/v2\/types\/product"}],"replies":[{"embeddable":true,"href":"https:\/\/packdesites.com\/en\/wp-json\/wp\/v2\/comments?post=23596"}],"version-history":[{"count":1,"href":"https:\/\/packdesites.com\/en\/wp-json\/wp\/v2\/product\/23596\/revisions"}],"predecessor-version":[{"id":23598,"href":"https:\/\/packdesites.com\/en\/wp-json\/wp\/v2\/product\/23596\/revisions\/23598"}],"wp:featuredmedia":[{"embeddable":true,"href":"https:\/\/packdesites.com\/en\/wp-json\/wp\/v2\/media\/23597"}],"wp:attachment":[{"href":"https:\/\/packdesites.com\/en\/wp-json\/wp\/v2\/media?parent=23596"}],"wp:term":[{"taxonomy":"product_brand","embeddable":true,"href":"https:\/\/packdesites.com\/en\/wp-json\/wp\/v2\/product_brand?post=23596"},{"taxonomy":"product_cat","embeddable":true,"href":"https:\/\/packdesites.com\/en\/wp-json\/wp\/v2\/product_cat?post=23596"},{"taxonomy":"product_tag","embeddable":true,"href":"https:\/\/packdesites.com\/en\/wp-json\/wp\/v2\/product_tag?post=23596"}],"curies":[{"name":"wp","href":"https:\/\/api.w.org\/{rel}","templated":true}]}}