{"id":23590,"date":"2025-09-02T15:00:36","date_gmt":"2025-09-02T18:00:36","guid":{"rendered":"https:\/\/packdesites.com\/?post_type=product&#038;p=23590"},"modified":"2025-09-02T15:00:40","modified_gmt":"2025-09-02T18:00:40","slug":"creavision-elementor-pro-template-kit-for-digital-marketing-agency","status":"publish","type":"product","link":"https:\/\/packdesites.com\/en\/product\/creavision-elementor-pro-template-kit-for-digital-marketing-agency\/","title":{"rendered":"Creavision \u2013 Elementor Pro Template Kit for Digital Marketing Agency"},"content":{"rendered":"<p><strong>Creavision<\/strong>\u00a0\u2013 Elementor Pro template kit for digital marketing agencies created specifically for SEO agencies, web design services, social media marketing agencies, or any type of business looking to showcase their services professionally. Creavision has a simple, modern, and clean design with a responsive 100% layout and is very easy to customize, making it accessible to anyone without needing to know any coding.<\/p>\n\n\n\n<p><strong>This is not a WordPress theme.<\/strong>\u00a0Template Kits contain page content for the Elementor page builder. This kit is optimized for use with the free Hello Elementor theme, but can be used with most themes that support Elementor.<\/p>\n\n\n\n<p><strong>Features:<\/strong><\/p>\n\n\n\n<ul class=\"wp-block-list\">\n<li>Using Elementor Pro Plugins<\/li>\n\n\n\n<li>Unique and clean design<\/li>\n\n\n\n<li>12 ready-to-use pages<\/li>\n\n\n\n<li>16 Ready-to-Use Templates<\/li>\n\n\n\n<li>Fully responsive layout<\/li>\n\n\n\n<li>Fully customizable<\/li>\n\n\n\n<li>Browser compatibility: Chrome, Firefox, Safari, Opera<\/li>\n<\/ul>\n\n\n\n<p><strong>Models include:<\/strong><\/p>\n\n\n\n<ul class=\"wp-block-list\">\n<li>Home page<\/li>\n\n\n\n<li>Services<\/li>\n\n\n\n<li>Service details<\/li>\n\n\n\n<li>Projects<\/li>\n\n\n\n<li>On<\/li>\n\n\n\n<li>Our team<\/li>\n\n\n\n<li>Career<\/li>\n\n\n\n<li>FREQUENTLY ASKED QUESTIONS<\/li>\n\n\n\n<li>Prices<\/li>\n\n\n\n<li>404<\/li>\n\n\n\n<li>Blog<\/li>\n\n\n\n<li>Single post<\/li>\n\n\n\n<li>Archives<\/li>\n\n\n\n<li>Get in touch<\/li>\n\n\n\n<li>header<\/li>\n\n\n\n<li>Baseboard<\/li>\n\n\n\n<li>Global Theme Style<\/li>\n<\/ul>\n\n\n\n<p><strong>Plugins installed with the kit:<\/strong><\/p>\n\n\n\n<ul class=\"wp-block-list\">\n<li>Elementor<\/li>\n\n\n\n<li>Elementor Jeg Kit<\/li>\n<\/ul>\n\n\n\n<p><strong>Elementor Pro upgrade required for some templates and features (not included)<\/strong><\/p>","protected":false},"excerpt":{"rendered":"<p>Creavision\u00a0&#8211; Kit de modelos Elementor Pro para ag\u00eancia de marketing digital criado especialmente para ag\u00eancias de SEO, servi\u00e7os de web design, ag\u00eancia de marketing de m\u00eddia social ou qualquer tipo de empresa que queira publicar seus servi\u00e7os de forma profissional. O Creavision tem um design simples, moderno e limpo, com um layout 100% responsivo, e [&hellip;]<\/p>","protected":false},"featured_media":23591,"comment_status":"open","ping_status":"closed","template":"","meta":{"_jf_limit_responses":"","iawp_total_views":200},"product_brand":[],"product_cat":[23,32,24],"product_tag":[91,49],"class_list":{"0":"post-23590","1":"product","2":"type-product","3":"status-publish","4":"has-post-thumbnail","6":"product_cat-templates-elementor-e-envato","7":"product_cat-agencia-de-marketing","8":"product_cat-templates-envato","9":"product_tag-business","10":"product_tag-starter","12":"first","13":"instock","14":"downloadable","15":"virtual","16":"purchasable","17":"product-type-simple"},"_links":{"self":[{"href":"https:\/\/packdesites.com\/en\/wp-json\/wp\/v2\/product\/23590","targetHints":{"allow":["GET"]}}],"collection":[{"href":"https:\/\/packdesites.com\/en\/wp-json\/wp\/v2\/product"}],"about":[{"href":"https:\/\/packdesites.com\/en\/wp-json\/wp\/v2\/types\/product"}],"replies":[{"embeddable":true,"href":"https:\/\/packdesites.com\/en\/wp-json\/wp\/v2\/comments?post=23590"}],"version-history":[{"count":1,"href":"https:\/\/packdesites.com\/en\/wp-json\/wp\/v2\/product\/23590\/revisions"}],"predecessor-version":[{"id":23592,"href":"https:\/\/packdesites.com\/en\/wp-json\/wp\/v2\/product\/23590\/revisions\/23592"}],"wp:featuredmedia":[{"embeddable":true,"href":"https:\/\/packdesites.com\/en\/wp-json\/wp\/v2\/media\/23591"}],"wp:attachment":[{"href":"https:\/\/packdesites.com\/en\/wp-json\/wp\/v2\/media?parent=23590"}],"wp:term":[{"taxonomy":"product_brand","embeddable":true,"href":"https:\/\/packdesites.com\/en\/wp-json\/wp\/v2\/product_brand?post=23590"},{"taxonomy":"product_cat","embeddable":true,"href":"https:\/\/packdesites.com\/en\/wp-json\/wp\/v2\/product_cat?post=23590"},{"taxonomy":"product_tag","embeddable":true,"href":"https:\/\/packdesites.com\/en\/wp-json\/wp\/v2\/product_tag?post=23590"}],"curies":[{"name":"wp","href":"https:\/\/api.w.org\/{rel}","templated":true}]}}