{"id":23587,"date":"2025-09-02T14:35:45","date_gmt":"2025-09-02T17:35:45","guid":{"rendered":"https:\/\/packdesites.com\/?post_type=product&#038;p=23587"},"modified":"2025-09-02T14:35:48","modified_gmt":"2025-09-02T17:35:48","slug":"kleanix-cleaning-service-wordpress-theme","status":"publish","type":"product","link":"https:\/\/packdesites.com\/en\/product\/kleanix-cleaning-service-wordpress-theme\/","title":{"rendered":"Kleanix \u2013 Cleaning Service WordPress Theme"},"content":{"rendered":"<h2 class=\"wp-block-heading\" id=\"item-description__kleanix-cleaning-service-wordpress-theme\">Kleanix \u2013 Cleaning Service WordPress Theme<\/h2>\n\n\n\n<figure class=\"wp-block-image\"><img decoding=\"async\" src=\"https:\/\/camo.envatousercontent.com\/4e9aa000abec0a0e3943e185d105d80723d880e9\/68747470733a2f2f692e6962622e636f2f316654436d736d462f41626f75742d4b6c65616e69782e6a7067\" alt=\"About-Kleanix\" title=\"\"><\/figure>\n\n\n\n<p><strong>Kleanix<\/strong>&nbsp;\u2013 Cleaning service WordPress theme perfect for home cleaning, office cleaning, window cleaning, janitorial services, and laundry-related business websites. Homepages and great features help your business stand out from other cleaning companies, cleaning services, cleaning suppliers, and janitorial businesses. Our theme has a beautiful and unique design with a responsive 100% layout and is easy to customize. The Kleanix \u2013 Cleaning Service WordPress Theme has a beautiful and unique design that best suits your online presence. Our theme includes different exclusive homepage demos with many carefully designed inner pages.<\/p>\n\n\n\n<p><strong>Kleanix<\/strong>&nbsp;Kleanix offers the best theme for cleaning companies, cleaning services, maid providers, and janitorial business websites, among others. Kleanix is a fully responsive theme for cleaning companies, cleaning services, cleaning providers, and janitorial business projects, or any other type of personal or business website. It adapts perfectly to various screens and resolutions, from standard desktops to tablets, iPads, iPhones, and smaller mobile devices.<\/p>\n\n\n\n<figure class=\"wp-block-image\"><img decoding=\"async\" src=\"https:\/\/camo.envatousercontent.com\/5947df7c344c8921c4bd6cc30a0637793795aca7\/68747470733a2f2f692e6962622e636f2f733950486d3853702f486f6d652d50616765732e6a7067\" alt=\"Home Pages\" title=\"\"><\/figure>\n\n\n\n<h4 class=\"wp-block-heading\" id=\"item-description__home-pages\">Home Pages<\/h4>\n\n\n\n<p>The Kleanix Cleaning Service WordPress Theme offers three distinct homepage layouts: Home One: Designed for home cleaning services, Home Two: Tailored for domestic cleaning, and Home Three: Focused on commercial cleaning services. Each homepage is designed to cater to specific cleaning service niches, providing a unique and professional online presence.<\/p>\n\n\n\n<figure class=\"wp-block-image\"><img decoding=\"async\" src=\"https:\/\/camo.envatousercontent.com\/7c9ef85cbc8192ebcc386c2c38d9d1742cdf4443\/68747470733a2f2f692e6962622e636f2f6a503157383332722f496e6e65722d50616765732e6a7067\" alt=\"Inner Pages\" title=\"\"><\/figure>\n\n\n\n<h4 class=\"wp-block-heading\" id=\"item-description__inner-pages\">Internal pages<\/h4>\n\n\n\n<p><strong>Kleanix<\/strong>&nbsp;is a cleaning service WordPress theme that offers beautifully designed internal pages, providing a seamless and engaging experience for users visiting your website. The theme includes several pre-built internal pages that meet the various needs of a taxi service website.<\/p>\n\n\n\n<figure class=\"wp-block-image\"><img decoding=\"async\" src=\"https:\/\/camo.envatousercontent.com\/76e5aa1f652bd19af923bd1e4d67d2bf353673d7\/68747470733a2f2f692e6962622e636f2f3070366d7644304c2f726573706f6e736976652e6a7067\" alt=\"responsive\" title=\"\"><\/figure>\n\n\n\n<h4 class=\"wp-block-heading\" id=\"item-description__-kleanix-fully-responsive-wordpress\"><strong>Kleanix<\/strong>&nbsp;fully responsive WordPress<\/h4>\n\n\n\n<p><strong>Kleanix<\/strong>&nbsp;The cleaning service WordPress theme is fully optimized to work well on a variety of devices and screens, including desktops, smartphones, laptops, tablets, iPods, MacBooks, and more. It&#039;s also compatible with a variety of browsers, including Safari, Chrome, Firefox, Opera, and Edge.<\/p>\n\n\n\n<figure class=\"wp-block-image\"><img decoding=\"async\" src=\"https:\/\/camo.envatousercontent.com\/8ff7f3f5b76a4ff9fc4d42112fc975e27cafd744\/68747470733a2f2f692e6962622e636f2f434b3259724a35322f456c656d656e746f722e6a7067\" alt=\"Elementor\" title=\"\"><\/figure>\n\n\n\n<h4 class=\"wp-block-heading\" id=\"item-description__on-site-builder-with-elementor\">Website Builder with Elementor<\/h4>\n\n\n\n<p>The theme integrates with the powerful WordPress Elementor page builder, allowing for real-time customization. Effortless front-end design with multiple download clicks and positive reviews. Create a beautiful online store with a simple, intuitive drag-and-drop interface.<\/p>\n\n\n\n<figure class=\"wp-block-image\"><img decoding=\"async\" src=\"https:\/\/camo.envatousercontent.com\/1b3b855691b676ac677c21d79e86906e5a968cb8\/68747470733a2f2f692e6962622e636f2f316668593673666a2f4f6e652d636c69636b2d64656d6f2e6a7067\" alt=\"One-click demo\" title=\"\"><\/figure>\n\n\n\n<h4 class=\"wp-block-heading\" id=\"item-description__one-click-demo-install\">One-click demo installation<\/h4>\n\n\n\n<p>Our theme Provide the amazing feature of one-click installation tool, you can replicate our WordPress theme in a snap.<\/p>\n\n\n\n<h4 class=\"wp-block-heading\" id=\"item-description__highly-customizable\">Highly customizable<\/h4>\n\n\n\n<p>We appreciate your need for customization, even though each sample layout is great. As a result, we&#039;ve added support for Elementor, Live Customizer, and a host of additional customization tools. No need to code\u2014you can call everything from the Elementor page builder.<\/p>\n\n\n\n<figure class=\"wp-block-image\"><img decoding=\"async\" src=\"https:\/\/camo.envatousercontent.com\/19d49563a60171c17dc3fdd363def8b18d5e5a1d\/68747470733a2f2f692e6962622e636f2f7874574e44676a312f5072656275696c642d437573746f6d2d6164646f6e732e6a7067\" alt=\"Prebuild-Custom-Addons\" title=\"\"><\/figure>\n\n\n\n<h4 class=\"wp-block-heading\" id=\"item-description__prebuilt-custom-addons\">Pre-built custom add-ons<\/h4>\n\n\n\n<p>For our theme, we&#039;ve built some attractive and creative custom add-ons that are both cool and excellent for this theme. All add-ons are responsive, supported, and easy to pre-build\u2014custom add-ons.<\/p>\n\n\n\n<h4 class=\"wp-block-heading\" id=\"item-description__no-coding-required\">No coding required<\/h4>\n\n\n\n<p>While each demo layout is perfect on its own, we understand your need for customization. As such, we&#039;ve implemented support for Elementor, Live Customizer, and several other customization tools.<\/p>\n\n\n\n<p>If you need to change the color of an element, it will be easy thanks to this powerful WordPress theme for Kleanix WordPress Theme<\/p>\n\n\n\n<figure class=\"wp-block-image\"><img decoding=\"async\" src=\"https:\/\/camo.envatousercontent.com\/2b91467eafa09738e6261949678b7797309967d9\/68747470733a2f2f692e6962622e636f2f466b5776326a6b782f4865616465722e6a7067\" alt=\"Header\" title=\"\"><\/figure>\n\n\n\n<h4 class=\"wp-block-heading\" id=\"item-description__prebuild-header-builder\">Pre-build header builder<\/h4>\n\n\n\n<p>There are two header systems in our theme. One for the default header and one for the page builder header. The default header comes from&nbsp;<strong>Dashboard &gt; Kleanix Options &gt; Header &gt; Dashboard &gt; Appearance &gt; Widgets &gt; Header Widget Areas for the pre-built headers You must go to Dashboard &gt; Kleanix Builder &gt; Header Builder<\/strong><\/p>\n\n\n\n<figure class=\"wp-block-image\"><img decoding=\"async\" src=\"https:\/\/camo.envatousercontent.com\/9768c61bbe65b4b20484197fcbb6840cd7ce3d79\/68747470733a2f2f692e6962622e636f2f336d7732785a516a2f466f6f7465722e6a7067\" alt=\"Footer\" title=\"\"><\/figure>\n\n\n\n<h4 class=\"wp-block-heading\" id=\"item-description__footer-builder\">Footer Builder<\/h4>\n\n\n\n<p>There are two footer systems in our theme. One for the default footer and one for the page builder footer. The default footer comes from&nbsp;<strong>Dashboard &gt; Kleanix Options &gt; Footer &amp; Dashboard &gt; Appearance &gt; Widgets &gt; Footer Widget Areas For the pre-built footers You should go to Dashboard &gt; Kleanix Builder &gt; Footer Builder<\/strong><\/p>\n\n\n\n<figure class=\"wp-block-image\"><img decoding=\"async\" src=\"https:\/\/camo.envatousercontent.com\/df49f35dfda0ee06969f8605d833b457cb8ac344\/68747470733a2f2f692e6962622e636f2f7050344e6643782f436f6c6f722e6a7067\" alt=\"Color\" title=\"\"><\/figure>\n\n\n\n<h4 class=\"wp-block-heading\" id=\"item-description__unlimted-color-changing-option\">Unlimited color change option<\/h4>\n\n\n\n<p><strong>Panel Options &gt; Kleanix &gt; General &gt; Theme Primary Color&nbsp;<\/strong>With the Kleanix theme, you can easily change the colors of various elements, such as the header, navigation menu, buttons, links, backgrounds, and more. Whether you prefer bold, vibrant hues or a more subtle, muted palette, the Kleanix theme lets you create a unique, personalized look for your website.<\/p>\n\n\n\n<figure class=\"wp-block-image\"><img decoding=\"async\" src=\"https:\/\/camo.envatousercontent.com\/91727164d302090e9d3cb4ef15823c5e310c7d0f\/68747470733a2f2f692e6962622e636f2f50794c726835702f506167652d53706565642e6a7067\" alt=\"Page-Speed\" title=\"\"><\/figure>\n\n\n\n<h4 class=\"wp-block-heading\" id=\"item-description__our-wordpress-theme-page-load-speed-for-google-and-gtmartix\">Our WordPress Theme Page Loading Speed for Google and GTMartix<\/h4>\n\n\n\n<p><strong>Kleanix \u2013 Cleaning Service WordPress Theme&nbsp;<\/strong>and its performance, I recommend checking the theme&#039;s official website or user reviews for any performance-related comments or updates. Additionally, consider contacting the theme&#039;s developer or support team for detailed information about the theme&#039;s page load speed and optimization options.<\/p>\n\n\n\n<p>Keep in mind that actual page load speed depends on several factors, including your website&#039;s content and server performance. It&#039;s essential to periodically test your website speed using tools like Google PageSpeed Insights and GTMetrix and optimize accordingly.<\/p>\n\n\n\n<h4 class=\"wp-block-heading\" id=\"item-description__features-overview\">Feature Overview<\/h4>\n\n\n\n<ul class=\"wp-block-list\">\n<li><strong>Integrated WooCommerce Features:<\/strong><br><strong>Kleanix<\/strong>\u00a0\u2013 The cleaning service WordPress theme is fully integrated with the WooCommerce solution. You can add your product for online purchase and delivery. After completing the purchase, you&#039;ll receive a customer dashboard. Finally, using the dashboard, you&#039;ll find all your activities and history.<\/li>\n\n\n\n<li><strong>Latest Bootstrap version:<\/strong><br>Bootstrap is the most popular HTML, CSS, and JS framework for developing responsive and mobile-friendly web projects.<\/li>\n\n\n\n<li><strong>Pages<\/strong><br>unique initials\u00a0<strong>The Kleanix theme<\/strong>\u00a0WordPress has nice and clean unique home pages.<\/li>\n\n\n\n<li><strong>Creative inner pages:<\/strong><br><strong>Kleanix Theme<\/strong>\u00a0WordPress is coded with beautiful, clean code! Some powerful pages are W3 Validated Web Standards 100%.<\/li>\n\n\n\n<li><strong>250+ Sections:<\/strong><br>Create stunning sections with different design types.<\/li>\n\n\n\n<li><strong>Touch-friendly:<\/strong><br>easy navigation on touch devices.<\/li>\n\n\n\n<li><strong>100% fully responsive:<\/strong>\u00a0Whatever you use on the device,<br>your website will run as it should.\u00a0<strong>Kleanix<\/strong>\u00a0WordPress Theme is a fully responsive Layout for all types of devices.<\/li>\n\n\n\n<li><strong>Sass:<\/strong><br><strong>Kleanix<\/strong>\u00a0WordPress Theme coded with sass<\/li>\n<\/ul>\n\n\n\n<h4 class=\"wp-block-heading\" id=\"item-description__-theme-features\">Theme Features:<\/h4>\n\n\n\n<ul class=\"wp-block-list\">\n<li><strong>Drag and drop page builder included \u2013 Elementor<\/strong><\/li>\n\n\n\n<li>Responsive and Mobile Friendly.<\/li>\n\n\n\n<li>SEO friendly<\/li>\n\n\n\n<li>Unlimited color combinations.<\/li>\n\n\n\n<li>Customizer included so you can change theme option in real time<\/li>\n\n\n\n<li>Powerful Redux admin panel.<\/li>\n\n\n\n<li>Good and GTMartix are faster Page Speed<\/li>\n\n\n\n<li>WooCommerce integrated<\/li>\n\n\n\n<li>One-click demo importer<\/li>\n\n\n\n<li>Clean, modern and trendy design.<\/li>\n\n\n\n<li>Free lifetime updates!<\/li>\n\n\n\n<li>Children&#039;s theme included.<\/li>\n\n\n\n<li>Supports all modern browsers Chrome, Safari, Firefox, IE11+.<\/li>\n\n\n\n<li>Fast and prompt support (15 hours online in a day)<\/li>\n\n\n\n<li>Google Web Font<\/li>\n\n\n\n<li>Totally layer-based<\/li>\n\n\n\n<li>Well organized group and layers<\/li>\n\n\n\n<li>All illustration files included<\/li>\n\n\n\n<li>Fully Customizable<\/li>\n\n\n\n<li>Amazing portfolio layout.<\/li>\n\n\n\n<li>Creative layout<\/li>\n\n\n\n<li>Clean up your blog layout.<\/li>\n\n\n\n<li>Modern UI &amp; Unique Design<\/li>\n\n\n\n<li>Ready to code<\/li>\n\n\n\n<li>Good color combination<\/li>\n\n\n\n<li>Well organized layers<\/li>\n\n\n\n<li>Pixel perfect<\/li>\n\n\n\n<li>Based on Bootstrap 5 Framework<\/li>\n\n\n\n<li>SEO-optimized code<\/li>\n\n\n\n<li>Mega Menu Support<\/li>\n\n\n\n<li>Awesome 5 Pro Font<\/li>\n\n\n\n<li>Clean and modern design<\/li>\n\n\n\n<li><strong><a href=\"https:\/\/themeholy.com\/docs\/kleanix\/\" target=\"_blank\" rel=\"noopener\">Documentation<\/a><\/strong>\u00a0detailed information included.<\/li>\n\n\n\n<li>Modern slider<\/li>\n\n\n\n<li>Creative Animation<\/li>\n\n\n\n<li>Isotope filtering<\/li>\n\n\n\n<li>Browser compatibility<\/li>\n\n\n\n<li>WOW Animation<\/li>\n\n\n\n<li>SASS file included<\/li>\n\n\n\n<li>100% Responsive<\/li>\n\n\n\n<li>Easy to customize<\/li>\n\n\n\n<li>W3 validated code<\/li>\n<\/ul>\n\n\n\n<h4 class=\"wp-block-heading\" id=\"item-description__-font-used\">Source used:<\/h4>\n\n\n\n<ul class=\"wp-block-list\">\n<li>Kanit<\/li>\n\n\n\n<li>Nanite<\/li>\n\n\n\n<li>Nanito Sans<\/li>\n\n\n\n<li>Warning<\/li>\n<\/ul>\n\n\n\n<h4 class=\"wp-block-heading\" id=\"item-description__what-you-get\">What do you get?<\/h4>\n\n\n\n<ul class=\"wp-block-list\">\n<li>WordPress Theme<\/li>\n\n\n\n<li>Children&#039;s Theme<\/li>\n\n\n\n<li>Documentation\u00a0<strong><a href=\"https:\/\/themeholy.com\/docs\/kleanix\/\" target=\"_blank\" rel=\"noopener\">from the online theme Documentation<\/a><\/strong><\/li>\n\n\n\n<li>Children&#039;s Theme<\/li>\n<\/ul>\n\n\n\n<h4 class=\"wp-block-heading\" id=\"item-description__sources-and-credits\">Sources and Credits<\/h4>\n\n\n\n<ul class=\"wp-block-list\">\n<li><a href=\"http:\/\/getbootstrap.com\/\" target=\"_blank\" rel=\"noopener\">Twitter Bootstrap<\/a><\/li>\n\n\n\n<li><a href=\"https:\/\/jquery.org\/\" target=\"_blank\" rel=\"noopener\">jQuery<\/a><\/li>\n\n\n\n<li><a href=\"https:\/\/swiperjs.com\/\" target=\"_blank\" rel=\"noopener\">Slider slider<\/a><\/li>\n\n\n\n<li><a href=\"http:\/\/dimsemenov.com\/plugins\/magnific-popup\/\" target=\"_blank\" rel=\"noopener\">Magnificent pop-up<\/a><\/li>\n<\/ul>\n\n\n\n<h4 class=\"wp-block-heading\" id=\"item-description__icons-used\">Icons used<\/h4>\n\n\n\n<ul class=\"wp-block-list\">\n<li>Free flat icons by\u00a0<a href=\"https:\/\/www.flaticon.com\/\" target=\"_blank\" rel=\"noopener\">Flat Icon<\/a>.<\/li>\n\n\n\n<li>Font Awesome (icons)<\/li>\n\n\n\n<li>SVG Icons<\/li>\n<\/ul>","protected":false},"excerpt":{"rendered":"<p>Kleanix \u2013 Tema WordPress do servi\u00e7o de limpeza Kleanix&nbsp;\u2013 Tema WordPress de servi\u00e7o de limpeza que \u00e9 perfeito para limpeza de casa, limpeza de escrit\u00f3rio, limpeza de janelas, limpeza, servi\u00e7os de limpeza e sites de neg\u00f3cios relacionados a empresas de lavanderia. P\u00e1ginas iniciais e \u00f3timo recursos para ajudar sua loja a se destacar das empresas [&hellip;]<\/p>","protected":false},"featured_media":23588,"comment_status":"open","ping_status":"closed","template":"","meta":{"_jf_limit_responses":"","iawp_total_views":105},"product_brand":[],"product_cat":[22],"product_tag":[91],"class_list":{"0":"post-23587","1":"product","2":"type-product","3":"status-publish","4":"has-post-thumbnail","6":"product_cat-temas-wordpress","7":"product_tag-business","9":"first","10":"instock","11":"downloadable","12":"virtual","13":"purchasable","14":"product-type-simple"},"_links":{"self":[{"href":"https:\/\/packdesites.com\/en\/wp-json\/wp\/v2\/product\/23587","targetHints":{"allow":["GET"]}}],"collection":[{"href":"https:\/\/packdesites.com\/en\/wp-json\/wp\/v2\/product"}],"about":[{"href":"https:\/\/packdesites.com\/en\/wp-json\/wp\/v2\/types\/product"}],"replies":[{"embeddable":true,"href":"https:\/\/packdesites.com\/en\/wp-json\/wp\/v2\/comments?post=23587"}],"version-history":[{"count":2,"href":"https:\/\/packdesites.com\/en\/wp-json\/wp\/v2\/product\/23587\/revisions"}],"predecessor-version":[{"id":24039,"href":"https:\/\/packdesites.com\/en\/wp-json\/wp\/v2\/product\/23587\/revisions\/24039"}],"wp:featuredmedia":[{"embeddable":true,"href":"https:\/\/packdesites.com\/en\/wp-json\/wp\/v2\/media\/23588"}],"wp:attachment":[{"href":"https:\/\/packdesites.com\/en\/wp-json\/wp\/v2\/media?parent=23587"}],"wp:term":[{"taxonomy":"product_brand","embeddable":true,"href":"https:\/\/packdesites.com\/en\/wp-json\/wp\/v2\/product_brand?post=23587"},{"taxonomy":"product_cat","embeddable":true,"href":"https:\/\/packdesites.com\/en\/wp-json\/wp\/v2\/product_cat?post=23587"},{"taxonomy":"product_tag","embeddable":true,"href":"https:\/\/packdesites.com\/en\/wp-json\/wp\/v2\/product_tag?post=23587"}],"curies":[{"name":"wp","href":"https:\/\/api.w.org\/{rel}","templated":true}]}}