{"id":23458,"date":"2025-08-25T16:47:59","date_gmt":"2025-08-25T19:47:59","guid":{"rendered":"https:\/\/packdesites.com\/?post_type=product&#038;p=23458"},"modified":"2025-08-25T16:48:04","modified_gmt":"2025-08-25T19:48:04","slug":"conditional-shipping-and-payments-for-woocommerce","status":"publish","type":"product","link":"https:\/\/packdesites.com\/en\/product\/conditional-shipping-and-payments-for-woocommerce\/","title":{"rendered":"Conditional Shipping and Payments for WooCommerce"},"content":{"rendered":"<p>Use conditional logic to restrict the shipping and payment options available in your store.<\/p>\n\n\n\n<hr class=\"wp-block-separator has-alpha-channel-opacity\"\/>\n\n\n\n<p><strong>Conditional Shipping and Payments<\/strong>&nbsp;offers a simplified way to restrict the shipping methods, payment gateways, and shipping destinations available to your customers.<\/p>\n\n\n\n<ul class=\"wp-block-list\">\n<li>Make available\u00a0<strong>free shipping<\/strong>\u00a0<strong>by product<\/strong>,\u00a0<strong>category<\/strong>\u00a0or\u00a0<strong>freight class<\/strong>.<\/li>\n\n\n\n<li>Restrict shipping methods and live rates based on\u00a0<strong>package weight<\/strong>,\u00a0<strong>in item count<\/strong>\u00a0or not\u00a0<strong>cart total<\/strong>.<\/li>\n\n\n\n<li>Prevent individual products or categories from being sent to\u00a0<strong>countries<\/strong>,\u00a0<strong>states<\/strong>\u00a0and\u00a0<strong>Restricted ZIP codes<\/strong>.<\/li>\n\n\n\n<li>Limit shipping and payment options to customers and\u00a0<strong>client functions<\/strong>\u00a0specific, such as\u00a0<a href=\"https:\/\/woocommerce.com\/products\/woocommerce-memberships\/\" target=\"_blank\" rel=\"noreferrer noopener\">association holders<\/a>\u00a0or wholesale customers.<\/li>\n\n\n\n<li>Use specific payment gateways to purchase\u00a0<a href=\"https:\/\/woocommerce.com\/products\/woocommerce-subscriptions\/\" target=\"_blank\" rel=\"noreferrer noopener\">signatures<\/a>\u00a0or offer free shipping with subscription renewals.<\/li>\n<\/ul>\n\n\n\n<hr class=\"wp-block-separator has-alpha-channel-opacity\"\/>\n\n\n\n<figure class=\"wp-block-image\" id=\"attachment_7596269\"><img decoding=\"async\" src=\"https:\/\/woocommerce.com\/wp-content\/uploads\/2015\/03\/csp_overview_19.png?strip=all&amp;w=900\" alt=\"Get full control over your WooCommerce shipping and payment options.\" class=\"wp-image-7596269\" title=\"\"><figcaption class=\"wp-element-caption\">Get full control over your WooCommerce shipping and payment options.<\/figcaption><\/figure>\n\n\n\n<h2 class=\"wp-block-heading\">Restrict shipping methods<\/h2>\n\n\n\n<p>Create rules to disable or hide&nbsp;<strong>shipping methods<\/strong>&nbsp;conditionally:<\/p>\n\n\n\n<ul class=\"wp-block-list\">\n<li>By product, category or shipping class.<\/li>\n\n\n\n<li>By weight, quantity of items or cart total.<\/li>\n\n\n\n<li>When activating a coupon code.<\/li>\n\n\n\n<li>When purchasing\u00a0<a href=\"https:\/\/woocommerce.com\/products\/woocommerce-subscriptions\/\" target=\"_blank\" rel=\"noreferrer noopener\">signatures<\/a>.<\/li>\n\n\n\n<li>For individual customers, customer roles or\u00a0<a href=\"https:\/\/woocommerce.com\/products\/woocommerce-memberships\/\" target=\"_blank\" rel=\"noreferrer noopener\">site members<\/a>.<\/li>\n<\/ul>\n\n\n\n<figure class=\"wp-block-image\" id=\"attachment_7596268\"><img decoding=\"async\" src=\"https:\/\/woocommerce.com\/wp-content\/uploads\/2015\/03\/csp_sm_19.png?strip=all&amp;w=900\" alt=\"Create rules to hide existing shipping methods and active shipping rates.\" class=\"wp-image-7596268\" title=\"\"><figcaption class=\"wp-element-caption\">Create rules to hide existing shipping methods and active shipping rates.<\/figcaption><\/figure>\n\n\n\n<h2 class=\"wp-block-heading\">Restrict payment gateways<\/h2>\n\n\n\n<p>Conditionally restrict or hide&nbsp;<strong>payment gateways<\/strong>:<\/p>\n\n\n\n<ul class=\"wp-block-list\">\n<li>By shipping method, country, state or zip code.<\/li>\n\n\n\n<li>Depending on the billing country chosen.<\/li>\n\n\n\n<li>Based on order total or currency.<\/li>\n\n\n\n<li>By product, product category, or shipping class.<\/li>\n\n\n\n<li>When paying\u00a0<a href=\"https:\/\/woocommerce.com\/products\/woocommerce-subscriptions\/\" target=\"_blank\" rel=\"noreferrer noopener\">by subscriptions<\/a>.<\/li>\n\n\n\n<li>For individual customers, customer roles or\u00a0<a href=\"https:\/\/woocommerce.com\/products\/woocommerce-memberships\/\" target=\"_blank\" rel=\"noreferrer noopener\">members<\/a>\u00a0from your website.<\/li>\n<\/ul>\n\n\n\n<figure class=\"wp-block-image\" id=\"attachment_7596270\"><img decoding=\"async\" src=\"https:\/\/woocommerce.com\/wp-content\/uploads\/2015\/03\/csp_pg_19.png?strip=all&amp;w=900\" alt=\"Conditional logic, at your fingertips.\" class=\"wp-image-7596270\" title=\"\"><figcaption class=\"wp-element-caption\">Conditional logic, at your fingertips.<\/figcaption><\/figure>\n\n\n\n<h2 class=\"wp-block-heading\">Create shipping country and state restrictions<\/h2>\n\n\n\n<p>Create rules to prevent customer orders from being shipped to specific countries or shipping states to comply with customs, import regulations, or carrier terms. Create shipping rules by product or custom conditional rules based on:<\/p>\n\n\n\n<ul class=\"wp-block-list\">\n<li>Product categories or shipping classes in the cart.<\/li>\n\n\n\n<li>Cart or shipping package totals.<\/li>\n\n\n\n<li>Functions or\u00a0<a href=\"https:\/\/woocommerce.com\/products\/woocommerce-memberships\/\" target=\"_blank\" rel=\"noreferrer noopener\">associations of<\/a>\u00a0customers.<\/li>\n<\/ul>\n\n\n\n<figure class=\"wp-block-image\" id=\"attachment_7596279\"><img decoding=\"async\" src=\"https:\/\/woocommerce.com\/wp-content\/uploads\/2015\/03\/csp_notice_19c.png?strip=all&amp;w=900\" alt=\"Exclude shipping destinations by product or category\" class=\"wp-image-7596279\" title=\"\"><figcaption class=\"wp-element-caption\">Exclude shipping destinations by product or category.<\/figcaption><\/figure>\n\n\n\n<p>Want to know more? Check out the&nbsp;<a href=\"https:\/\/woocommerce.com\/document\/woocommerce-conditional-shipping-and-payments\/#reference\" target=\"_blank\" rel=\"noreferrer noopener\">documentation<\/a>&nbsp;for a complete list of all conditions available in the extension.<\/p>\n\n\n\n<h2 class=\"wp-block-heading\">Stay focused on what matters<\/h2>\n\n\n\n<p>Struggling with scattered snippets and plugins with limited functionality? It&#039;s never too late to clean up your site!<\/p>\n\n\n\n<p>Conditional shipping and payments allow you to create restrictions&nbsp;<strong>global<\/strong>&nbsp;or&nbsp;<strong>by product<\/strong>No matter which approach you choose, the extension keeps your site clean and helps you quickly track all shipping and payment method restrictions on your site.<\/p>\n\n\n\n<p>Running a high-traffic store? The extension takes advantage of all the caching optimizations built into WooCommerce and loads only the components necessary to evaluate the rules you&#039;ve created. This ensures that shipping and conditional payments never slow you down.<\/p>\n\n\n\n<p>We&#039;ve written over 2,000 automated tests to ensure every feature works as expected, update after update, so you can stay focused on what matters most: your business\u2014not your plugins!<\/p>\n\n\n\n<h2 class=\"wp-block-heading\">Customize and extend it<\/h2>\n\n\n\n<p>Conditional Shipping &amp; Payments comes with 10+ integrations with popular extensions like&nbsp;<a href=\"https:\/\/woocommerce.com\/products\/woocommerce-subscriptions\/\" target=\"_blank\" rel=\"noreferrer noopener\">Subscriptions<\/a>,&nbsp;<a href=\"https:\/\/woocommerce.com\/products\/woocommerce-memberships\/\" target=\"_blank\" rel=\"noreferrer noopener\">Associations<\/a>&nbsp;and&nbsp;<a href=\"https:\/\/woocommerce.com\/products\/gift-cards\/\" target=\"_blank\" rel=\"noreferrer noopener\">Gift Cards<\/a>&nbsp;\u2013 and the list keeps growing!<\/p>\n\n\n\n<p>Need to create a custom condition? Use actions and filters to&nbsp;<strong>add new conditions<\/strong>,&nbsp;<strong>personalize<\/strong>&nbsp;the extension or even create&nbsp;<strong>new types of cart\/checkout restrictions<\/strong>&nbsp;from scratch.<\/p>","protected":false},"excerpt":{"rendered":"<p>Use a l\u00f3gica condicional para restringir as op\u00e7\u00f5es de envio e pagamento dispon\u00edveis em sua loja. O Envio e Pagamentos Condicionais&nbsp;oferece uma maneira simplificada de restringir os m\u00e9todos de envio, gateways de pagamento e destinos de envio dispon\u00edveis para seus clientes. Restringir m\u00e9todos de envio Crie regras para desativar ou ocultar&nbsp;m\u00e9todos de envio&nbsp;condicionalmente: Restringir gateways [&hellip;]<\/p>","protected":false},"featured_media":23461,"comment_status":"open","ping_status":"closed","template":"","meta":{"_jf_limit_responses":"","iawp_total_views":38},"product_brand":[],"product_cat":[41],"product_tag":[91,49],"class_list":{"0":"post-23458","1":"product","2":"type-product","3":"status-publish","4":"has-post-thumbnail","6":"product_cat-plugins","7":"product_tag-business","8":"product_tag-starter","10":"first","11":"instock","12":"downloadable","13":"virtual","14":"purchasable","15":"product-type-simple"},"_links":{"self":[{"href":"https:\/\/packdesites.com\/en\/wp-json\/wp\/v2\/product\/23458","targetHints":{"allow":["GET"]}}],"collection":[{"href":"https:\/\/packdesites.com\/en\/wp-json\/wp\/v2\/product"}],"about":[{"href":"https:\/\/packdesites.com\/en\/wp-json\/wp\/v2\/types\/product"}],"replies":[{"embeddable":true,"href":"https:\/\/packdesites.com\/en\/wp-json\/wp\/v2\/comments?post=23458"}],"version-history":[{"count":1,"href":"https:\/\/packdesites.com\/en\/wp-json\/wp\/v2\/product\/23458\/revisions"}],"predecessor-version":[{"id":23462,"href":"https:\/\/packdesites.com\/en\/wp-json\/wp\/v2\/product\/23458\/revisions\/23462"}],"wp:featuredmedia":[{"embeddable":true,"href":"https:\/\/packdesites.com\/en\/wp-json\/wp\/v2\/media\/23461"}],"wp:attachment":[{"href":"https:\/\/packdesites.com\/en\/wp-json\/wp\/v2\/media?parent=23458"}],"wp:term":[{"taxonomy":"product_brand","embeddable":true,"href":"https:\/\/packdesites.com\/en\/wp-json\/wp\/v2\/product_brand?post=23458"},{"taxonomy":"product_cat","embeddable":true,"href":"https:\/\/packdesites.com\/en\/wp-json\/wp\/v2\/product_cat?post=23458"},{"taxonomy":"product_tag","embeddable":true,"href":"https:\/\/packdesites.com\/en\/wp-json\/wp\/v2\/product_tag?post=23458"}],"curies":[{"name":"wp","href":"https:\/\/api.w.org\/{rel}","templated":true}]}}