{"id":23429,"date":"2025-08-24T17:18:06","date_gmt":"2025-08-24T20:18:06","guid":{"rendered":"https:\/\/packdesites.com\/?post_type=product&#038;p=23429"},"modified":"2025-08-24T17:18:09","modified_gmt":"2025-08-24T20:18:09","slug":"benz-website-template-for-real-estate-and-architecture","status":"publish","type":"product","link":"https:\/\/packdesites.com\/en\/product\/benz-website-template-for-real-estate-and-architecture\/","title":{"rendered":"Benz \u2013 Real Estate and Architecture Website Template"},"content":{"rendered":"<p>Benz is a modern Elementor Template Kit specially designed for real estate websites! The template kit comes with an ideal selection of templates for any business that helps grow their business, such as real estate, property listings, real estate agencies, home listings, modern design, property management, home rentals, property portfolios, or company website services. This kit features a modern and unique design with a fully responsive 100% layout, easy installation, and, of course, very easy to customize because when using Elementor, you don&#039;t need a single line of coding! Save your time.<\/p>\n\n\n\n<p>This Template Kit contains page content for creating Elementor pages. This kit is optimized for use with the free \u201cHello Elementor\u201d theme.<\/p>\n\n\n\n<p><strong>Features:<\/strong><\/p>\n\n\n\n<ul class=\"wp-block-list\">\n<li>Compatible with WordPress \u2013 Elementor<\/li>\n\n\n\n<li>Using Free Plugins (Elementor Pro is not required)<\/li>\n\n\n\n<li>True codeless customization with drag and drop<\/li>\n\n\n\n<li>100% fully responsive and mobile friendly<\/li>\n\n\n\n<li>Modern and professional design<\/li>\n\n\n\n<li>15+ pre-built templates ready to use<\/li>\n\n\n\n<li>Customize fonts and colors in one place (Global Theme Kit Style)<\/li>\n<\/ul>\n\n\n\n<p><strong>Zip models:<\/strong><\/p>\n\n\n\n<ul class=\"wp-block-list\">\n<li>Home page<\/li>\n\n\n\n<li>About us<\/li>\n\n\n\n<li>Listing<\/li>\n\n\n\n<li>Property Details<\/li>\n\n\n\n<li>Agency<\/li>\n\n\n\n<li>Agent<\/li>\n\n\n\n<li>Our services<\/li>\n\n\n\n<li>Pricing plan<\/li>\n\n\n\n<li>FREQUENTLY ASKED QUESTIONS<\/li>\n\n\n\n<li>Contact us<\/li>\n\n\n\n<li>Blog<\/li>\n\n\n\n<li>Single post<\/li>\n\n\n\n<li>404<\/li>\n\n\n\n<li>header<\/li>\n\n\n\n<li>Baseboard<\/li>\n<\/ul>\n\n\n\n<p><strong>Required plugins:<\/strong><\/p>\n\n\n\n<ul class=\"wp-block-list\">\n<li>Elementor<\/li>\n\n\n\n<li>Rome Thematic Form<\/li>\n\n\n\n<li>Rome themed kit<\/li>\n<\/ul>\n\n\n\n<p><strong>How to use Template Kits:<\/strong>&nbsp;This is not a WordPress Theme. Template kits contain only Elementor design data and are installed using the envato Elements plugin for WordPress or directly through Elementor.<\/p>","protected":false},"excerpt":{"rendered":"<p>Benz \u00e9 um moderno Kit de Templates Elementor especialmente desenvolvido para sites de empresas imobili\u00e1rias! O kit de modelos vem com uma sele\u00e7\u00e3o ideal de modelos para qualquer empresa que ajude a expandir seus neg\u00f3cios, como im\u00f3veis, listagem de propriedades, ag\u00eancia imobili\u00e1ria, an\u00fancios de casas, design moderno, gerenciamento de propriedades, aluguel de casas, portf\u00f3lio de [&hellip;]<\/p>","protected":false},"featured_media":23430,"comment_status":"open","ping_status":"closed","template":"","meta":{"_jf_limit_responses":"","iawp_total_views":235},"product_brand":[],"product_cat":[23,30,24],"product_tag":[19],"class_list":{"0":"post-23429","1":"product","2":"type-product","3":"status-publish","4":"has-post-thumbnail","6":"product_cat-templates-elementor-e-envato","7":"product_cat-imobiliario-arquitetura-e-construcao-de-imoveis","8":"product_cat-templates-envato","9":"product_tag-vitalicio","11":"first","12":"instock","13":"downloadable","14":"virtual","15":"purchasable","16":"product-type-simple"},"_links":{"self":[{"href":"https:\/\/packdesites.com\/en\/wp-json\/wp\/v2\/product\/23429","targetHints":{"allow":["GET"]}}],"collection":[{"href":"https:\/\/packdesites.com\/en\/wp-json\/wp\/v2\/product"}],"about":[{"href":"https:\/\/packdesites.com\/en\/wp-json\/wp\/v2\/types\/product"}],"replies":[{"embeddable":true,"href":"https:\/\/packdesites.com\/en\/wp-json\/wp\/v2\/comments?post=23429"}],"version-history":[{"count":1,"href":"https:\/\/packdesites.com\/en\/wp-json\/wp\/v2\/product\/23429\/revisions"}],"predecessor-version":[{"id":23431,"href":"https:\/\/packdesites.com\/en\/wp-json\/wp\/v2\/product\/23429\/revisions\/23431"}],"wp:featuredmedia":[{"embeddable":true,"href":"https:\/\/packdesites.com\/en\/wp-json\/wp\/v2\/media\/23430"}],"wp:attachment":[{"href":"https:\/\/packdesites.com\/en\/wp-json\/wp\/v2\/media?parent=23429"}],"wp:term":[{"taxonomy":"product_brand","embeddable":true,"href":"https:\/\/packdesites.com\/en\/wp-json\/wp\/v2\/product_brand?post=23429"},{"taxonomy":"product_cat","embeddable":true,"href":"https:\/\/packdesites.com\/en\/wp-json\/wp\/v2\/product_cat?post=23429"},{"taxonomy":"product_tag","embeddable":true,"href":"https:\/\/packdesites.com\/en\/wp-json\/wp\/v2\/product_tag?post=23429"}],"curies":[{"name":"wp","href":"https:\/\/api.w.org\/{rel}","templated":true}]}}