{"id":23404,"date":"2025-08-22T10:47:42","date_gmt":"2025-08-22T13:47:42","guid":{"rendered":"https:\/\/packdesites.com\/?post_type=product&#038;p=23404"},"modified":"2025-08-22T10:47:45","modified_gmt":"2025-08-22T13:47:45","slug":"bookly-custom-fields-add-on","status":"publish","type":"product","link":"https:\/\/packdesites.com\/en\/product\/bookly-custom-fields-add-on\/","title":{"rendered":"Bookly Custom Fields (Add-on)"},"content":{"rendered":"<p>Would you like to collect additional information during the booking process? The default required fields included in the standard Bookly PRO booking form are name, phone number, email address, and appointment notes. With Bookly Custom Fields (Add-on), you can add additional fields of different types to the Details step of the Bookly booking form. This feature allows you to collect more specific information from your customers before they complete the booking. The custom fields will be added to the appointment details in Bookly Calendar and can be updated as needed.<\/p>\n\n\n\n<h2 class=\"wp-block-heading\" id=\"item-description__features\"><strong>Features<\/strong><\/h2>\n\n\n\n<ul class=\"wp-block-list\">\n<li>Create as many custom fields as you need<\/li>\n\n\n\n<li>Use different question types: text, checkbox, dropdown, radio button, numeric, captcha, etc.<\/li>\n\n\n\n<li>Configure conditional custom fields<\/li>\n\n\n\n<li>Make fields required or optional<\/li>\n\n\n\n<li>Associate fields with specific services<\/li>\n\n\n\n<li>Create internal custom fields \u2013 visible only in the Bookly backend<\/li>\n\n\n\n<li>Update custom fields in the appointment details if needed<\/li>\n<\/ul>\n\n\n\n<p>Like all Bookly add-ons, the custom fields feature integrates seamlessly with the Bookly PRO appointment scheduling and booking software system \u2013 setup takes just a few minutes.<\/p>\n\n\n\n<p>Read how to set up and use Bookly Custom Fields (Add-on) in our&nbsp;<a href=\"https:\/\/support.booking-wp-plugin.com\/hc\/en-us\/articles\/115003963514-Custom-Fields-Add-on\" target=\"_blank\" rel=\"noopener\">documentation<\/a>&nbsp;detailed.<\/p>\n\n\n\n<blockquote class=\"wp-block-quote is-layout-flow wp-block-quote-is-layout-flow\">\n<p><strong><a href=\"https:\/\/www.booking-wp-plugin.com\/demo\/custom-fields\/\" target=\"_blank\" rel=\"noopener\">CHECK OUT THE FREE BOOKLY LIVE DEMO<\/a><\/strong><\/p>\n<\/blockquote>\n\n\n\n<blockquote class=\"wp-block-quote is-layout-flow wp-block-quote-is-layout-flow\">\n<p><strong><a href=\"https:\/\/www.youtube.com\/channel\/UCO4v4UcvU43enNcHU8BN5XA\/videos\" target=\"_blank\" rel=\"noopener\">WATCH QUICK VIDEO TUTORIALS<\/a><\/strong><\/p>\n<\/blockquote>","protected":false},"excerpt":{"rendered":"<p>Gostaria de coletar informa\u00e7\u00f5es adicionais durante o processo de reserva? Os campos obrigat\u00f3rios padr\u00e3o inclu\u00eddos no formul\u00e1rio de reserva padr\u00e3o do Bookly PRO s\u00e3o o nome, n\u00famero de telefone, endere\u00e7o de e-mail e notas de compromisso. Com os Campos Personalizados do Bookly (Add-on), voc\u00ea pode adicionar campos extras de diferentes tipos \u00e0 etapa Detalhes do [&hellip;]<\/p>","protected":false},"featured_media":23405,"comment_status":"open","ping_status":"closed","template":"","meta":{"_jf_limit_responses":"","iawp_total_views":42},"product_brand":[],"product_cat":[41],"product_tag":[91],"class_list":{"0":"post-23404","1":"product","2":"type-product","3":"status-publish","4":"has-post-thumbnail","6":"product_cat-plugins","7":"product_tag-business","9":"first","10":"instock","11":"downloadable","12":"virtual","13":"purchasable","14":"product-type-simple"},"_links":{"self":[{"href":"https:\/\/packdesites.com\/en\/wp-json\/wp\/v2\/product\/23404","targetHints":{"allow":["GET"]}}],"collection":[{"href":"https:\/\/packdesites.com\/en\/wp-json\/wp\/v2\/product"}],"about":[{"href":"https:\/\/packdesites.com\/en\/wp-json\/wp\/v2\/types\/product"}],"replies":[{"embeddable":true,"href":"https:\/\/packdesites.com\/en\/wp-json\/wp\/v2\/comments?post=23404"}],"version-history":[{"count":1,"href":"https:\/\/packdesites.com\/en\/wp-json\/wp\/v2\/product\/23404\/revisions"}],"predecessor-version":[{"id":23406,"href":"https:\/\/packdesites.com\/en\/wp-json\/wp\/v2\/product\/23404\/revisions\/23406"}],"wp:featuredmedia":[{"embeddable":true,"href":"https:\/\/packdesites.com\/en\/wp-json\/wp\/v2\/media\/23405"}],"wp:attachment":[{"href":"https:\/\/packdesites.com\/en\/wp-json\/wp\/v2\/media?parent=23404"}],"wp:term":[{"taxonomy":"product_brand","embeddable":true,"href":"https:\/\/packdesites.com\/en\/wp-json\/wp\/v2\/product_brand?post=23404"},{"taxonomy":"product_cat","embeddable":true,"href":"https:\/\/packdesites.com\/en\/wp-json\/wp\/v2\/product_cat?post=23404"},{"taxonomy":"product_tag","embeddable":true,"href":"https:\/\/packdesites.com\/en\/wp-json\/wp\/v2\/product_tag?post=23404"}],"curies":[{"name":"wp","href":"https:\/\/api.w.org\/{rel}","templated":true}]}}