{"id":23333,"date":"2025-08-19T12:26:20","date_gmt":"2025-08-19T15:26:20","guid":{"rendered":"https:\/\/packdesites.com\/?post_type=product&#038;p=23333"},"modified":"2026-02-09T17:18:53","modified_gmt":"2026-02-09T20:18:53","slug":"onsus-ecommerce-wordpress-theme","status":"publish","type":"product","link":"https:\/\/packdesites.com\/en\/product\/onsus-ecommerce-wordpress-theme\/","title":{"rendered":"Onsus \u2013 Ecommerce WordPress Theme"},"content":{"rendered":"<p>Onsus \u2014 Ecommerce WordPress Theme is a robust and adaptable WordPress theme ideal for developing an online electronics store. It places a strong emphasis on product categorization, but also emphasizes the functionality of web-specific components. A design that incorporates components to emphasize unique products.<\/p>\n\n\n\n<p>Onsus features widgets that display the most popular products. Banner sliders showcase featured and trending products. The user experience within product categories is seamless. Furthermore, the search option is as comprehensive as you&#039;d expect from an e-commerce business. Customers can narrow their search by category, availability, product condition, and brand. Simply put, Onsus is the theme for you!<\/p>\n\n\n\n<p>With the one-click demo content import tool, you&#039;ll have a complete website. You can then start customizing your WordPress site using the Elementor theme options page builder and replace the demo content with your own.<\/p>\n\n\n\n<p><strong>Main features of the Theme:<\/strong><\/p>\n\n\n\n<p><strong>Elementor Page Builder:<\/strong>\u00a0Elementor Page Builder for WordPress is a drag-and-drop front-end and back-end page builder plugin that will save you a lot of time working on your website content.<\/p>\n\n\n\n<p><strong>Sales Countdown Timer:<\/strong>\u00a0Add a countdown timer to your sales campaign to create urgency and increase conversions. With the Sales Countdown Timer, it&#039;s easy to instill urgency, scarcity, and focus on your call to action. This fantastic feature can be used to display special offers, discounts, or scarcity for your store.<\/p>\n\n\n\n<p><strong>Products frequently purchased together:<\/strong>&nbsp;With the Frequently Bought Together feature, you can help customers find related and complementary products. On product pages, customer-triggered recommendations for &quot;frequently bought together&quot; items increase average order values. Additionally, you can sell frequently bought together products on your store&#039;s homepage and\/or shopping cart page to further increase your profits!<\/p>\n\n\n\n<p><strong>Responsive Layout Design:<\/strong>\u00a0Your website&#039;s mobile appearance is crucial these days. That&#039;s why we made sure the Sujo Theme looks great on mobile, desktop, and retina screens!<\/p>\n\n\n\n<p><strong>One-Click Demo Importer:<\/strong>&nbsp;With the demo data importer, you&#039;ll be set up and ready to customize your site in minutes. Watch the video here. Watch the One-Click Install Demo video.<\/p>\n\n\n\n<p><strong>Lifetime updates and user support:<\/strong>\u00a0After purchasing our theme, you&#039;ll receive free lifetime updates. Our amazing support team will handle all your questions to ensure you finish customizing your website.<\/p>\n\n\n\n<p><strong>WPML and translation ready:<\/strong><\/p>\n\n\n\n<p>The theme is compatible with the most popular WordPress plugin that supports multilingual layouts. Translate your site into any language with WPML!<\/p>\n\n\n\n<p><strong>Advanced typography options:<\/strong>&nbsp;Choose from any of Google&#039;s web font libraries through the powerful theme options panel! Now you can define a unique style for your brand!<\/p>\n\n\n\n<p><strong>Search Engine Optimization (SEO):<\/strong>We design and develop our templates with SEO best practices in mind, with W3C-validated code, proper HTML, and optimized code. You can check the optimization of the page (Woorank) or any other website.<\/p>\n\n\n\n<p><strong>Full Feature List<\/strong><\/p>\n\n\n\n<ul class=\"wp-block-list\">\n<li>WordPress 6.x fully tested<\/li>\n\n\n\n<li>8+ unique homepages<\/li>\n\n\n\n<li>Live Ajax Search<\/li>\n\n\n\n<li>Ajax Filter<\/li>\n\n\n\n<li>360 degree product<\/li>\n\n\n\n<li>Product video<\/li>\n\n\n\n<li>Product variable (color, size, image\u2026)<\/li>\n\n\n\n<li>YITH WooCommerce Wishlist Supported<\/li>\n\n\n\n<li>YITH Woocommerce Compare<\/li>\n\n\n\n<li>Ajax: Add to Cart, Wishlist<\/li>\n\n\n\n<li>Recently viewed product<\/li>\n\n\n\n<li>YITH WooCommerce Frequently Bought Together<\/li>\n\n\n\n<li>Discount on product quantity<\/li>\n\n\n\n<li>Add to cart adhesive bar<\/li>\n\n\n\n<li>Multi-currency selector<\/li>\n\n\n\n<li>Sales Countdown Timer<\/li>\n\n\n\n<li>Free shipping bar ready<\/li>\n\n\n\n<li>Product Quick View<\/li>\n\n\n\n<li>Minimum\/maximum quantity option ready<\/li>\n\n\n\n<li>Minimum order value ready<\/li>\n\n\n\n<li>Zoom-ready product image<\/li>\n\n\n\n<li>Brief product description<\/li>\n\n\n\n<li>Ready-made pop-up newsletter<\/li>\n\n\n\n<li>Mobile-ready bottom menu<\/li>\n\n\n\n<li>Login pop-up<\/li>\n\n\n\n<li>Elementor Drag and Drop Page Builder<\/li>\n\n\n\n<li>Children&#039;s theme ready<\/li>\n\n\n\n<li>Full demo with one-click installation<\/li>\n\n\n\n<li>100% fully responsive, your website will work on almost any device<\/li>\n\n\n\n<li>No coding knowledge required<\/li>\n\n\n\n<li>Powerful Page Options<\/li>\n\n\n\n<li>Mailchimp Integration<\/li>\n\n\n\n<li>Envato Toolkit Updates<\/li>\n\n\n\n<li>Fixed header option<\/li>\n\n\n\n<li>Retina ready<\/li>\n\n\n\n<li>Well organized codes<\/li>\n\n\n\n<li>Excellent website performance<\/li>\n\n\n\n<li>Contact form support<\/li>\n\n\n\n<li>Custom CSS supported<\/li>\n\n\n\n<li>Unlimited color scheme<\/li>\n\n\n\n<li>Parallax effect<\/li>\n\n\n\n<li>Google Fonts<\/li>\n\n\n\n<li>Free updates and support<\/li>\n\n\n\n<li>Cross-browser and cross-platform compatibility<\/li>\n\n\n\n<li>And much more!<\/li>\n<\/ul>","protected":false},"excerpt":{"rendered":"<p>Onsus \u2014 Tema WordPress de com\u00e9rcio eletr\u00f4nico \u00e9 um tema WordPress robusto e adapt\u00e1vel, ideal para o desenvolvimento de uma loja de eletr\u00f4nicos on-line. Ele coloca uma forte \u00eanfase na categoriza\u00e7\u00e3o de produtos. No entanto, ele tamb\u00e9m enfatiza o funcionamento de componentes espec\u00edficos da Web. Um design que incorpora componentes para enfatizar produtos exclusivos. O [&hellip;]<\/p>","protected":false},"featured_media":23335,"comment_status":"open","ping_status":"closed","template":"","meta":{"_jf_limit_responses":"","iawp_total_views":167},"product_brand":[],"product_cat":[22],"product_tag":[19],"class_list":{"0":"post-23333","1":"product","2":"type-product","3":"status-publish","4":"has-post-thumbnail","6":"product_cat-temas-wordpress","7":"product_tag-vitalicio","9":"first","10":"instock","11":"downloadable","12":"virtual","13":"purchasable","14":"product-type-simple"},"_links":{"self":[{"href":"https:\/\/packdesites.com\/en\/wp-json\/wp\/v2\/product\/23333","targetHints":{"allow":["GET"]}}],"collection":[{"href":"https:\/\/packdesites.com\/en\/wp-json\/wp\/v2\/product"}],"about":[{"href":"https:\/\/packdesites.com\/en\/wp-json\/wp\/v2\/types\/product"}],"replies":[{"embeddable":true,"href":"https:\/\/packdesites.com\/en\/wp-json\/wp\/v2\/comments?post=23333"}],"version-history":[{"count":1,"href":"https:\/\/packdesites.com\/en\/wp-json\/wp\/v2\/product\/23333\/revisions"}],"predecessor-version":[{"id":23336,"href":"https:\/\/packdesites.com\/en\/wp-json\/wp\/v2\/product\/23333\/revisions\/23336"}],"wp:featuredmedia":[{"embeddable":true,"href":"https:\/\/packdesites.com\/en\/wp-json\/wp\/v2\/media\/23335"}],"wp:attachment":[{"href":"https:\/\/packdesites.com\/en\/wp-json\/wp\/v2\/media?parent=23333"}],"wp:term":[{"taxonomy":"product_brand","embeddable":true,"href":"https:\/\/packdesites.com\/en\/wp-json\/wp\/v2\/product_brand?post=23333"},{"taxonomy":"product_cat","embeddable":true,"href":"https:\/\/packdesites.com\/en\/wp-json\/wp\/v2\/product_cat?post=23333"},{"taxonomy":"product_tag","embeddable":true,"href":"https:\/\/packdesites.com\/en\/wp-json\/wp\/v2\/product_tag?post=23333"}],"curies":[{"name":"wp","href":"https:\/\/api.w.org\/{rel}","templated":true}]}}