{"id":22841,"date":"2025-07-11T09:44:50","date_gmt":"2025-07-11T12:44:50","guid":{"rendered":"https:\/\/packdesites.com\/?post_type=product&#038;p=22841"},"modified":"2025-07-11T09:48:44","modified_gmt":"2025-07-11T12:48:44","slug":"dynamic-content-for-elementor-add-super-powers-to-your-elementor","status":"publish","type":"product","link":"https:\/\/packdesites.com\/en\/product\/dynamic-content-for-elementor-add-super-powers-to-your-elementor\/","title":{"rendered":"Dynamic Content for Elementor \u2013 Add superpowers to your Elementor"},"content":{"rendered":"<figure class=\"wp-block-image\"><img decoding=\"async\" src=\"https:\/\/www.dynamic.ooo\/wp-content\/uploads\/2023\/05\/dce-intro-1-1024x517.png\" alt=\"\" class=\"wp-image-8595\" title=\"\"><\/figure>\n\n\n\n<h2 class=\"wp-block-heading\">Building&nbsp;<strong>powerful websites<\/strong>&nbsp;extending Elementor.<\/h2>\n\n\n\n<p>Over 150 features that will save you time and money when achieving complex results. The only limit is your imagination.<\/p>\n\n\n\n<h3 class=\"wp-block-heading\">Constant updates<\/h3>\n\n\n\n<p>Stay ahead of the curve with continuous enhancements and feature additions that keep your toolset cutting-edge.<\/p>\n\n\n\n<h3 class=\"wp-block-heading\">Optimized performance<\/h3>\n\n\n\n<p>There is no unnecessary code loading on the front end for features you didn&#039;t use on the back end.<\/p>\n\n\n\n<h3 class=\"wp-block-heading\">150+ features<\/h3>\n\n\n\n<p>Unleash creative freedom with a vast collection of over 150 ready-made assets to elevate your website.<\/p>\n\n\n\n<h2 class=\"wp-block-heading\">Boost anything.<\/h2>\n\n\n\n<figure class=\"wp-block-image is-resized\"><a href=\"https:\/\/www.dynamic.ooo\/dynamic-content-for-elementor\/integrations\/jetengine\" target=\"_blank\" rel=\"noopener\"><img decoding=\"async\" src=\"https:\/\/www.dynamic.ooo\/wp-content\/uploads\/2023\/09\/jetengine.svg\" alt=\"\" style=\"width:260px;height:auto\" title=\"\"><\/a><\/figure>\n\n\n\n<figure class=\"wp-block-image is-resized\"><a href=\"https:\/\/www.dynamic.ooo\/dynamic-content-for-elementor\/integrations\/meta-box\" target=\"_blank\" rel=\"noopener\"><img decoding=\"async\" src=\"https:\/\/www.dynamic.ooo\/wp-content\/uploads\/2023\/02\/Metabox-logo.svg\" alt=\"\" style=\"width:259px;height:auto\" title=\"\"><\/a><\/figure>\n\n\n\n<figure class=\"wp-block-image is-resized\"><a href=\"https:\/\/www.dynamic.ooo\/dynamic-content-for-elementor\/integrations\/pods\" target=\"_blank\" rel=\"noopener\"><img decoding=\"async\" src=\"https:\/\/www.dynamic.ooo\/wp-content\/uploads\/2023\/09\/pods.svg\" alt=\"\" style=\"width:263px;height:auto\" title=\"\"><\/a><\/figure>\n\n\n\n<figure class=\"wp-block-image is-resized\"><a href=\"https:\/\/www.dynamic.ooo\/dynamic-content-for-elementor\/integrations\/search-filter-pro\" target=\"_blank\" rel=\"noopener\"><img decoding=\"async\" src=\"https:\/\/www.dynamic.ooo\/wp-content\/uploads\/2023\/10\/searchandfilter.svg\" alt=\"\" style=\"width:257px;height:auto\" title=\"\"><\/a><\/figure>\n\n\n\n<figure class=\"wp-block-image is-resized\"><a href=\"https:\/\/www.dynamic.ooo\/dynamic-content-for-elementor\/integrations\/toolset\" target=\"_blank\" rel=\"noopener\"><img decoding=\"async\" src=\"https:\/\/www.dynamic.ooo\/wp-content\/uploads\/2023\/09\/toolset-1.svg\" alt=\"\" style=\"width:269px;height:auto\" title=\"\"><\/a><\/figure>\n\n\n\n<figure class=\"wp-block-image is-resized\"><a href=\"https:\/\/www.dynamic.ooo\/dynamic-content-for-elementor\/integrations\/woocommerce\" target=\"_blank\" rel=\"noopener\"><img decoding=\"async\" src=\"https:\/\/www.dynamic.ooo\/wp-content\/uploads\/2023\/09\/woo.svg\" alt=\"\" style=\"width:269px;height:auto\" title=\"\"><\/a><\/figure>\n\n\n\n<figure class=\"wp-block-image is-resized\"><a href=\"https:\/\/www.dynamic.ooo\/dynamic-content-for-elementor\/integrations\/wpml\" target=\"_blank\" rel=\"noopener\"><img decoding=\"async\" src=\"https:\/\/www.dynamic.ooo\/wp-content\/uploads\/2023\/09\/wpml.svg\" alt=\"\" style=\"width:262px;height:auto\" title=\"\"><\/a><\/figure>\n\n\n\n<figure class=\"wp-block-image\"><a href=\"https:\/\/www.dynamic.ooo\/dynamic-content-for-elementor\/features\/categories\/forms\/\" target=\"_blank\" rel=\"noopener\"><img decoding=\"async\" src=\"https:\/\/www.dynamic.ooo\/wp-content\/uploads\/2023\/05\/feature_forms-5-2.jpg\" alt=\"\" class=\"wp-image-9372\" title=\"\"><\/a><\/figure>\n\n\n\n<h2 class=\"wp-block-heading\">Your forms at the highest level<\/h2>\n\n\n\n<p>Wishes&nbsp;<strong>display different options in a form<\/strong>, based on user choices? Do you need a form that can perform&nbsp;<strong>calculations<\/strong>?&nbsp;<strong>Conditional display of fields and data<\/strong>&nbsp;it&#039;s very easy with our extensions.<\/p>\n\n\n\n<figure class=\"wp-block-image\"><a href=\"https:\/\/www.dynamic.ooo\/dynamic-content-for-elementor\/features\/categories\/payments\/\" target=\"_blank\" rel=\"noopener\"><img decoding=\"async\" src=\"https:\/\/www.dynamic.ooo\/wp-content\/uploads\/2023\/05\/feature_payments.png\" alt=\"\" class=\"wp-image-9390\" title=\"\"><\/a><\/figure>\n\n\n\n<h2 class=\"wp-block-heading\">Selling items has never been easier<\/h2>\n\n\n\n<p>Do you want to sell items, connect&nbsp;<strong>Stripe or PayPal<\/strong>&nbsp;as a payment gateway and have your form add different shipping costs based on location, all without installing WooCommerce? No problem! Want to&nbsp;<strong>automatically create a PDF<\/strong>&nbsp;from your order form and send it to the email generated from it? Easy!<\/p>\n\n\n\n<figure class=\"wp-block-image\"><a href=\"https:\/\/www.dynamic.ooo\/dynamic-content-for-elementor\/features\/categories\/pdf\/\" target=\"_blank\" rel=\"noopener\"><img decoding=\"async\" src=\"https:\/\/www.dynamic.ooo\/wp-content\/uploads\/2023\/05\/feature_pdf.png\" alt=\"\" class=\"wp-image-9392\" title=\"\"><\/a><\/figure>\n\n\n\n<h2 class=\"wp-block-heading\">Bring the power of PDF to your visitors and buyers<\/h2>\n\n\n\n<p>With our PDF button, we deliver&nbsp;<strong>you the power to design with Elementor for the print version of your page<\/strong>, product, recipe, form, etc. Whatever you create as a layout in Elementor on a page will be printed as a PDF. Portrait or landscape, it&#039;s up to you.<\/p>\n\n\n\n<figure class=\"wp-block-image\"><a href=\"https:\/\/www.dynamic.ooo\/dynamic-content-for-elementor\/features\/add-to-calendar\/\" target=\"_blank\" rel=\"noopener\"><img decoding=\"async\" src=\"https:\/\/www.dynamic.ooo\/wp-content\/uploads\/2023\/05\/feature_calendar.png\" alt=\"\" class=\"wp-image-9398\" title=\"\"><\/a><\/figure>\n\n\n\n<h2 class=\"wp-block-heading\">Allow visitors to add events to a calendar<\/h2>\n\n\n\n<p>Imagine! You&#039;ve created a website around an event. Or you&#039;ve created more events through a custom post type. Wouldn&#039;t it be great if your visitors could easily add this event to their...&nbsp;<strong>Google Calendar, iOS, Outlook<\/strong>&nbsp;and more? Yes, we have an Add to Calendar feature!<\/p>\n\n\n\n<figure class=\"wp-block-image\"><a href=\"https:\/\/www.dynamic.ooo\/dynamic-content-for-elementor\/features\/signature-field-for-elementor-pro-form\/\" target=\"_blank\" rel=\"noopener\"><img decoding=\"async\" src=\"https:\/\/www.dynamic.ooo\/wp-content\/uploads\/2023\/05\/feature_signature.png\" alt=\"\" class=\"wp-image-9404\" title=\"\"><\/a><\/figure>\n\n\n\n<h2 class=\"wp-block-heading\">Sign your name on the dotted line!<\/h2>\n\n\n\n<p>Your customers can leave their scanners and scanning apps where they are. With our digital signature widget, they can&nbsp;<strong>manually sign on the website<\/strong>! You can automatically insert a signature into a PDF using our PDF Generator extension.<\/p>\n\n\n\n<figure class=\"wp-block-image\"><a href=\"https:\/\/www.dynamic.ooo\/dynamic-content-for-elementor\/features\/favorites\/\" target=\"_blank\" rel=\"noopener\"><img decoding=\"async\" src=\"https:\/\/www.dynamic.ooo\/wp-content\/uploads\/2023\/05\/feature_favorites.png\" alt=\"\" class=\"wp-image-9396\" title=\"\"><\/a><\/figure>\n\n\n\n<h2 class=\"wp-block-heading\">Showcase your customers&#039; favorites<\/h2>\n\n\n\n<p>Requested by many, you can now create the possibility for visitors to add\u00a0<strong>posts, pages and products<\/strong>\u00a0to favorites!<\/p>","protected":false},"excerpt":{"rendered":"<p>Construindo&nbsp;sites poderosos&nbsp;estendendo o Elementor. Mais de 150 recursos que economizar\u00e3o tempo e dinheiro na obten\u00e7\u00e3o de resultados complexos. O \u00fanico limite \u00e9 a sua imagina\u00e7\u00e3o. Atualiza\u00e7\u00f5es constantes Fique \u00e0 frente com aprimoramentos cont\u00ednuos e adi\u00e7\u00f5es de recursos que mant\u00eam seu conjunto de ferramentas de ponta. Desempenho otimizado N\u00e3o h\u00e1 carregamento de c\u00f3digo desnecess\u00e1rio no front-end [&hellip;]<\/p>","protected":false},"featured_media":22842,"comment_status":"open","ping_status":"closed","template":"","meta":{"_jf_limit_responses":"","iawp_total_views":131},"product_brand":[],"product_cat":[41],"product_tag":[91],"class_list":{"0":"post-22841","1":"product","2":"type-product","3":"status-publish","4":"has-post-thumbnail","6":"product_cat-plugins","7":"product_tag-business","9":"first","10":"instock","11":"downloadable","12":"virtual","13":"purchasable","14":"product-type-simple"},"_links":{"self":[{"href":"https:\/\/packdesites.com\/en\/wp-json\/wp\/v2\/product\/22841","targetHints":{"allow":["GET"]}}],"collection":[{"href":"https:\/\/packdesites.com\/en\/wp-json\/wp\/v2\/product"}],"about":[{"href":"https:\/\/packdesites.com\/en\/wp-json\/wp\/v2\/types\/product"}],"replies":[{"embeddable":true,"href":"https:\/\/packdesites.com\/en\/wp-json\/wp\/v2\/comments?post=22841"}],"version-history":[{"count":2,"href":"https:\/\/packdesites.com\/en\/wp-json\/wp\/v2\/product\/22841\/revisions"}],"predecessor-version":[{"id":22846,"href":"https:\/\/packdesites.com\/en\/wp-json\/wp\/v2\/product\/22841\/revisions\/22846"}],"wp:featuredmedia":[{"embeddable":true,"href":"https:\/\/packdesites.com\/en\/wp-json\/wp\/v2\/media\/22842"}],"wp:attachment":[{"href":"https:\/\/packdesites.com\/en\/wp-json\/wp\/v2\/media?parent=22841"}],"wp:term":[{"taxonomy":"product_brand","embeddable":true,"href":"https:\/\/packdesites.com\/en\/wp-json\/wp\/v2\/product_brand?post=22841"},{"taxonomy":"product_cat","embeddable":true,"href":"https:\/\/packdesites.com\/en\/wp-json\/wp\/v2\/product_cat?post=22841"},{"taxonomy":"product_tag","embeddable":true,"href":"https:\/\/packdesites.com\/en\/wp-json\/wp\/v2\/product_tag?post=22841"}],"curies":[{"name":"wp","href":"https:\/\/api.w.org\/{rel}","templated":true}]}}