{"id":22730,"date":"2025-07-02T11:31:57","date_gmt":"2025-07-02T14:31:57","guid":{"rendered":"https:\/\/packdesites.com\/?post_type=product&#038;p=22730"},"modified":"2025-08-23T16:03:59","modified_gmt":"2025-08-23T19:03:59","slug":"netnova-elementor-website-hosting-template-kit","status":"publish","type":"product","link":"https:\/\/packdesites.com\/en\/product\/netnova-elementor-website-hosting-template-kit\/","title":{"rendered":"NetNova \u2013 Elementor Website Hosting Template Kit"},"content":{"rendered":"<p>NetNova is a premium Elementor Template Kit designed for web hosting companies, domain registrars, and IT service providers. With a sleek and modern layout, this kit offers everything you need to create a responsive and high-performance hosting website with ease.<\/p>\n\n\n\n<p>Designed to showcase hosting packages, cloud services, domain tools, and customer testimonials, Netnova includes professionally designed templates and flexible user interface components tailored for the hosting industry. With sections for pricing tables, service comparisons, support content, and more, this kit ensures a smooth setup process and a strong brand presence.<\/p>\n\n\n\n<p>Netnova was built with lightweight code, SEO best practices, and mobile responsiveness in mind, offering a seamless experience across all devices. Thanks to Elementor\u2019s intuitive builder, customizing your hosting site is quick and hassle-free.<\/p>\n\n\n\n<p>Note: This is not a WordPress theme. Template Kits include page content for the Elementor page builder. This kit is optimized for the free Hello Elementor theme, but works well with most themes that support Elementor.<\/p>\n\n\n\n<p><strong>Features<\/strong><\/p>\n\n\n\n<ul class=\"wp-block-list\">\n<li>True codeless customization with visual drag-and-drop builder<\/li>\n\n\n\n<li>Customize fonts and colors in one place or adjust individual elements<\/li>\n\n\n\n<li>Modern and professional design<\/li>\n\n\n\n<li>Fast charging<\/li>\n\n\n\n<li>Works with most Elementor themes.<\/li>\n<\/ul>\n\n\n\n<p><strong>The models included<\/strong><\/p>\n\n\n\n<ul class=\"wp-block-list\">\n<li>03 Home Page Styles<\/li>\n\n\n\n<li>02 header styles<\/li>\n\n\n\n<li>02 footer styles<\/li>\n\n\n\n<li>Shared Page Style<\/li>\n\n\n\n<li>Reseller Page Style<\/li>\n\n\n\n<li>Dedicated Page Style<\/li>\n\n\n\n<li>VPS Page Style<\/li>\n\n\n\n<li>About us<\/li>\n\n\n\n<li>Services<\/li>\n\n\n\n<li>Pricing Page<\/li>\n\n\n\n<li>FAQ Page<\/li>\n\n\n\n<li>Blog page<\/li>\n\n\n\n<li>Single page<\/li>\n\n\n\n<li>Shortly<\/li>\n\n\n\n<li>Page 404<\/li>\n\n\n\n<li>Contact page<\/li>\n<\/ul>\n\n\n\n<p><strong>Required plugins installed with the kit<\/strong><\/p>\n\n\n\n<ul class=\"wp-block-list\">\n<li>Elementor<\/li>\n\n\n\n<li>Elementor WHMCS Elements<\/li>\n\n\n\n<li>Elementor Jeg Kit<\/li>\n\n\n\n<li>MetForm<\/li>\n<\/ul>\n\n\n\n<p><strong>How to use Template Kits:<\/strong> This is not a WordPress Theme. Template kits contain only Elementor design data and are installed using the envato Elements WordPress plugin or directly through Elementor.<\/p>\n\n\n\n<p>Elementor Template Kits use the Envato Elements plugin to install.<\/p>\n\n\n\n<p>Detailed guide:<\/p>\n\n\n\n<ul class=\"wp-block-list\">\n<li><a href=\"https:\/\/help.elements.envato.com\/hc\/en-us\/articles\/36032349441945-How-to-Install-Elementor-Template-Kits-With-the-Envato-Elements-Plugin-in-WordPress-for-Envato-Elements-Subscribers\" target=\"_blank\" rel=\"noopener\">https:\/\/help.elements.envato.com\/hc\/en-us\/articles\/36032349441945-How-to-Install-Elementor-Template-Kits-With-the-Envato-Elements-Plugin-in-WordPress-for-Envato-Elements-Subscribers<\/a><\/li>\n<\/ul>","protected":false},"excerpt":{"rendered":"<p>O NetNova \u00e9 um Kit de Template Elementor premium projetado para empresas de hospedagem na web, registradores de dom\u00ednio e provedores de servi\u00e7os de TI. Com um layout elegante e moderno, este kit oferece tudo o que voc\u00ea precisa para criar um site de hospedagem responsivo e de alto desempenho com facilidade. Criado para destacar [&hellip;]<\/p>","protected":false},"featured_media":22731,"comment_status":"open","ping_status":"closed","template":"","meta":{"_jf_limit_responses":"","iawp_total_views":189},"product_brand":[],"product_cat":[23,39,27,24],"product_tag":[91,49],"class_list":{"0":"post-22730","1":"product","2":"type-product","3":"status-publish","4":"has-post-thumbnail","6":"product_cat-templates-elementor-e-envato","7":"product_cat-internet-e-iptv","8":"product_cat-prestadores-de-servicos","9":"product_cat-templates-envato","10":"product_tag-business","11":"product_tag-starter","13":"first","14":"instock","15":"downloadable","16":"virtual","17":"purchasable","18":"product-type-simple"},"_links":{"self":[{"href":"https:\/\/packdesites.com\/en\/wp-json\/wp\/v2\/product\/22730","targetHints":{"allow":["GET"]}}],"collection":[{"href":"https:\/\/packdesites.com\/en\/wp-json\/wp\/v2\/product"}],"about":[{"href":"https:\/\/packdesites.com\/en\/wp-json\/wp\/v2\/types\/product"}],"replies":[{"embeddable":true,"href":"https:\/\/packdesites.com\/en\/wp-json\/wp\/v2\/comments?post=22730"}],"version-history":[{"count":1,"href":"https:\/\/packdesites.com\/en\/wp-json\/wp\/v2\/product\/22730\/revisions"}],"predecessor-version":[{"id":22732,"href":"https:\/\/packdesites.com\/en\/wp-json\/wp\/v2\/product\/22730\/revisions\/22732"}],"wp:featuredmedia":[{"embeddable":true,"href":"https:\/\/packdesites.com\/en\/wp-json\/wp\/v2\/media\/22731"}],"wp:attachment":[{"href":"https:\/\/packdesites.com\/en\/wp-json\/wp\/v2\/media?parent=22730"}],"wp:term":[{"taxonomy":"product_brand","embeddable":true,"href":"https:\/\/packdesites.com\/en\/wp-json\/wp\/v2\/product_brand?post=22730"},{"taxonomy":"product_cat","embeddable":true,"href":"https:\/\/packdesites.com\/en\/wp-json\/wp\/v2\/product_cat?post=22730"},{"taxonomy":"product_tag","embeddable":true,"href":"https:\/\/packdesites.com\/en\/wp-json\/wp\/v2\/product_tag?post=22730"}],"curies":[{"name":"wp","href":"https:\/\/api.w.org\/{rel}","templated":true}]}}