{"id":217,"date":"2024-05-30T20:56:24","date_gmt":"2024-05-30T20:56:24","guid":{"rendered":"https:\/\/packdesites.com\/produto\/caridad-ong-beneficente-de-doacoes-sem-fins-lucrativos\/"},"modified":"2025-07-24T22:32:55","modified_gmt":"2025-07-25T01:32:55","slug":"charity-ngo-charitable-donations-non-profit","status":"publish","type":"product","link":"https:\/\/packdesites.com\/en\/product\/charity-ngo-charitable-donations-non-profit\/","title":{"rendered":"Caridad \u2013 Non-profit charitable donation organization"},"content":{"rendered":"<p>Caridad is a clean and modern WordPress Charity Theme designed for all types of fundraising, charity, non-profit organizations, NGOs, Foundations, Churches and other non-profit charitable organization projects. The theme uses GiveWP, the best WordPress donation plugin<\/p>\n\n\n\n<p>Put&nbsp;<strong>VamTam themes (https:\/\/vamtam.com\/themes\/<\/strong>)<\/p>\n\n\n\n<p>Full compatibility with Elementor + Elementor Pro<\/p>\n\n\n\n<p>Elementor Pro is required to import demo content and configure the theme.<\/p>\n\n\n\n<p><strong>Features<\/strong><\/p>\n\n\n\n<ul class=\"wp-block-list\">\n<li>Compatible with WordPress 6.5<\/li>\n\n\n\n<li>There is no need for you or your clients to get familiar with a new Theme Options Panel, widgets or plugins. You just need WordPress + Elementor + Elementor Pro + WooCommerce. - $240 premium stock from Getty Images included in the package for free<\/li>\n\n\n\n<li>All images shown on the demo site come with the demo content and can be used in your next project without the need to purchase additional licenses.<\/li>\n\n\n\n<li>The theme code only extends the Elementor and Elementor Pro widgets and adds cool styles and animations. This adds a layer of stability and security in the long run.<\/li>\n\n\n\n<li>More than 60000 customers are using VamTam themes<\/li>\n\n\n\n<li>Options to disable Theme Code on a widget-by-widget basis<\/li>\n\n\n\n<li>Elementor Pro Global Styles Panel used as a Theme Panel<\/li>\n\n\n\n<li>Elementor Pro gives you full control over mobile and tablet design + Custom breakpoints<\/li>\n\n\n\n<li>Comprehensive setup guide<\/li>\n\n\n\n<li>23 HD Video Tutorials for Beginners<\/li>\n\n\n\n<li>Over 100 help articles written by us<\/li>\n\n\n\n<li>RTL support<\/li>\n\n\n\n<li>Translation (po&amp;mo files) Done<\/li>\n\n\n\n<li>WPML Plugin Support<\/li>\n\n\n\n<li>Header &amp; Footer \u2013 built with Elementor Pro<\/li>\n\n\n\n<li>Mega Menus \u2013 built with Elementor Pro<\/li>\n\n\n\n<li>Pop-ups \u2013 built with Elementor Pro<\/li>\n\n\n\n<li>Forms \u2013 created with Elementor Pro<\/li>\n\n\n\n<li>Dynamic Content Layouts \u2013 Built with Elementor Pro Products, Blog Posts, Blog, Product Archives, 404 Pages, Maintenance Mode Page. Coming Soon Mode Page and Search Results.<\/li>\n\n\n\n<li>Elementor Pro WooCommerce Builder \u2013 Create your products, product archives, my account page, cart, checkout and sidecart.<\/li>\n\n\n\n<li>Smartly extending WooCommerce plugin with wishlist, Ajax search and gift cards.<\/li>\n<\/ul>\n\n\n\n<p><strong>Child theme<\/strong>\u00a0 (https:\/\/vamtam.com\/child-themes\/)<\/p>\n\n\n\n<p>*<em>Changelog*<\/em>&nbsp;(https:\/\/vamtam.com\/changelog\/)<\/p>","protected":false},"excerpt":{"rendered":"<p>Caridad \u00e9 um Tema de Caridade WordPress limpo e moderno, criado para todos os tipos de arrecada\u00e7\u00e3o de fundos, caridade, organiza\u00e7\u00f5es sem fins lucrativos, ONGs, Funda\u00e7\u00f5es, Igrejas e outros projetos de organiza\u00e7\u00f5es beneficentes sem fins lucrativos. O tema utiliza GiveWP, o melhor plugin de doa\u00e7\u00e3o do WordPress Por&nbsp;temas do VamTam (https:\/\/vamtam.com\/themes\/) Compatibilidade total com Elementor [&hellip;]<\/p>","protected":false},"featured_media":219,"comment_status":"closed","ping_status":"open","template":"","meta":{"_jf_limit_responses":"","iawp_total_views":35},"product_brand":[],"product_cat":[22],"product_tag":[19],"class_list":{"0":"post-217","1":"product","2":"type-product","3":"status-publish","4":"has-post-thumbnail","6":"product_cat-temas-wordpress","7":"product_tag-vitalicio","9":"first","10":"instock","11":"downloadable","12":"virtual","13":"purchasable","14":"product-type-simple"},"_links":{"self":[{"href":"https:\/\/packdesites.com\/en\/wp-json\/wp\/v2\/product\/217","targetHints":{"allow":["GET"]}}],"collection":[{"href":"https:\/\/packdesites.com\/en\/wp-json\/wp\/v2\/product"}],"about":[{"href":"https:\/\/packdesites.com\/en\/wp-json\/wp\/v2\/types\/product"}],"replies":[{"embeddable":true,"href":"https:\/\/packdesites.com\/en\/wp-json\/wp\/v2\/comments?post=217"}],"version-history":[{"count":1,"href":"https:\/\/packdesites.com\/en\/wp-json\/wp\/v2\/product\/217\/revisions"}],"predecessor-version":[{"id":23094,"href":"https:\/\/packdesites.com\/en\/wp-json\/wp\/v2\/product\/217\/revisions\/23094"}],"wp:featuredmedia":[{"embeddable":true,"href":"https:\/\/packdesites.com\/en\/wp-json\/wp\/v2\/media\/219"}],"wp:attachment":[{"href":"https:\/\/packdesites.com\/en\/wp-json\/wp\/v2\/media?parent=217"}],"wp:term":[{"taxonomy":"product_brand","embeddable":true,"href":"https:\/\/packdesites.com\/en\/wp-json\/wp\/v2\/product_brand?post=217"},{"taxonomy":"product_cat","embeddable":true,"href":"https:\/\/packdesites.com\/en\/wp-json\/wp\/v2\/product_cat?post=217"},{"taxonomy":"product_tag","embeddable":true,"href":"https:\/\/packdesites.com\/en\/wp-json\/wp\/v2\/product_tag?post=217"}],"curies":[{"name":"wp","href":"https:\/\/api.w.org\/{rel}","templated":true}]}}