{"id":213,"date":"2024-05-30T20:56:24","date_gmt":"2024-05-30T20:56:24","guid":{"rendered":"https:\/\/packdesites.com\/produto\/theroof-construcao-e-renovacao-wordpress-tema\/"},"modified":"2025-04-03T00:19:28","modified_gmt":"2025-04-03T00:19:28","slug":"theroof-construction-and-renovation-wordpress-theme","status":"publish","type":"product","link":"https:\/\/packdesites.com\/en\/product\/theroof-construction-and-renovation-wordpress-theme\/","title":{"rendered":"TheRoof \u2014 Construction and Renovation WordPress Theme"},"content":{"rendered":"<p>\u201cTheRoof \u2013 Construction &amp; Architecture WordPress Theme\u201d is perfect if you like a clean and modern design. This theme is ideal for architects, furniture designers, photographers, construction companies and those who need an easy, attractive and effective way to share their work with clients.<\/p>\n\n\n\n<p><strong>Feature List<\/strong><\/p>\n\n\n\n<ul class=\"wp-block-list\">\n<li>Works on the latest version of WordPress<\/li>\n\n\n\n<li><strong>Elementor Visualize Drop &amp; Drag Page Builder<\/strong><\/li>\n\n\n\n<li><strong>Advanced elements<\/strong>&nbsp;for Elementor<\/li>\n\n\n\n<li><strong>Header and Footer Builder<\/strong>&nbsp;with Elementor \u2013 Header, Footer and Blocks plugin<\/li>\n\n\n\n<li>4 different style home page: Parallax image, Slider, Slideshow and Video (vimeo, html5 or youtube)<\/li>\n\n\n\n<li>3 different design pages and 2 unique pre-built layouts. They were built with Elementor<\/li>\n\n\n\n<li>Integrated with Google Maps, OpenStreetMap and Mapbox<\/li>\n\n\n\n<li>Full screen wallpapers<\/li>\n\n\n\n<li>Unique and powerful parallax effects<\/li>\n\n\n\n<li>Header options for post, page, category and tag<\/li>\n\n\n\n<li>Self-hosted, Youtube, Vimeo video background \u2013 Image background will be used for mobile devices<\/li>\n\n\n\n<li>Fully responsive<\/li>\n\n\n\n<li>Support Contact Form 7<\/li>\n\n\n\n<li>Advanced Theme Options<\/li>\n\n\n\n<li><strong>Import demo data with one click<\/strong><\/li>\n\n\n\n<li>1000+ Google Web Fonts<\/li>\n\n\n\n<li>Font Awesome 5 Pro (6500+ Icons)<\/li>\n\n\n\n<li>Bootstrap Structure<\/li>\n\n\n\n<li><strong>Easily customizable<\/strong><\/li>\n\n\n\n<li>Translation ready with .pot file included<\/li>\n\n\n\n<li>Page Settings+ Post with metabox<\/li>\n\n\n\n<li>Right, Left or Full Width Blog Sidebar<\/li>\n\n\n\n<li>Post format<\/li>\n\n\n\n<li><strong>Children&#039;s theme included<\/strong><\/li>\n\n\n\n<li>Demo data xml file included<\/li>\n\n\n\n<li>Unlimited color<\/li>\n\n\n\n<li>Well documented<\/li>\n\n\n\n<li>Tap and swipe<\/li>\n\n\n\n<li><strong>Mailchimp subscribe<\/strong>&nbsp;with the Mailchimp plugin for WordPress<\/li>\n\n\n\n<li>And much more\u2026<\/li>\n<\/ul>\n\n\n\n<p><strong>Javascripts<\/strong><\/p>\n\n\n\n<ol class=\"wp-block-list\">\n<li>Mapbox Map<\/li>\n\n\n\n<li>OpenLayers Map<\/li>\n\n\n\n<li>Mitigation<\/li>\n\n\n\n<li>Isotope<\/li>\n\n\n\n<li>Awesome 5 Pro Font<\/li>\n\n\n\n<li>Swiper<\/li>\n\n\n\n<li>Light gallery<\/li>\n<\/ol>\n\n\n\n<p><strong>Images<\/strong><\/p>\n\n\n\n<ol class=\"wp-block-list\">\n<li>Shutterstock<\/li>\n\n\n\n<li>Pexels<\/li>\n\n\n\n<li>Unsplash<\/li>\n<\/ol>\n\n\n\n<p><strong>The images used in the demo are not included in the file \u2014 due to license restrictions. They are replaced by dummy placeholders.<\/strong><\/p>","protected":false},"excerpt":{"rendered":"<p>\u201cTheRoof &#8211; Constru\u00e7\u00e3o e Arquitetura WordPress Theme\u201d \u00e9 perfeito se voc\u00ea gosta de um design limpo e moderno. Este tema \u00e9 ideal para arquitetos, designers de m\u00f3veis, fot\u00f3grafos, empresas de constru\u00e7\u00e3o e aqueles que precisam de uma maneira f\u00e1cil, atraente e eficaz de compartilhar seu trabalho com os clientes. Lista de recursos Javascripts Imagens As [&hellip;]<\/p>","protected":false},"featured_media":216,"comment_status":"closed","ping_status":"open","template":"","meta":{"_jf_limit_responses":"","iawp_total_views":72},"product_brand":[],"product_cat":[22],"product_tag":[19],"class_list":{"0":"post-213","1":"product","2":"type-product","3":"status-publish","4":"has-post-thumbnail","6":"product_cat-temas-wordpress","7":"product_tag-vitalicio","9":"first","10":"instock","11":"downloadable","12":"virtual","13":"purchasable","14":"product-type-simple"},"_links":{"self":[{"href":"https:\/\/packdesites.com\/en\/wp-json\/wp\/v2\/product\/213","targetHints":{"allow":["GET"]}}],"collection":[{"href":"https:\/\/packdesites.com\/en\/wp-json\/wp\/v2\/product"}],"about":[{"href":"https:\/\/packdesites.com\/en\/wp-json\/wp\/v2\/types\/product"}],"replies":[{"embeddable":true,"href":"https:\/\/packdesites.com\/en\/wp-json\/wp\/v2\/comments?post=213"}],"version-history":[{"count":0,"href":"https:\/\/packdesites.com\/en\/wp-json\/wp\/v2\/product\/213\/revisions"}],"wp:featuredmedia":[{"embeddable":true,"href":"https:\/\/packdesites.com\/en\/wp-json\/wp\/v2\/media\/216"}],"wp:attachment":[{"href":"https:\/\/packdesites.com\/en\/wp-json\/wp\/v2\/media?parent=213"}],"wp:term":[{"taxonomy":"product_brand","embeddable":true,"href":"https:\/\/packdesites.com\/en\/wp-json\/wp\/v2\/product_brand?post=213"},{"taxonomy":"product_cat","embeddable":true,"href":"https:\/\/packdesites.com\/en\/wp-json\/wp\/v2\/product_cat?post=213"},{"taxonomy":"product_tag","embeddable":true,"href":"https:\/\/packdesites.com\/en\/wp-json\/wp\/v2\/product_tag?post=213"}],"curies":[{"name":"wp","href":"https:\/\/api.w.org\/{rel}","templated":true}]}}