{"id":21064,"date":"2025-04-28T20:51:54","date_gmt":"2025-04-28T23:51:54","guid":{"rendered":"https:\/\/packdesites.com\/?post_type=product&#038;p=21064"},"modified":"2025-04-28T20:51:58","modified_gmt":"2025-04-28T23:51:58","slug":"roxride-elementor-template-kit-for-car-rental-and-car-booking","status":"publish","type":"product","link":"https:\/\/packdesites.com\/en\/product\/roxride-elementor-template-kit-for-car-rental-and-car-booking\/","title":{"rendered":"Roxride \u2014 Car Rental &amp; Car Booking Elementor Template Kit"},"content":{"rendered":"<p><strong>Roxride<\/strong> is an Elementor Template Kit developed especially for car rental companies, car dealerships and car booking companies. With a modern, professional and 100% responsive design, it provides a high-quality visual experience, compatible with retina screens and adaptable to all devices.<\/p>\n\n\n\n<p>With the <strong>Roxride<\/strong>, you don&#039;t need to write a single line of code: the power of customization is completely at your fingertips using just the <strong>Elementor<\/strong>. This kit has been optimized to work perfectly with the free theme <strong>Hello Elementor<\/strong>, ensuring speed and performance.<\/p>\n\n\n\n<hr class=\"wp-block-separator has-alpha-channel-opacity\"\/>\n\n\n\n<h2 class=\"wp-block-heading\">Ideal for:<\/h2>\n\n\n\n<ul class=\"wp-block-list\">\n<li>Car rental companies<\/li>\n\n\n\n<li>Car rental companies<\/li>\n\n\n\n<li>Executive transportation services<\/li>\n\n\n\n<li>Dealers offering online bookings<\/li>\n<\/ul>\n\n\n\n<hr class=\"wp-block-separator has-alpha-channel-opacity\"\/>\n\n\n\n<h2 class=\"wp-block-heading\">Key Features:<\/h2>\n\n\n\n<ul class=\"wp-block-list\">\n<li>Modern, conversion-focused design<\/li>\n\n\n\n<li>100% Responsive and Mobile Friendly<\/li>\n\n\n\n<li>Cross-browser compatibility<\/li>\n\n\n\n<li>21+ ready-to-use page templates<\/li>\n\n\n\n<li>Global design system for font and color customization<\/li>\n\n\n\n<li>Does not require Elementor Pro (only uses free plugins)<\/li>\n<\/ul>\n\n\n\n<hr class=\"wp-block-separator has-alpha-channel-opacity\"\/>\n\n\n\n<h2 class=\"wp-block-heading\">Templates included:<\/h2>\n\n\n\n<ul class=\"wp-block-list\">\n<li>Home Page<\/li>\n\n\n\n<li>Car Listing<\/li>\n\n\n\n<li>Car Details<\/li>\n\n\n\n<li>Booking Page<\/li>\n\n\n\n<li>Services<\/li>\n\n\n\n<li>Service Details<\/li>\n\n\n\n<li>About Us<\/li>\n\n\n\n<li>Our Team<\/li>\n\n\n\n<li>Get in Touch<\/li>\n\n\n\n<li>Drivers<\/li>\n\n\n\n<li>Driver Biography<\/li>\n\n\n\n<li>Blog<\/li>\n\n\n\n<li>Blog Details<\/li>\n\n\n\n<li>Frequently Asked Questions (FAQ)<\/li>\n\n\n\n<li>Page 404<\/li>\n\n\n\n<li>Header V1<\/li>\n\n\n\n<li>Footer V1<\/li>\n<\/ul>\n\n\n\n<p><strong>MetForm Forms<\/strong>:<\/p>\n\n\n\n<ul class=\"wp-block-list\">\n<li>Get in Touch<\/li>\n\n\n\n<li>Reservation 01<\/li>\n\n\n\n<li>Reservation 02<\/li>\n\n\n\n<li>Newsletter<\/li>\n<\/ul>\n\n\n\n<hr class=\"wp-block-separator has-alpha-channel-opacity\"\/>\n\n\n\n<h2 class=\"wp-block-heading\">Plugins included with the Kit:<\/h2>\n\n\n\n<ul class=\"wp-block-list\">\n<li>Elementor<\/li>\n\n\n\n<li>ElementsKit Lite<\/li>\n\n\n\n<li>Skyboot<\/li>\n\n\n\n<li>MetForm<\/li>\n<\/ul>\n\n\n\n<hr class=\"wp-block-separator has-alpha-channel-opacity\"\/>\n\n\n\n<h2 class=\"wp-block-heading\">How to use the Roxride Template Kit:<\/h2>\n\n\n\n<blockquote class=\"wp-block-quote is-layout-flow wp-block-quote-is-layout-flow\">\n<p><strong>Attention:<\/strong> This Kit consists of layouts for Elementor. It <strong>It is not a WordPress theme<\/strong>.<\/p>\n<\/blockquote>\n\n\n\n<ol class=\"wp-block-list\">\n<li>Install and activate the plugin <strong>Envato Elements<\/strong> in your WordPress.<\/li>\n\n\n\n<li>Load the Roxride Template Kit via the plugin.<\/li>\n\n\n\n<li>Import the global styles and then import each page individually.<\/li>\n\n\n\n<li>Set the Page Layout as <strong>Elementor Full Width<\/strong> to correctly apply the header and footer.<\/li>\n<\/ol>\n\n\n\n<p>Complete guides:<\/p>\n\n\n\n<ul class=\"wp-block-list\">\n<li><a class=\"\" href=\"https:\/\/help.elements.envato.com\/hc\/en-us\/articles\/36032349441945-How-to-Install-Elementor-Template-Kits-With-the-Envato-Elements-Plugin-in-WordPress-for-Envato-Elements-Subscribers\" target=\"_blank\" rel=\"noopener\">Install Template Kits with the Envato Elements Plugin<\/a><\/li>\n\n\n\n<li><a class=\"\" href=\"https:\/\/help.market.envato.com\/hc\/en-us\/articles\/36033428836889-How-to-Upload-Install-Elementor-Template-Kits-from-Themeforest-to-WordPress\" target=\"_blank\" rel=\"noopener\">Install Template Kits via Manual Upload<\/a><\/li>\n<\/ul>\n\n\n\n<p>For additional support: <strong>WordPress &gt; Elementor &gt; Get Help<\/strong>.<\/p>\n\n\n\n<hr class=\"wp-block-separator has-alpha-channel-opacity\"\/>\n\n\n\n<h2 class=\"wp-block-heading\">How to configure Header and Footer (ElementsKit):<\/h2>\n\n\n\n<ol class=\"wp-block-list\">\n<li>Import the Header and Footer templates.<\/li>\n\n\n\n<li>Access <strong>ElementsKit &gt; Header Footer<\/strong> and click on <strong>Add New<\/strong>.<\/li>\n\n\n\n<li>Set it to \u201cSite-wide\u201d and enable.<\/li>\n\n\n\n<li>Click on <strong>Edit content<\/strong>, open the Elementor browser and insert the header\/footer template.<\/li>\n\n\n\n<li>Select the desired menu in the navigation element and click <strong>To update<\/strong>.<\/li>\n<\/ol>\n\n\n\n<p><strong>If you have Elementor Pro<\/strong>, it is also possible to configure it through the Theme Builder.<\/p>\n\n\n\n<hr class=\"wp-block-separator has-alpha-channel-opacity\"\/>\n\n\n\n<h2 class=\"wp-block-heading\">How to import Forms (MetForm):<\/h2>\n\n\n\n<ol class=\"wp-block-list\">\n<li>Import the form templates (MetForm).<\/li>\n\n\n\n<li>Open the page where the form will appear and activate the <strong>Browser<\/strong> from Elementor.<\/li>\n\n\n\n<li>Locate the widget <strong>MetForm<\/strong> and click on <strong>Edit Form<\/strong>.<\/li>\n\n\n\n<li>Select <strong>New<\/strong> > <strong>Edit Form<\/strong>.<\/li>\n\n\n\n<li>Click on <strong>Add template<\/strong> (gray folder icon) and choose the desired form.<\/li>\n\n\n\n<li>Customize, click <strong>Update and Close<\/strong>, and then <strong>To update<\/strong> the page.<\/li>\n<\/ol>\n\n\n\n<hr class=\"wp-block-separator has-alpha-channel-opacity\"\/>\n\n\n\n<h2 class=\"wp-block-heading\">Images:<\/h2>\n\n\n\n<p>The images used are from <strong>Envato Elements<\/strong> and require licensing for commercial use. You can also replace them with your own images.<\/p>\n\n\n\n<p>Collection of kit images:<br><a class=\"\" href=\"https:\/\/elements.envato.com\/collections\/ZSN96YRLHX\" target=\"_blank\" rel=\"noopener\">Envato Elements \u2013 Roxride Collection<\/a><\/p>","protected":false},"excerpt":{"rendered":"<p>Roxride \u00e9 um Template Kit Elementor desenvolvido especialmente para locadoras de ve\u00edculos, concession\u00e1rias de autom\u00f3veis e empresas de reservas de carros. Com um design moderno, profissional e 100% responsivo, ele proporciona uma experi\u00eancia visual de alta qualidade, compat\u00edvel com telas retina e adapt\u00e1vel a todos os dispositivos. Com o Roxride, voc\u00ea n\u00e3o precisa escrever nenhuma [&hellip;]<\/p>","protected":false},"featured_media":21065,"comment_status":"open","ping_status":"closed","template":"","meta":{"_jf_limit_responses":"","iawp_total_views":175},"product_brand":[],"product_cat":[23,24,31],"product_tag":[19],"class_list":{"0":"post-21064","1":"product","2":"type-product","3":"status-publish","4":"has-post-thumbnail","6":"product_cat-templates-elementor-e-envato","7":"product_cat-templates-envato","8":"product_cat-veiculos","9":"product_tag-vitalicio","11":"first","12":"instock","13":"downloadable","14":"virtual","15":"purchasable","16":"product-type-simple"},"_links":{"self":[{"href":"https:\/\/packdesites.com\/en\/wp-json\/wp\/v2\/product\/21064","targetHints":{"allow":["GET"]}}],"collection":[{"href":"https:\/\/packdesites.com\/en\/wp-json\/wp\/v2\/product"}],"about":[{"href":"https:\/\/packdesites.com\/en\/wp-json\/wp\/v2\/types\/product"}],"replies":[{"embeddable":true,"href":"https:\/\/packdesites.com\/en\/wp-json\/wp\/v2\/comments?post=21064"}],"version-history":[{"count":1,"href":"https:\/\/packdesites.com\/en\/wp-json\/wp\/v2\/product\/21064\/revisions"}],"predecessor-version":[{"id":22990,"href":"https:\/\/packdesites.com\/en\/wp-json\/wp\/v2\/product\/21064\/revisions\/22990"}],"wp:featuredmedia":[{"embeddable":true,"href":"https:\/\/packdesites.com\/en\/wp-json\/wp\/v2\/media\/21065"}],"wp:attachment":[{"href":"https:\/\/packdesites.com\/en\/wp-json\/wp\/v2\/media?parent=21064"}],"wp:term":[{"taxonomy":"product_brand","embeddable":true,"href":"https:\/\/packdesites.com\/en\/wp-json\/wp\/v2\/product_brand?post=21064"},{"taxonomy":"product_cat","embeddable":true,"href":"https:\/\/packdesites.com\/en\/wp-json\/wp\/v2\/product_cat?post=21064"},{"taxonomy":"product_tag","embeddable":true,"href":"https:\/\/packdesites.com\/en\/wp-json\/wp\/v2\/product_tag?post=21064"}],"curies":[{"name":"wp","href":"https:\/\/api.w.org\/{rel}","templated":true}]}}