{"id":21062,"date":"2025-04-28T20:44:46","date_gmt":"2025-04-28T23:44:46","guid":{"rendered":"https:\/\/packdesites.com\/?post_type=product&#038;p=21062"},"modified":"2025-04-28T20:44:50","modified_gmt":"2025-04-28T23:44:50","slug":"drivexy-elementor-template-kit-for-car-rental-companies-and-transportation-services","status":"publish","type":"product","link":"https:\/\/packdesites.com\/en\/product\/drivexy-elementor-template-kit-for-car-rental-companies-and-transportation-services\/","title":{"rendered":"Drivexy \u2014 Elementor Template Kit for Car Rental and Transportation Services"},"content":{"rendered":"<p>THE <strong>Drivexy<\/strong> is a fully responsive Elementor Template Kit designed for car rental companies, transportation services, and private drivers. With a clean, modern, and professional design, it makes it easy to create an impactful and functional website without the need for coding.<\/p>\n\n\n\n<p>Perfectly optimized for the free theme <strong>Hello Elementor<\/strong>, Drivexy offers fast loading, intuitive navigation and pages designed to improve the user experience and boost your business results. You can showcase your fleet, highlight your services and streamline the booking process efficiently.<\/p>\n\n\n\n<h3 class=\"wp-block-heading\">Suitable for:<\/h3>\n\n\n\n<ul class=\"wp-block-list\">\n<li>Car rental companies<\/li>\n\n\n\n<li>Executive transportation services<\/li>\n\n\n\n<li>Private Driver Companies<\/li>\n<\/ul>\n\n\n\n<h3 class=\"wp-block-heading\">Key Features:<\/h3>\n\n\n\n<ul class=\"wp-block-list\">\n<li>Modern and responsive design<\/li>\n\n\n\n<li>Seamless integration with Elementor and Hello Elementor theme<\/li>\n\n\n\n<li>Fast Charging Experience<\/li>\n\n\n\n<li>Conversion-optimized layouts<\/li>\n\n\n\n<li>Easy customization with no programming required<\/li>\n<\/ul>\n\n\n\n<h3 class=\"wp-block-heading\">Templates included:<\/h3>\n\n\n\n<ul class=\"wp-block-list\">\n<li>Home Page<\/li>\n\n\n\n<li>About Us<\/li>\n\n\n\n<li>Car List<\/li>\n\n\n\n<li>Car Details<\/li>\n\n\n\n<li>Our Driver<\/li>\n\n\n\n<li>Frequently Asked Questions (FAQ)<\/li>\n\n\n\n<li>Testimonials<\/li>\n\n\n\n<li>Blog<\/li>\n\n\n\n<li>Page 404<\/li>\n\n\n\n<li>Contact<\/li>\n<\/ul>\n\n\n\n<h3 class=\"wp-block-heading\">Sources used:<\/h3>\n\n\n\n<ul class=\"wp-block-list\">\n<li>Unlimited<\/li>\n\n\n\n<li>Honest<\/li>\n<\/ul>\n\n\n\n<hr class=\"wp-block-separator has-alpha-channel-opacity\"\/>\n\n\n\n<h3 class=\"wp-block-heading\">How to use the Template Kit:<\/h3>\n\n\n\n<blockquote class=\"wp-block-quote is-layout-flow wp-block-quote-is-layout-flow\">\n<p><strong>Important:<\/strong> This kit is not a full WordPress theme, but rather a set of Elementor layouts.<\/p>\n<\/blockquote>\n\n\n\n<ol class=\"wp-block-list\">\n<li>Install and activate the plugin <strong>Envato Elements<\/strong> on WordPress (in <strong>Plugins &gt; Add New<\/strong>).<\/li>\n\n\n\n<li>Do not unzip the kit file after downloading.<\/li>\n\n\n\n<li>Access <strong>Elements &gt; Installed Kits<\/strong> and click on <strong>Upload Template Kit<\/strong>.<\/li>\n\n\n\n<li>Import the global styles and then the pages individually via <strong>My Models<\/strong> from Elementor.<\/li>\n\n\n\n<li>When creating your pages, set the layout to <strong>Elementor Full Width<\/strong> so that the header and footer appear correctly.<\/li>\n<\/ol>\n\n\n\n<p>Complete installation guide:<br><a class=\"\" href=\"https:\/\/help.market.envato.com\/hc\/en-us\/articles\/36033428836889-How-to-Upload-Install-Elementor-Template-Kits-from-Themeforest-to-WordPress\" target=\"_blank\" rel=\"noopener\">How to install Elementor Template Kits from Themeforest<\/a><\/p>\n\n\n\n<p>For additional support, visit WordPress: <strong>Elementor &gt; Get Help<\/strong>.<\/p>\n\n\n\n<hr class=\"wp-block-separator has-alpha-channel-opacity\"\/>\n\n\n\n<h3 class=\"wp-block-heading\">Plugins included with the Kit:<\/h3>\n\n\n\n<ul class=\"wp-block-list\">\n<li>Elementor<\/li>\n\n\n\n<li>ElementsKit Lite<\/li>\n\n\n\n<li>Jeg Elementor Kit<\/li>\n\n\n\n<li>MetForm<\/li>\n\n\n\n<li>Qi Addons for Elementor<\/li>\n\n\n\n<li>Ultimate Addons for Elementor<\/li>\n<\/ul>\n\n\n\n<hr class=\"wp-block-separator has-alpha-channel-opacity\"\/>\n\n\n\n<h3 class=\"wp-block-heading\">Header Setup with Jeg Elementor Kit:<\/h3>\n\n\n\n<ol class=\"wp-block-list\">\n<li>Access <strong>Jeg Elementor Kit &gt; Header Template<\/strong> in the WordPress dashboard.<\/li>\n\n\n\n<li>Click on <strong>Add New Header<\/strong>.<\/li>\n\n\n\n<li>Set the condition for <strong>The entire site<\/strong> and click on <strong>To create<\/strong>.<\/li>\n\n\n\n<li>Click on the pencil icon to <strong>Edit<\/strong>.<\/li>\n\n\n\n<li>Use the gray folder icon to access <strong>My Models<\/strong> and insert the desired header template.<\/li>\n\n\n\n<li>Customize and save changes.<\/li>\n<\/ol>\n\n\n\n<p><strong>If you use Elementor Pro<\/strong>, you can configure headers and footers directly through <strong>Theme Builder<\/strong>.<\/p>\n\n\n\n<hr class=\"wp-block-separator has-alpha-channel-opacity\"\/>\n\n\n\n<h3 class=\"wp-block-heading\">Setting up Custom Forms with MetForm:<\/h3>\n\n\n\n<ol class=\"wp-block-list\">\n<li>Edit the desired page in Elementor.<\/li>\n\n\n\n<li>Add the widget <strong>MetForm<\/strong>.<\/li>\n\n\n\n<li>Click on <strong>Edit Form &gt; New<\/strong> and then in <strong>Edit Form<\/strong>.<\/li>\n\n\n\n<li>Click on the gray folder button <strong>Add Template<\/strong>.<\/li>\n\n\n\n<li>Import the desired model from the tab <strong>My Models<\/strong>.<\/li>\n\n\n\n<li>After loading the form, click <strong>To update<\/strong>.<\/li>\n<\/ol>\n\n\n\n<hr class=\"wp-block-separator has-alpha-channel-opacity\"\/>\n\n\n\n<h3 class=\"wp-block-heading\">Images:<\/h3>\n\n\n\n<p>Drivexy uses demo images from <strong>Envato Elements<\/strong>. To use them commercially, you must purchase the license. You can also replace them with your own images.<\/p>\n\n\n\n<p>Collection of images used:<br><a class=\"\" href=\"https:\/\/elements.envato.com\/collections\/N6SYBH9EUP\" target=\"_blank\" rel=\"noopener\">Envato Elements \u2013 Drivexy Collection<\/a><\/p>","protected":false},"excerpt":{"rendered":"<p>O Drivexy \u00e9 um Kit de Template Elementor totalmente responsivo, projetado para empresas de aluguel de carros, servi\u00e7os de transporte e motoristas particulares. Com um design limpo, moderno e profissional, ele facilita a cria\u00e7\u00e3o de um site impactante e funcional sem a necessidade de codifica\u00e7\u00e3o. Perfeitamente otimizado para o tema gratuito Hello Elementor, o Drivexy [&hellip;]<\/p>","protected":false},"featured_media":21063,"comment_status":"open","ping_status":"closed","template":"","meta":{"_jf_limit_responses":"","iawp_total_views":226},"product_brand":[],"product_cat":[23,24,31],"product_tag":[19],"class_list":{"0":"post-21062","1":"product","2":"type-product","3":"status-publish","4":"has-post-thumbnail","6":"product_cat-templates-elementor-e-envato","7":"product_cat-templates-envato","8":"product_cat-veiculos","9":"product_tag-vitalicio","11":"first","12":"instock","13":"downloadable","14":"virtual","15":"purchasable","16":"product-type-simple"},"_links":{"self":[{"href":"https:\/\/packdesites.com\/en\/wp-json\/wp\/v2\/product\/21062","targetHints":{"allow":["GET"]}}],"collection":[{"href":"https:\/\/packdesites.com\/en\/wp-json\/wp\/v2\/product"}],"about":[{"href":"https:\/\/packdesites.com\/en\/wp-json\/wp\/v2\/types\/product"}],"replies":[{"embeddable":true,"href":"https:\/\/packdesites.com\/en\/wp-json\/wp\/v2\/comments?post=21062"}],"version-history":[{"count":1,"href":"https:\/\/packdesites.com\/en\/wp-json\/wp\/v2\/product\/21062\/revisions"}],"predecessor-version":[{"id":23189,"href":"https:\/\/packdesites.com\/en\/wp-json\/wp\/v2\/product\/21062\/revisions\/23189"}],"wp:featuredmedia":[{"embeddable":true,"href":"https:\/\/packdesites.com\/en\/wp-json\/wp\/v2\/media\/21063"}],"wp:attachment":[{"href":"https:\/\/packdesites.com\/en\/wp-json\/wp\/v2\/media?parent=21062"}],"wp:term":[{"taxonomy":"product_brand","embeddable":true,"href":"https:\/\/packdesites.com\/en\/wp-json\/wp\/v2\/product_brand?post=21062"},{"taxonomy":"product_cat","embeddable":true,"href":"https:\/\/packdesites.com\/en\/wp-json\/wp\/v2\/product_cat?post=21062"},{"taxonomy":"product_tag","embeddable":true,"href":"https:\/\/packdesites.com\/en\/wp-json\/wp\/v2\/product_tag?post=21062"}],"curies":[{"name":"wp","href":"https:\/\/api.w.org\/{rel}","templated":true}]}}