{"id":2011,"date":"2025-03-17T20:16:28","date_gmt":"2025-03-17T20:16:28","guid":{"rendered":"https:\/\/packdesites.com\/produto\/moxtechzo-kit-de-modelos-elementor-para-empresas-de-tecnologia-e-servicos-de-ti\/"},"modified":"2025-04-28T16:06:04","modified_gmt":"2025-04-28T19:06:04","slug":"moxtechzo-elementor-template-kit-for-technology-companies-and-it-services","status":"publish","type":"product","link":"https:\/\/packdesites.com\/en\/product\/moxtechzo-elementor-template-kit-for-technology-companies-and-it-services\/","title":{"rendered":"MoxTechZO \u2013 Elementor Template Kit for Technology and IT Services Companies"},"content":{"rendered":"<p>MoxTechZO is an Elementor Pro template kit for technology and IT services company websites. This template has a clean, modern, and professional look. You can easily create a technology company website that offers professional services for both startups and established companies. You can also use this elementor template kit for any services such as IT solutions and services companies, technology, IT company, technology startup, software, SaaS, Web Agency, etc.<\/p>\n\n\n\n<p>Elementor Template Kits contain page content for the Elementor page builder. This kit is optimized for use with the free Hello Elementor theme, but can be used with most themes that support Elementor.<\/p>\n\n\n\n<p><strong>Layout features:<\/strong><\/p>\n\n\n\n<ul class=\"wp-block-list\">\n<li>Modern and professional design<\/li>\n\n\n\n<li>Built with Elementor Pro<\/li>\n\n\n\n<li>100% Responsive and Mobile Friendly<\/li>\n\n\n\n<li>12+ pre-built templates<\/li>\n\n\n\n<li>Easy to customize<\/li>\n\n\n\n<li>Template Kit built with Hello Elementor Theme<\/li>\n<\/ul>\n\n\n\n<p><strong>What&#039;s included in the Zip:<\/strong><\/p>\n\n\n\n<ul class=\"wp-block-list\">\n<li>Home page<\/li>\n\n\n\n<li>About us \u2013<\/li>\n\n\n\n<li>Contact us<\/li>\n\n\n\n<li>Detailed portfolio<\/li>\n\n\n\n<li>FREQUENTLY ASKED QUESTIONS<\/li>\n\n\n\n<li>Error 404<\/li>\n\n\n\n<li>Blog Archive<\/li>\n\n\n\n<li>Single post<\/li>\n\n\n\n<li>Portfolio<\/li>\n\n\n\n<li>Pricing plan<\/li>\n\n\n\n<li>Services<\/li>\n\n\n\n<li>Team<\/li>\n\n\n\n<li>Global style<\/li>\n\n\n\n<li>header<\/li>\n\n\n\n<li>Baseboard<\/li>\n<\/ul>","protected":false},"excerpt":{"rendered":"<p>MoxTechZO \u00e9 um kit de modelos Elementor Pro para sites de empresas de tecnologia e servi\u00e7os de TI. Este modelo tem uma apar\u00eancia limpa, moderna e profissional. Voc\u00ea pode criar facilmente um site de empresa de tecnologia que ofere\u00e7a servi\u00e7os profissionais, tanto para startups quanto para empresas estabelecidas. Voc\u00ea tamb\u00e9m pode usar este kit de [&hellip;]<\/p>","protected":false},"featured_media":2012,"comment_status":"open","ping_status":"open","template":"","meta":{"_jf_limit_responses":"","iawp_total_views":353},"product_brand":[],"product_cat":[23,32,36,27,24],"product_tag":[19],"class_list":{"0":"post-2011","1":"product","2":"type-product","3":"status-publish","4":"has-post-thumbnail","6":"product_cat-templates-elementor-e-envato","7":"product_cat-agencia-de-marketing","8":"product_cat-consultoria-de-negocios","9":"product_cat-prestadores-de-servicos","10":"product_cat-templates-envato","11":"product_tag-vitalicio","13":"first","14":"instock","15":"downloadable","16":"virtual","17":"purchasable","18":"product-type-simple"},"_links":{"self":[{"href":"https:\/\/packdesites.com\/en\/wp-json\/wp\/v2\/product\/2011","targetHints":{"allow":["GET"]}}],"collection":[{"href":"https:\/\/packdesites.com\/en\/wp-json\/wp\/v2\/product"}],"about":[{"href":"https:\/\/packdesites.com\/en\/wp-json\/wp\/v2\/types\/product"}],"replies":[{"embeddable":true,"href":"https:\/\/packdesites.com\/en\/wp-json\/wp\/v2\/comments?post=2011"}],"version-history":[{"count":1,"href":"https:\/\/packdesites.com\/en\/wp-json\/wp\/v2\/product\/2011\/revisions"}],"predecessor-version":[{"id":22768,"href":"https:\/\/packdesites.com\/en\/wp-json\/wp\/v2\/product\/2011\/revisions\/22768"}],"wp:featuredmedia":[{"embeddable":true,"href":"https:\/\/packdesites.com\/en\/wp-json\/wp\/v2\/media\/2012"}],"wp:attachment":[{"href":"https:\/\/packdesites.com\/en\/wp-json\/wp\/v2\/media?parent=2011"}],"wp:term":[{"taxonomy":"product_brand","embeddable":true,"href":"https:\/\/packdesites.com\/en\/wp-json\/wp\/v2\/product_brand?post=2011"},{"taxonomy":"product_cat","embeddable":true,"href":"https:\/\/packdesites.com\/en\/wp-json\/wp\/v2\/product_cat?post=2011"},{"taxonomy":"product_tag","embeddable":true,"href":"https:\/\/packdesites.com\/en\/wp-json\/wp\/v2\/product_tag?post=2011"}],"curies":[{"name":"wp","href":"https:\/\/api.w.org\/{rel}","templated":true}]}}