{"id":2009,"date":"2025-03-17T20:13:08","date_gmt":"2025-03-17T20:13:08","guid":{"rendered":"https:\/\/packdesites.com\/produto\/terrain-kit-de-templates-elementor-de-paisagismo-e-jardinagem\/"},"modified":"2025-04-03T01:49:21","modified_gmt":"2025-04-03T01:49:21","slug":"terrain-elementor-landscaping-and-gardening-template-kit","status":"publish","type":"product","link":"https:\/\/packdesites.com\/en\/product\/terrain-elementor-landscaping-and-gardening-template-kit\/","title":{"rendered":"Terrain \u2013 Landscaping &amp; Gardening Elementor Template Kit"},"content":{"rendered":"<p>errain is an Elementor Template Kit to quickly and easily create a complete WordPress website for your business with a modern and professional design. The kit features a fully compatible design system and professionally handpicked images for a premium branding edge on your next project. Optimized for use with the free Hello Elementor theme, this kit is tweakable, fast-loading, and fully responsive.<\/p>\n\n\n\n<p><strong>Features:<\/strong><\/p>\n\n\n\n<ul class=\"wp-block-list\">\n<li>Compatible with WordPress \u2013 Elementor<\/li>\n\n\n\n<li>Using Free Plugins (Elementor Pro is not required)<\/li>\n\n\n\n<li>True codeless customization with drag and drop<\/li>\n\n\n\n<li>100% fully responsive and mobile friendly<\/li>\n\n\n\n<li>Modern and professional design<\/li>\n\n\n\n<li>13+ pre-built templates ready to use<\/li>\n\n\n\n<li>Customize fonts and colors in one place (Global Theme Kit Style)<\/li>\n<\/ul>\n\n\n\n<p><strong>Zip models:<\/strong><\/p>\n\n\n\n<ul class=\"wp-block-list\">\n<li>Home page<\/li>\n\n\n\n<li>About us<\/li>\n\n\n\n<li>Services<\/li>\n\n\n\n<li>Service detail<\/li>\n\n\n\n<li>Pricing plan<\/li>\n\n\n\n<li>Portfolio<\/li>\n\n\n\n<li>Gallery<\/li>\n\n\n\n<li>Blog<\/li>\n\n\n\n<li>Frequently Asked Questions<\/li>\n\n\n\n<li>Error 404<\/li>\n\n\n\n<li>Contact us<\/li>\n\n\n\n<li>header<\/li>\n\n\n\n<li>Baseboard<\/li>\n\n\n\n<li>Contact Form \u2013 Block<\/li>\n<\/ul>\n\n\n\n<p><strong>Required plugins:<\/strong><\/p>\n\n\n\n<ul class=\"wp-block-list\">\n<li>Elementor<\/li>\n\n\n\n<li>ElementsKit Lite<\/li>\n\n\n\n<li>RomeThemeKit for Elementor<\/li>\n\n\n\n<li>Rome Thematic Form<\/li>\n<\/ul>\n\n\n\n<p><strong>How to use Template Kits:<\/strong>&nbsp;This is not a WordPress Theme. Template kits contain only Elementor design data and are installed using the Envato Elements WordPress plugin or directly through Elementor.<\/p>\n\n\n\n<ul class=\"wp-block-list\">\n<li>Install and activate the \u201cEnvato Elements\u201d plugin in Plugins &gt; Add New in WordPress<\/li>\n\n\n\n<li>Go to Elements &gt; Installed Kits and click the Upload Template Kit button. You can also import automatically by clicking Connect Account to link your Elements subscription, then importing in Elements &gt; Template Kits.<\/li>\n\n\n\n<li>Check the orange banner at the top and click on Installation Requirements to load the plugins that the kit uses<\/li>\n\n\n\n<li>First click on import in Global Kit Styles<\/li>\n\n\n\n<li>Click Import on one template at a time. They are stored in Elementor under Templates &gt; Saved Templates. - Go to Pages, create a new page, and click Edit with Elementor<\/li>\n\n\n\n<li>Click the gear icon in the bottom left corner of the builder to view the page settings and choose Elementor Full Width and hide the page title<\/li>\n\n\n\n<li>Click the gray folder icon to access the My Templates tab, then Import the page you want to customize.<\/li>\n<\/ul>\n\n\n\n<p>If you have Elementor Pro, headers and footers can be customized in the Theme Builder.<\/p>","protected":false},"excerpt":{"rendered":"<p>errain \u00e9 um Template Kit Elementor para criar de forma r\u00e1pida e f\u00e1cil um site completo em WordPress para sua empresa com um design moderno e profissional. O kit apresenta um sistema de design totalmente compat\u00edvel e imagens escolhidas a dedo profissionalmente para uma vantagem de marca premium em seu pr\u00f3ximo projeto. Otimizado para uso [&hellip;]<\/p>","protected":false},"featured_media":2010,"comment_status":"open","ping_status":"open","template":"","meta":{"_jf_limit_responses":"","iawp_total_views":181},"product_brand":[],"product_cat":[27,23,24],"product_tag":[19],"class_list":{"0":"post-2009","1":"product","2":"type-product","3":"status-publish","4":"has-post-thumbnail","6":"product_cat-prestadores-de-servicos","7":"product_cat-templates-elementor-e-envato","8":"product_cat-templates-envato","9":"product_tag-vitalicio","11":"first","12":"instock","13":"downloadable","14":"virtual","15":"purchasable","16":"product-type-simple"},"_links":{"self":[{"href":"https:\/\/packdesites.com\/en\/wp-json\/wp\/v2\/product\/2009","targetHints":{"allow":["GET"]}}],"collection":[{"href":"https:\/\/packdesites.com\/en\/wp-json\/wp\/v2\/product"}],"about":[{"href":"https:\/\/packdesites.com\/en\/wp-json\/wp\/v2\/types\/product"}],"replies":[{"embeddable":true,"href":"https:\/\/packdesites.com\/en\/wp-json\/wp\/v2\/comments?post=2009"}],"version-history":[{"count":0,"href":"https:\/\/packdesites.com\/en\/wp-json\/wp\/v2\/product\/2009\/revisions"}],"wp:featuredmedia":[{"embeddable":true,"href":"https:\/\/packdesites.com\/en\/wp-json\/wp\/v2\/media\/2010"}],"wp:attachment":[{"href":"https:\/\/packdesites.com\/en\/wp-json\/wp\/v2\/media?parent=2009"}],"wp:term":[{"taxonomy":"product_brand","embeddable":true,"href":"https:\/\/packdesites.com\/en\/wp-json\/wp\/v2\/product_brand?post=2009"},{"taxonomy":"product_cat","embeddable":true,"href":"https:\/\/packdesites.com\/en\/wp-json\/wp\/v2\/product_cat?post=2009"},{"taxonomy":"product_tag","embeddable":true,"href":"https:\/\/packdesites.com\/en\/wp-json\/wp\/v2\/product_tag?post=2009"}],"curies":[{"name":"wp","href":"https:\/\/api.w.org\/{rel}","templated":true}]}}