{"id":2005,"date":"2025-03-14T16:14:19","date_gmt":"2025-03-14T16:14:19","guid":{"rendered":"https:\/\/packdesites.com\/produto\/fistudy-kit-de-modelos-elementor-pro-para-educacao-profissional-e-cursos-on-line\/"},"modified":"2025-04-03T01:49:15","modified_gmt":"2025-04-03T01:49:15","slug":"fistudy-elementor-pro-template-kit-for-professional-education-and-online-courses","status":"publish","type":"product","link":"https:\/\/packdesites.com\/en\/product\/fistudy-elementor-pro-template-kit-for-professional-education-and-online-courses\/","title":{"rendered":"FiStudy \u2013 Elementor Pro Template Kit for Professional Education and Online Courses"},"content":{"rendered":"<p><strong>FiStudy \u2014 Elementor Pro Template Kit for Professional Education and Online Courses Built Specifically for the Website<\/strong>\u00a0Online Courses &amp; Education. FiStudy is a clean and professional design with a responsive, retina-ready 100% layout. Save your time to create an online courses &amp; education website with this elementor template kit. With Elementor Page Builder, you can easily edit or customize it, no coding required, just drag and drop.<\/p>\n\n\n\n<p>Elementor Template Kits contain page content for the Elementor page builder. This kit is optimized for use with the free Hello Elementor theme, but can be used with most themes that support Elementor.<\/p>\n\n\n\n<p><strong>Layout features:<\/strong><\/p>\n\n\n\n<ul class=\"wp-block-list\">\n<li>Modern and professional design<\/li>\n\n\n\n<li>Cross-browser compatibility<\/li>\n\n\n\n<li>100% Responsive and Mobile Friendly<\/li>\n\n\n\n<li>13+ ready-to-use page templates<\/li>\n\n\n\n<li>Customize fonts and colors in one place (global kit style)<\/li>\n<\/ul>\n\n\n\n<p><strong>What&#039;s included in the Zip:<\/strong><\/p>\n\n\n\n<ul class=\"wp-block-list\">\n<li>Home page<\/li>\n\n\n\n<li>On<\/li>\n\n\n\n<li>Team<\/li>\n\n\n\n<li>Gallery<\/li>\n\n\n\n<li>Prices<\/li>\n\n\n\n<li>Testimonials<\/li>\n\n\n\n<li>Our FAQ<\/li>\n\n\n\n<li>Error 404<\/li>\n\n\n\n<li>Our course<\/li>\n\n\n\n<li>Course Details<\/li>\n\n\n\n<li>Blog<\/li>\n\n\n\n<li>Blog Details<\/li>\n\n\n\n<li>Get in touch<\/li>\n\n\n\n<li>header<\/li>\n\n\n\n<li>Baseboard<\/li>\n<\/ul>\n\n\n\n<p><strong>Plugins installed with the kit:<\/strong><\/p>\n\n\n\n<ul class=\"wp-block-list\">\n<li>Elementor<\/li>\n\n\n\n<li>ElementsKit Lite<\/li>\n<\/ul>","protected":false},"excerpt":{"rendered":"<p>FiStudy \u2014 Kit de modelos Elementor Pro para educa\u00e7\u00e3o profissional e cursos on-line desenvolvido especificamente para o site\u00a0de cursos e educa\u00e7\u00e3o on-line. O FiStudy \u00e9 um design limpo e profissional com um layout 100% responsivo, pronto para retina. Economize seu tempo para criar um site de cursos e educa\u00e7\u00e3o on-line com este kit de templates [&hellip;]<\/p>","protected":false},"featured_media":2006,"comment_status":"open","ping_status":"open","template":"","meta":{"_jf_limit_responses":"","iawp_total_views":142},"product_brand":[],"product_cat":[28,23,24],"product_tag":[19],"class_list":{"0":"post-2005","1":"product","2":"type-product","3":"status-publish","4":"has-post-thumbnail","6":"product_cat-educacao-e-treinamento","7":"product_cat-templates-elementor-e-envato","8":"product_cat-templates-envato","9":"product_tag-vitalicio","11":"first","12":"instock","13":"downloadable","14":"virtual","15":"purchasable","16":"product-type-simple"},"_links":{"self":[{"href":"https:\/\/packdesites.com\/en\/wp-json\/wp\/v2\/product\/2005","targetHints":{"allow":["GET"]}}],"collection":[{"href":"https:\/\/packdesites.com\/en\/wp-json\/wp\/v2\/product"}],"about":[{"href":"https:\/\/packdesites.com\/en\/wp-json\/wp\/v2\/types\/product"}],"replies":[{"embeddable":true,"href":"https:\/\/packdesites.com\/en\/wp-json\/wp\/v2\/comments?post=2005"}],"version-history":[{"count":0,"href":"https:\/\/packdesites.com\/en\/wp-json\/wp\/v2\/product\/2005\/revisions"}],"wp:featuredmedia":[{"embeddable":true,"href":"https:\/\/packdesites.com\/en\/wp-json\/wp\/v2\/media\/2006"}],"wp:attachment":[{"href":"https:\/\/packdesites.com\/en\/wp-json\/wp\/v2\/media?parent=2005"}],"wp:term":[{"taxonomy":"product_brand","embeddable":true,"href":"https:\/\/packdesites.com\/en\/wp-json\/wp\/v2\/product_brand?post=2005"},{"taxonomy":"product_cat","embeddable":true,"href":"https:\/\/packdesites.com\/en\/wp-json\/wp\/v2\/product_cat?post=2005"},{"taxonomy":"product_tag","embeddable":true,"href":"https:\/\/packdesites.com\/en\/wp-json\/wp\/v2\/product_tag?post=2005"}],"curies":[{"name":"wp","href":"https:\/\/api.w.org\/{rel}","templated":true}]}}