{"id":1985,"date":"2025-02-27T14:27:05","date_gmt":"2025-02-27T14:27:05","guid":{"rendered":"https:\/\/packdesites.com\/produto\/edubin-tema-de-cursos-online-e-educacao\/"},"modified":"2025-10-08T15:40:22","modified_gmt":"2025-10-08T18:40:22","slug":"edubin-online-courses-and-education-theme","status":"publish","type":"product","link":"https:\/\/packdesites.com\/en\/product\/edubin-online-courses-and-education-theme\/","title":{"rendered":"Edubin v9.4.10 \u2013 Online Courses and Education Theme"},"content":{"rendered":"<p><strong><a href=\"https:\/\/thepixelcurve.com\/edubin\/\" target=\"_blank\" rel=\"noopener\">Education WordPress Theme<\/a>&nbsp;\u2013 Edubin<\/strong>&nbsp;is the perfect solution for&nbsp;<a href=\"https:\/\/thepixelcurve.com\/edubin\/lp\/\" target=\"_blank\" rel=\"noopener\">Educational Website<\/a>,&nbsp;<a href=\"https:\/\/thepixelcurve.com\/edubin\/lp\/home-learning-platform-learnpress\/\" target=\"_blank\" rel=\"noopener\">Learning Platform<\/a>,&nbsp;<a href=\"https:\/\/thepixelcurve.com\/edubin\/lp\/home-skill-development-learnpress\/\" target=\"_blank\" rel=\"noopener\">Skills Development<\/a>,&nbsp;<a href=\"https:\/\/thepixelcurve.com\/edubin\/lp\/home-career-coaching-learnpress\/\" target=\"_blank\" rel=\"noopener\">Career Coaching<\/a>,&nbsp;<a href=\"https:\/\/thepixelcurve.com\/edubin\/lp\/home-business-coach-learnpress\/\" target=\"_blank\" rel=\"noopener\">Business Coach<\/a>,&nbsp;<a href=\"https:\/\/thepixelcurve.com\/edubin\/lp\/home-coaching-center-learnpress\/\" target=\"_blank\" rel=\"noopener\">Coaching Center<\/a>,&nbsp;<a href=\"https:\/\/thepixelcurve.com\/edubin\/lp\/home-digital-marketing-learnpress\/\" target=\"_blank\" rel=\"noopener\">Digital Marketing<\/a>,&nbsp;<a href=\"https:\/\/thepixelcurve.com\/edubin\/lp\/home-language-school-learnpress\/\" target=\"_blank\" rel=\"noopener\">Language School<\/a>,&nbsp;<a href=\"https:\/\/thepixelcurve.com\/edubin\/lp\/home-university-learnpress\/\" target=\"_blank\" rel=\"noopener\">University<\/a>&nbsp;etc.<\/p>\n\n\n\n<ul class=\"wp-block-list\">\n<li><strong><a href=\"https:\/\/thepixelcurve.com\/edubin\/lp\/courses\/ux-design-thinking-for-beginners\/\" target=\"_blank\" rel=\"noopener\">Preview Demo<\/a>\u00a0<\/strong>from LearnPress LMS<\/li>\n\n\n\n<li><strong><a href=\"https:\/\/thepixelcurve.com\/edubin\/tut\/courses\/teaching-children-english-online-course\/\" target=\"_blank\" rel=\"noopener\">Preview Demo<\/a><\/strong>\u00a0from Tutor LMS<\/li>\n\n\n\n<li><strong><a href=\"https:\/\/thepixelcurve.com\/edubin\/ld\/courses\/learn-javascript-full-course-for-beginners\/\" target=\"_blank\" rel=\"noopener\">Preview Demo<\/a><\/strong>\u00a0from LearnDash LMS<\/li>\n\n\n\n<li><strong><a href=\"https:\/\/thepixelcurve.com\/edubin\/sen\/course\/teaching-children-english-online-course\/\" target=\"_blank\" rel=\"noopener\">Preview Demo<\/a><\/strong>\u00a0from Sensei LMS<\/li>\n\n\n\n<li>MasterStudy\u00a0<strong><a href=\"https:\/\/thepixelcurve.com\/edubin\/mst\/courses\/ux-design-thinking-for-beginners\/\" target=\"_blank\" rel=\"noopener\">LMS Preview Demo<\/a><\/strong><\/li>\n\n\n\n<li><strong><a href=\"https:\/\/thepixelcurve.com\/edubin\/lif\/course\/business-intelligence-analyst-course\/\" target=\"_blank\" rel=\"noopener\">Preview Demo<\/a><\/strong>\u00a0from LifterLMS<\/li>\n\n\n\n<li><strong><a href=\"https:\/\/thepixelcurve.com\/edubin\/rtl\" target=\"_blank\" rel=\"noopener\">Preview Demo<\/a><\/strong>\u00a0RTL<\/li>\n<\/ul>\n\n\n\n<figure class=\"wp-block-image\"><a href=\"https:\/\/thepixelcurve.com\/edubin\/\" target=\"_blank\" rel=\"noopener\"><img decoding=\"async\" src=\"https:\/\/packdesites.com\/wp-content\/uploads\/2025\/04\/68747470733a2f2f746865706978656c63757276652e636f6d2f656e7661746f2f696d616765732f65647562696e2f38382e6a7067.jpeg\" alt=\"sensei lms\" title=\"\"><\/a><\/figure>\n\n\n\n<figure class=\"wp-block-image\"><img decoding=\"async\" src=\"https:\/\/packdesites.com\/wp-content\/uploads\/2025\/04\/68747470733a2f2f746865706978656c63757276652e636f6d2f656e7661746f2f696d616765732f65647562696e2f7475746f722d342e676966.gif\" alt=\"Tutor LMS Pro\" title=\"\"><\/figure>\n\n\n\n<figure class=\"wp-block-image\"><a href=\"https:\/\/www.youtube.com\/watch?v=LPyrRBf6NlQ\" target=\"_blank\" rel=\"noopener\"><img decoding=\"async\" src=\"https:\/\/packdesites.com\/wp-content\/uploads\/2025\/04\/68747470733a2f2f746865706978656c63757276652e636f6d2f656e7661746f2f696d616765732f65647562696e2f6f6e652e6a7067.jpeg\" alt=\"Education WordPress Theme | Edubin\" title=\"\"><\/a><\/figure>\n\n\n\n<figure class=\"wp-block-image\"><a href=\"https:\/\/thepixelcurve.com\/support\/\" target=\"_blank\" rel=\"noopener\"><img decoding=\"async\" src=\"https:\/\/packdesites.com\/wp-content\/uploads\/2025\/04\/68747470733a2f2f746865706978656c63757276652e636f6d2f656e7661746f2f696d616765732f302d737570706f72742e706e67.png\" alt=\"Edubin Support\" title=\"\"><\/a><\/figure>\n\n\n\n<figure class=\"wp-block-image\"><a href=\"https:\/\/thepixelcurve.com\/support\/docs\/edubin\" target=\"_blank\" rel=\"noopener\"><img decoding=\"async\" src=\"https:\/\/packdesites.com\/wp-content\/uploads\/2025\/04\/68747470733a2f2f746865706978656c63757276652e636f6d2f656e7661746f2f696d616765732f302d646f632e706e67.png\" alt=\"Edubin Documentation\" title=\"\"><\/a><\/figure>\n\n\n\n<figure class=\"wp-block-image\"><img decoding=\"async\" src=\"https:\/\/packdesites.com\/wp-content\/uploads\/2025\/04\/68747470733a2f2f746865706978656c63757276652e636f6d2f656e7661746f2f696d616765732f65647562696e2f355f7072652e6a7067.jpeg\" alt=\"Education WordPress Theme Introduction | Edubin\" title=\"\"><\/figure>\n\n\n\n<figure class=\"wp-block-image\"><img decoding=\"async\" src=\"https:\/\/packdesites.com\/wp-content\/uploads\/2025\/04\/68747470733a2f2f746865706978656c63757276652e636f6d2f656e7661746f2f696d616765732f65647562696e2f686f6d652d64656d6f7330302e6a7067-scaled.jpeg\" alt=\"Education WordPress Theme Home Pages | Edubin\" title=\"\"><\/figure>\n\n\n\n<figure class=\"wp-block-image\"><img decoding=\"async\" src=\"https:\/\/packdesites.com\/wp-content\/uploads\/2025\/04\/68747470733a2f2f746865706978656c63757276652e636f6d2f656e7661746f2f696d616765732f65647562696e2f64657461696c7331332e6a7067-scaled.jpeg\" alt=\"Education WordPress Theme | Edubin\" title=\"\"><\/figure>\n\n\n\n<figure class=\"wp-block-image\"><img decoding=\"async\" src=\"https:\/\/packdesites.com\/wp-content\/uploads\/2025\/04\/68747470733a2f2f746865706978656c63757276652e636f6d2f656e7661746f2f696d616765732f65647562696e2f706c7567696e7330312e6a7067.jpeg\" alt=\"Plugin support | Edubin\" title=\"\"><\/figure>\n\n\n\n<figure class=\"wp-block-image\"><img decoding=\"async\" src=\"https:\/\/packdesites.com\/wp-content\/uploads\/2025\/04\/68747470733a2f2f746865706978656c63757276652e636f6d2f656e7661746f2f696d616765732f65647562696e2f66696c7465722e6a706567.jpeg\" alt=\"Course Filter, Education Filter Search\" title=\"\"><\/figure>\n\n\n\n<figure class=\"wp-block-image\"><a href=\"https:\/\/thepixelcurve.com\/edubin\/rtl\" target=\"_blank\" rel=\"noopener\"><img decoding=\"async\" src=\"https:\/\/packdesites.com\/wp-content\/uploads\/2025\/04\/68747470733a2f2f746865706978656c63757276652e636f6d2f656e7661746f2f696d616765732f65647562696e2f72746c5f642e6a706567.jpeg\" alt=\"rtl education theme, rtl, rtl theme, rtl wordpress\" title=\"\"><\/a><\/figure>\n\n\n\n<p><strong>Integrate Zoom with Edubin<\/strong><\/p>\n\n\n\n<figure class=\"wp-block-image\"><img decoding=\"async\" src=\"https:\/\/packdesites.com\/wp-content\/uploads\/2025\/04\/68747470733a2f2f746865706978656c63757276652e636f6d2f656e7661746f2f696d616765732f7a6f6f6d2d766964656f2d636f6e666572656e63652e6a7067.jpeg\" alt=\"zoom-videoconferencing\" title=\"\"><\/figure>\n\n\n\n<figure class=\"wp-block-image\"><img decoding=\"async\" src=\"https:\/\/packdesites.com\/wp-content\/uploads\/2025\/04\/68747470733a2f2f746865706978656c63757276652e636f6d2f656e7661746f2f696d616765732f65647562696e2f7468656d652d7570646174652e6a7067.jpeg\" alt=\"One-Click Theme Update - Envato Market\" title=\"\"><\/figure>\n\n\n\n<figure class=\"wp-block-image\"><img decoding=\"async\" src=\"https:\/\/packdesites.com\/wp-content\/uploads\/2025\/04\/68747470733a2f2f746865706978656c63757276652e636f6d2f656e7661746f2f696d616765732f65647562696e2f636f6c6f7273312e6a7067.jpeg\" alt=\"Unlimited colors\" title=\"\"><\/figure>\n\n\n\n<figure class=\"wp-block-image\"><img decoding=\"async\" src=\"https:\/\/packdesites.com\/wp-content\/uploads\/2025\/04\/68747470733a2f2f746865706978656c63757276652e636f6d2f656e7661746f2f696d616765732f65647562696e2f7472616e736c617465312e6a7067.jpeg\" alt=\"Ready for translation\" title=\"\"><\/figure>\n\n\n\n<figure class=\"wp-block-image\"><img decoding=\"async\" src=\"https:\/\/packdesites.com\/wp-content\/uploads\/2025\/04\/68747470733a2f2f746865706978656c63757276652e636f6d2f656e7661746f2f696d616765732f65647562696e2f62627072657373322e6a7067.jpeg\" alt=\"bbPress\" title=\"\"><\/figure>\n\n\n\n<figure class=\"wp-block-image\"><img decoding=\"async\" src=\"https:\/\/packdesites.com\/wp-content\/uploads\/2025\/04\/68747470733a2f2f746865706978656c63757276652e636f6d2f656e7661746f2f696d616765732f65647562696e2f636f6e74616374322e6a7067.jpeg\" alt=\"Contact 7 vs wpfroms\" title=\"\"><\/figure>\n\n\n\n<figure class=\"wp-block-image\"><img decoding=\"async\" src=\"https:\/\/packdesites.com\/wp-content\/uploads\/2025\/04\/68747470733a2f2f746865706978656c63757276652e636f6d2f656e7661746f2f696d616765732f65647562696e2f7061796d656e742d776f6f2e6a7067.jpeg\" alt=\"WooCommerce Payment Escape\" title=\"\"><\/figure>\n\n\n\n<p>Edubin Education WordPress theme is perfect for selling online courses, universities, colleges, schools, training centers, e-learning, course tutorials, education centers, and other institutes. Edubin is a complete education solution with all the features and functionalities. It is built with drag and drop Elementor Page Builder. Using this theme, you can build the website for any type of educational institution. This education theme supported popular LMS Tutor, LearnDash, LernPress, Masterstudy, Sensei, and LifterLMS 6 plugins. Additionally, this theme has event calendar, event registration, WooCommerce store, and more features.<\/p>\n\n\n\n<p>Edubin education WordPress theme is developed as a learning management system for course listing platform like Udemy, Coursera, Edx, Training Center, Course Hub, language school, eLearning Business, learning courses, music education school, dance academy, and driving school College, Academy, University or School.<\/p>\n\n\n\n<h3 class=\"wp-block-heading\" id=\"item-description__features-overview\">Feature Overview<\/h3>\n\n\n\n<ul class=\"wp-block-list\">\n<li>Education Theme<\/li>\n\n\n\n<li>Educational-based design<\/li>\n\n\n\n<li>Built with Elementor Page Builder<\/li>\n\n\n\n<li>Learning Management System (LMS)<\/li>\n\n\n\n<li>LMS courses with basic school, college and university design<\/li>\n\n\n\n<li>Most Popular Tutor, LearnPress, LearnDash, MasterStudy Sensei &amp; LifterLMS Compatible<\/li>\n\n\n\n<li>LMS Courses, Lesson, Quiz, Topic Functionality<\/li>\n\n\n\n<li>Multi-course style: Grid\/List<\/li>\n\n\n\n<li>Filter course search by Elementor Page Builder\/li&gt;<\/li>\n\n\n\n<li>One-click demo importer<\/li>\n\n\n\n<li>Compatible with The Events Calendar plugin<\/li>\n\n\n\n<li>Compatible with WPFroms &amp; Contact From 7 plugin<\/li>\n\n\n\n<li>Google Fonts Included<\/li>\n\n\n\n<li>SEO friendly<\/li>\n\n\n\n<li>WPML supported<\/li>\n\n\n\n<li>LMS Theme<\/li>\n\n\n\n<li>Education WordPress Theme<\/li>\n\n\n\n<li><\/li>\n<\/ul>\n\n\n\n<p>If there is a message asking for a purchase code for registration\/activation,&nbsp;<strong>just ignore it.<\/strong><\/p>\n\n\n\n<ol class=\"wp-block-list\">\n<li>Contact our\u00a0<a href=\"https:\/\/thepixelcurve.com\/support\" target=\"_blank\" rel=\"noopener\">support center<\/a>\u00a0or wait for our next theme update<\/li>\n\n\n\n<li>Purchase your own license to receive faster updates from plugin authors.<\/li>\n<\/ol>\n\n\n\n<h3 class=\"wp-block-heading\" id=\"item-description__documentation\">Documentation<\/h3>\n\n\n\n<p>View online documentation&nbsp;<a href=\"https:\/\/thepixelcurve.com\/support\/docs\/edubin\/\" target=\"_blank\" rel=\"noopener\">clicking here.<\/a><\/p>","protected":false},"excerpt":{"rendered":"<p>Tema WordPress de Educa\u00e7\u00e3o&nbsp;\u2013 Edubin&nbsp;\u00e9 a solu\u00e7\u00e3o perfeita para&nbsp;Site Educacional,&nbsp;Plataforma de Aprendizagem,&nbsp;Desenvolvimento de Habilidades,&nbsp;Coaching de Carreira,&nbsp;Coach de Neg\u00f3cios,&nbsp;Centro de Coaching,&nbsp;Marketing Digital,&nbsp;Escola de Idiomas,&nbsp;Universidade&nbsp;etc. Integre o Zoom com o Edubin O tema WordPress de Educa\u00e7\u00e3o Edubin \u00e9 perfeito para vender cursos on-line, universidades, faculdades, escolas, centros de treinamento, e-learning, tutoriais de cursos, centros de educa\u00e7\u00e3o e [&hellip;]<\/p>","protected":false},"featured_media":2004,"comment_status":"open","ping_status":"open","template":"","meta":{"_jf_limit_responses":"","iawp_total_views":115},"product_brand":[],"product_cat":[22],"product_tag":[19],"class_list":{"0":"post-1985","1":"product","2":"type-product","3":"status-publish","4":"has-post-thumbnail","6":"product_cat-temas-wordpress","7":"product_tag-vitalicio","9":"first","10":"instock","11":"downloadable","12":"virtual","13":"purchasable","14":"product-type-simple"},"_links":{"self":[{"href":"https:\/\/packdesites.com\/en\/wp-json\/wp\/v2\/product\/1985","targetHints":{"allow":["GET"]}}],"collection":[{"href":"https:\/\/packdesites.com\/en\/wp-json\/wp\/v2\/product"}],"about":[{"href":"https:\/\/packdesites.com\/en\/wp-json\/wp\/v2\/types\/product"}],"replies":[{"embeddable":true,"href":"https:\/\/packdesites.com\/en\/wp-json\/wp\/v2\/comments?post=1985"}],"version-history":[{"count":1,"href":"https:\/\/packdesites.com\/en\/wp-json\/wp\/v2\/product\/1985\/revisions"}],"predecessor-version":[{"id":23962,"href":"https:\/\/packdesites.com\/en\/wp-json\/wp\/v2\/product\/1985\/revisions\/23962"}],"wp:featuredmedia":[{"embeddable":true,"href":"https:\/\/packdesites.com\/en\/wp-json\/wp\/v2\/media\/2004"}],"wp:attachment":[{"href":"https:\/\/packdesites.com\/en\/wp-json\/wp\/v2\/media?parent=1985"}],"wp:term":[{"taxonomy":"product_brand","embeddable":true,"href":"https:\/\/packdesites.com\/en\/wp-json\/wp\/v2\/product_brand?post=1985"},{"taxonomy":"product_cat","embeddable":true,"href":"https:\/\/packdesites.com\/en\/wp-json\/wp\/v2\/product_cat?post=1985"},{"taxonomy":"product_tag","embeddable":true,"href":"https:\/\/packdesites.com\/en\/wp-json\/wp\/v2\/product_tag?post=1985"}],"curies":[{"name":"wp","href":"https:\/\/api.w.org\/{rel}","templated":true}]}}