{"id":1981,"date":"2025-02-10T13:49:34","date_gmt":"2025-02-10T13:49:34","guid":{"rendered":"https:\/\/packdesites.com\/produto\/consultry-kit-de-templates-elementor-de-consultoria-de-negocios\/"},"modified":"2025-12-12T19:50:09","modified_gmt":"2025-12-12T22:50:09","slug":"consultancy-business-consulting-elementor-template-kit","status":"publish","type":"product","link":"https:\/\/packdesites.com\/en\/product\/consultancy-business-consulting-elementor-template-kit\/","title":{"rendered":"Consultry Template Kit \u2013 Elementor Business Consulting Template Kit"},"content":{"rendered":"<p>Consultry Template Kit \u2013 Elementor Business Consulting Template Kit. This template kit is fully responsive, clean, and customizable. This template is suitable for use in businesses such as: Business Agent, Business Consulting, Corporate Finance, Business Solution, Corporate Business, and others.<\/p>\n\n\n\n<p>This is not a WordPress theme. The Elementor Kit contains page content for the Elementor page builder. This kit is optimized for use with the free Hello Elementor theme, but can be used with most themes that support Elementor.<\/p>\n\n\n\n<p><strong>Kit Features:<\/strong><\/p>\n\n\n\n<ul class=\"wp-block-list\">\n<li>Using Free Plugins (Elementor Pro is not required)<\/li>\n\n\n\n<li>Modern and clean design<\/li>\n\n\n\n<li>Responsive layout<\/li>\n\n\n\n<li>Customizable<\/li>\n\n\n\n<li>No coding required<\/li>\n<\/ul>\n\n\n\n<p><strong>Prompt templates:<\/strong><\/p>\n\n\n\n<ul class=\"wp-block-list\">\n<li>header<\/li>\n\n\n\n<li>Baseboard<\/li>\n\n\n\n<li>Contact form<\/li>\n\n\n\n<li>Newsletter form<\/li>\n\n\n\n<li>Start<\/li>\n\n\n\n<li>Envelope<\/li>\n\n\n\n<li>Services<\/li>\n\n\n\n<li>Team<\/li>\n\n\n\n<li>Prices<\/li>\n\n\n\n<li>Get in touch<\/li>\n\n\n\n<li>Page 404<\/li>\n\n\n\n<li>Case studies<\/li>\n\n\n\n<li>Single case study<\/li>\n<\/ul>\n\n\n\n<p><strong>Required plugins:<\/strong><\/p>\n\n\n\n<ul class=\"wp-block-list\">\n<li>Elementor<\/li>\n\n\n\n<li>ElementsKit Lite<\/li>\n\n\n\n<li>MetForm<\/li>\n\n\n\n<li>Sticky Header Effects for Elementor<\/li>\n<\/ul>\n\n\n\n<p><strong>How to use the Kit:<\/strong><\/p>\n\n\n\n<ol class=\"wp-block-list\">\n<li>Install and activate the \u201cEnvato Elements\u201d plugin under Plugins &gt; Add New in WordPress.<\/li>\n\n\n\n<li>Do not unzip.<\/li>\n\n\n\n<li>Go to Elements &gt; Installed Kits and click the Load Template Kit button.<\/li>\n\n\n\n<li>Before importing a template, make sure you click the Installation Requirements button to activate the required plugins.<\/li>\n\n\n\n<li>For best results, do not import more than one model at a time.<\/li>\n<\/ol>\n\n\n\n<p><strong>How to use Metform:<\/strong><\/p>\n\n\n\n<ol class=\"wp-block-list\">\n<li>Import the metform template.<\/li>\n\n\n\n<li>Import the template in which the form appears and edit it in Elementor.<\/li>\n\n\n\n<li>Click the Metform widget in the column where the form should be and click Edit Form.<\/li>\n\n\n\n<li>Select New, leave blank selected and click the Edit Form button.<\/li>\n\n\n\n<li>Click the gray \u201cAdd Template\u201d folder button.<\/li>\n\n\n\n<li>Click on the \u201cMy Templates\u201d tab.<\/li>\n\n\n\n<li>Choose your imported metform template and click \u201cInsert\u201d.<\/li>\n\n\n\n<li>Once the template is uploaded, click \u201cUpdate\u201d.<\/li>\n<\/ol>\n\n\n\n<p>For more support, go to Elementor &gt; Get Help in the WordPress menu.<\/p>","protected":false},"excerpt":{"rendered":"<p>Consultry Template Kit &#8211; Kit de Templates Elementor de consultoria de neg\u00f3cios. Este kit de templates \u00e9 totalmente responsivo, limpo e personaliz\u00e1vel. Este modelo \u00e9 adequado para uso em empresas, como: Agente de Neg\u00f3cios, Consultoria de Neg\u00f3cios, Finan\u00e7as Empresariais, Solu\u00e7\u00e3o de Neg\u00f3cios, Neg\u00f3cios Corporativos e outros. Este n\u00e3o \u00e9 um tema WordPress. O Elementor Kit [&hellip;]<\/p>","protected":false},"featured_media":1982,"comment_status":"open","ping_status":"open","template":"","meta":{"_jf_limit_responses":"","iawp_total_views":279},"product_brand":[],"product_cat":[23,37,36,27,24],"product_tag":[19],"class_list":{"0":"post-1981","1":"product","2":"type-product","3":"status-publish","4":"has-post-thumbnail","6":"product_cat-templates-elementor-e-envato","7":"product_cat-advogado","8":"product_cat-consultoria-de-negocios","9":"product_cat-prestadores-de-servicos","10":"product_cat-templates-envato","11":"product_tag-vitalicio","13":"first","14":"instock","15":"downloadable","16":"virtual","17":"purchasable","18":"product-type-simple"},"_links":{"self":[{"href":"https:\/\/packdesites.com\/en\/wp-json\/wp\/v2\/product\/1981","targetHints":{"allow":["GET"]}}],"collection":[{"href":"https:\/\/packdesites.com\/en\/wp-json\/wp\/v2\/product"}],"about":[{"href":"https:\/\/packdesites.com\/en\/wp-json\/wp\/v2\/types\/product"}],"replies":[{"embeddable":true,"href":"https:\/\/packdesites.com\/en\/wp-json\/wp\/v2\/comments?post=1981"}],"version-history":[{"count":1,"href":"https:\/\/packdesites.com\/en\/wp-json\/wp\/v2\/product\/1981\/revisions"}],"predecessor-version":[{"id":24348,"href":"https:\/\/packdesites.com\/en\/wp-json\/wp\/v2\/product\/1981\/revisions\/24348"}],"wp:featuredmedia":[{"embeddable":true,"href":"https:\/\/packdesites.com\/en\/wp-json\/wp\/v2\/media\/1982"}],"wp:attachment":[{"href":"https:\/\/packdesites.com\/en\/wp-json\/wp\/v2\/media?parent=1981"}],"wp:term":[{"taxonomy":"product_brand","embeddable":true,"href":"https:\/\/packdesites.com\/en\/wp-json\/wp\/v2\/product_brand?post=1981"},{"taxonomy":"product_cat","embeddable":true,"href":"https:\/\/packdesites.com\/en\/wp-json\/wp\/v2\/product_cat?post=1981"},{"taxonomy":"product_tag","embeddable":true,"href":"https:\/\/packdesites.com\/en\/wp-json\/wp\/v2\/product_tag?post=1981"}],"curies":[{"name":"wp","href":"https:\/\/api.w.org\/{rel}","templated":true}]}}