{"id":1979,"date":"2025-02-10T13:47:09","date_gmt":"2025-02-10T13:47:09","guid":{"rendered":"https:\/\/packdesites.com\/produto\/loveit-template-kit-elementor-de-restaurante-de-comida-vegana-e-saudavel\/"},"modified":"2025-04-03T01:48:43","modified_gmt":"2025-04-03T01:48:43","slug":"loveit-template-elementor-kit-for-vegan-and-healthy-food-restaurant","status":"publish","type":"product","link":"https:\/\/packdesites.com\/en\/product\/loveit-template-elementor-kit-for-vegan-and-healthy-food-restaurant\/","title":{"rendered":"Loveit \u2013 Healthy Vegan Food Restaurant Elementor Template Kit"},"content":{"rendered":"<p>Welcome to Loveit \u2013 Loveit \u2013 Vegan &amp; Healthy Food Restaurant Elementor Template Kit. Loveit is a fully responsive, clean, elegant and customizable theme. Loveit can be used for vegan, food, cafe, delivery, menu, healthy, plant-based as well as layouts for company, agency, storefront and all other restaurant services.<\/p>\n\n\n\n<p>This is not a WordPress theme. The Elementor Kit contains page content for the Elementor page builder. This kit is optimized for use with the free Hello Elementor theme, but can be used with most themes that support Elementor.<\/p>\n\n\n\n<p><strong>Features:<\/strong><\/p>\n\n\n\n<ul class=\"wp-block-list\">\n<li>True codeless customization with visual drag-and-drop builder<\/li>\n\n\n\n<li>Customize fonts and colors in one place or adjust individual elements<\/li>\n\n\n\n<li>Modern and professional design<\/li>\n\n\n\n<li>Works with most Elementor themes.<\/li>\n<\/ul>\n\n\n\n<p><strong>Models:<\/strong><\/p>\n\n\n\n<ul class=\"wp-block-list\">\n<li>Home page<\/li>\n\n\n\n<li>Who we are<\/li>\n\n\n\n<li>Menu 1<\/li>\n\n\n\n<li>Menu 2<\/li>\n\n\n\n<li>Service<\/li>\n\n\n\n<li>Our chef<\/li>\n\n\n\n<li>Gallery<\/li>\n\n\n\n<li>Reserva<\/li>\n\n\n\n<li>Frequently Asked Questions<\/li>\n\n\n\n<li>Testimony<\/li>\n\n\n\n<li>Our Blog<\/li>\n\n\n\n<li>Single blog<\/li>\n\n\n\n<li>Contact us<\/li>\n<\/ul>\n\n\n\n<p><strong>Resource models:<\/strong><\/p>\n\n\n\n<ul class=\"wp-block-list\">\n<li>Header and Footer Builder<\/li>\n<\/ul>\n\n\n\n<p><strong>Required plugins:<\/strong><\/p>\n\n\n\n<ul class=\"wp-block-list\">\n<li>Elementor<\/li>\n\n\n\n<li>ElementsKit Lite<\/li>\n\n\n\n<li>PowerPack Lite<\/li>\n\n\n\n<li>Metform<\/li>\n<\/ul>\n\n\n\n<p><strong>How to use model kits:<\/strong><\/p>\n\n\n\n<ol class=\"wp-block-list\">\n<li>Install and activate the \u201cEnvato Elements\u201d plugin from Plugins &gt; Add New Features in WordPress<\/li>\n\n\n\n<li>Download the kit file and do not unzip it<\/li>\n\n\n\n<li>Go to Elements &gt; Installed Kits and click the Upload Template Kit button. You can also import automatically by clicking Connect Account to link your Elements subscription, then importing in Elements &gt; Template Kits.<\/li>\n\n\n\n<li>Check the orange banner at the top and click on Installation Requirements to load all the plugins that the kit uses<\/li>\n\n\n\n<li>Click import on global kit styles first<\/li>\n\n\n\n<li>Click Import on one template at a time. They are stored in Elementor under Templates &gt; Saved Templates.<\/li>\n\n\n\n<li>Go to Pages, create a new page and click Edit with Elementor<\/li>\n\n\n\n<li>Click the gear icon in the bottom left corner of the builder to view the page settings and choose Elementor Full Width and hide the page title<\/li>\n\n\n\n<li>Click the gray folder icon to access the My Templates tab, then import the page you want to customize.<\/li>\n<\/ol>\n\n\n\n<p>If you have Elementor Pro, headers and footers can be customized in the Theme Builder.<\/p>\n\n\n\n<p>Detailed guide: <a href=\"https:\/\/help.market.envato.com\/hc\/en-us\/articles\/900000842846-How-to-use-the-Envato-Elements-WordPress-Plugin-v2-0\" target=\"_blank\" rel=\"noopener\">https:\/\/help.market.envato.com\/hc\/en-us\/articles\/900000842846-How-to-use-the-Envato-Elements-WordPress-Plugin-v2-0<\/a><\/p>","protected":false},"excerpt":{"rendered":"<p>Bem-vindo ao Loveit &#8211; Loveit &#8211; Vegan &amp; Healthy Food Restaurant Elementor Template Kit. Loveit \u00e9 um tema totalmente responsivo, limpo, elegante e personaliz\u00e1vel. Loveit pode ser usado para vegano, comida, caf\u00e9, entrega, menu, saud\u00e1vel, vegetal, bem como layouts para empresa, ag\u00eancia, vitrine e todos os outros servi\u00e7os de restaurante. Este n\u00e3o \u00e9 um tema [&hellip;]<\/p>","protected":false},"featured_media":1980,"comment_status":"open","ping_status":"open","template":"","meta":{"_jf_limit_responses":"","iawp_total_views":166},"product_brand":[],"product_cat":[26,29,23,24],"product_tag":[19],"class_list":{"0":"post-1979","1":"product","2":"type-product","3":"status-publish","4":"has-post-thumbnail","6":"product_cat-lojas-virtuais","7":"product_cat-saude-e-bem-estar","8":"product_cat-templates-elementor-e-envato","9":"product_cat-templates-envato","10":"product_tag-vitalicio","12":"first","13":"instock","14":"downloadable","15":"virtual","16":"purchasable","17":"product-type-simple"},"_links":{"self":[{"href":"https:\/\/packdesites.com\/en\/wp-json\/wp\/v2\/product\/1979","targetHints":{"allow":["GET"]}}],"collection":[{"href":"https:\/\/packdesites.com\/en\/wp-json\/wp\/v2\/product"}],"about":[{"href":"https:\/\/packdesites.com\/en\/wp-json\/wp\/v2\/types\/product"}],"replies":[{"embeddable":true,"href":"https:\/\/packdesites.com\/en\/wp-json\/wp\/v2\/comments?post=1979"}],"version-history":[{"count":0,"href":"https:\/\/packdesites.com\/en\/wp-json\/wp\/v2\/product\/1979\/revisions"}],"wp:featuredmedia":[{"embeddable":true,"href":"https:\/\/packdesites.com\/en\/wp-json\/wp\/v2\/media\/1980"}],"wp:attachment":[{"href":"https:\/\/packdesites.com\/en\/wp-json\/wp\/v2\/media?parent=1979"}],"wp:term":[{"taxonomy":"product_brand","embeddable":true,"href":"https:\/\/packdesites.com\/en\/wp-json\/wp\/v2\/product_brand?post=1979"},{"taxonomy":"product_cat","embeddable":true,"href":"https:\/\/packdesites.com\/en\/wp-json\/wp\/v2\/product_cat?post=1979"},{"taxonomy":"product_tag","embeddable":true,"href":"https:\/\/packdesites.com\/en\/wp-json\/wp\/v2\/product_tag?post=1979"}],"curies":[{"name":"wp","href":"https:\/\/api.w.org\/{rel}","templated":true}]}}