{"id":1971,"date":"2025-01-27T21:05:57","date_gmt":"2025-01-27T21:05:57","guid":{"rendered":"https:\/\/packdesites.com\/produto\/rentcys-kit-de-modelos-elementor-para-aluguel-de-carros\/"},"modified":"2025-04-03T01:48:29","modified_gmt":"2025-04-03T01:48:29","slug":"rentcys-elementor-template-kit-for-car-rental","status":"publish","type":"product","link":"https:\/\/packdesites.com\/en\/product\/rentcys-elementor-template-kit-for-car-rental\/","title":{"rendered":"Rentcys \u2013 Car Rental Elementor Template Kit"},"content":{"rendered":"<p>Rentcys \u2013 Car Rental Elementor Template Kit. This template kit is fully responsive, clean and customizable. This template is suitable for use in businesses such as: Car rental services, chauffeur service, shuttle service, taxi service and others.<\/p>\n\n\n\n<p>This is not a WordPress theme. The Elementor Kit contains page content for the Elementor page builder. This kit is optimized for use with the free Hello Elementor theme, but can be used with most themes that support Elementor.<\/p>\n\n\n\n<p><strong>Kit Features:<\/strong><\/p>\n\n\n\n<ul class=\"wp-block-list\">\n<li>Using Free Plugins (Elementor Pro is not required)<\/li>\n\n\n\n<li>Modern and clean design<\/li>\n\n\n\n<li>Responsive layout<\/li>\n\n\n\n<li>Customizable<\/li>\n\n\n\n<li>No coding required<\/li>\n<\/ul>\n\n\n\n<p><strong>Ready models:<\/strong><\/p>\n\n\n\n<ul class=\"wp-block-list\">\n<li>header<\/li>\n\n\n\n<li>Baseboard<\/li>\n\n\n\n<li>Newsletter form<\/li>\n\n\n\n<li>Contact form<\/li>\n\n\n\n<li>Booking form<\/li>\n\n\n\n<li>Availability Request Form<\/li>\n\n\n\n<li>Start<\/li>\n\n\n\n<li>On<\/li>\n\n\n\n<li>Services<\/li>\n\n\n\n<li>Team<\/li>\n\n\n\n<li>Frequently Asked Questions<\/li>\n\n\n\n<li>Car List<\/li>\n\n\n\n<li>Rental Details<\/li>\n\n\n\n<li>Blog<\/li>\n\n\n\n<li>Single blog<\/li>\n\n\n\n<li>Get in touch<\/li>\n<\/ul>\n\n\n\n<p><strong>Required plugins:<\/strong><\/p>\n\n\n\n<ul class=\"wp-block-list\">\n<li>Elementor<\/li>\n\n\n\n<li>The Plus Addons for Elementor<\/li>\n\n\n\n<li>Ultimate Addons for Elementor \u2013 Lite<\/li>\n\n\n\n<li>MetForm<\/li>\n\n\n\n<li>Icon element<\/li>\n<\/ul>\n\n\n\n<p><strong>How to use the Kit:<\/strong><\/p>\n\n\n\n<ol class=\"wp-block-list\">\n<li>Install and activate the \u201cEnvato Elements\u201d plugin in Plugins &gt; Add New in WordPress.<\/li>\n\n\n\n<li>Do not unzip.<\/li>\n\n\n\n<li>Go to Elements &gt; Installed Kits and click the Load Template Kit button.<\/li>\n\n\n\n<li>Before importing a template, make sure you click the Installation Requirements button to activate the required plugins.<\/li>\n\n\n\n<li>For best results, do not import more than one model at a time.<\/li>\n<\/ol>\n\n\n\n<p><strong>How to use Metform:<\/strong><\/p>\n\n\n\n<ol class=\"wp-block-list\">\n<li>Import the metform template.<\/li>\n\n\n\n<li>Import the template in which the form appears and edit it in Elementor.<\/li>\n\n\n\n<li>Click the Metform widget in the column where the form should be and click Edit Form.<\/li>\n\n\n\n<li>Select New, leave blank selected and click the Edit Form button.<\/li>\n\n\n\n<li>Click the gray \u201cAdd Template\u201d folder button.<\/li>\n\n\n\n<li>Click on the \u201cMy Templates\u201d tab.<\/li>\n\n\n\n<li>Choose your imported metform template and click \u201cInsert\u201d.<\/li>\n\n\n\n<li>Once the template is uploaded, click \u201cUpdate\u201d.<\/li>\n<\/ol>\n\n\n\n<p>For more support, go to Elementor &gt; Get Help in the WordPress menu.<\/p>","protected":false},"excerpt":{"rendered":"<p>Rentcys &#8211; Kit de modelos Elementor para aluguel de carros. Este kit de templates \u00e9 totalmente responsivo, limpo e personaliz\u00e1vel. Este modelo \u00e9 adequado para uso em empresas, como: Servi\u00e7os de aluguel de carros, servi\u00e7o de motorista, servi\u00e7o de transporte, servi\u00e7o de t\u00e1xi e outros. Este n\u00e3o \u00e9 um tema WordPress. O Elementor Kit cont\u00e9m [&hellip;]<\/p>","protected":false},"featured_media":1972,"comment_status":"open","ping_status":"open","template":"","meta":{"_jf_limit_responses":"","iawp_total_views":102},"product_brand":[],"product_cat":[27,23,24,31],"product_tag":[19],"class_list":{"0":"post-1971","1":"product","2":"type-product","3":"status-publish","4":"has-post-thumbnail","6":"product_cat-prestadores-de-servicos","7":"product_cat-templates-elementor-e-envato","8":"product_cat-templates-envato","9":"product_cat-veiculos","10":"product_tag-vitalicio","12":"first","13":"instock","14":"downloadable","15":"virtual","16":"purchasable","17":"product-type-simple"},"_links":{"self":[{"href":"https:\/\/packdesites.com\/en\/wp-json\/wp\/v2\/product\/1971","targetHints":{"allow":["GET"]}}],"collection":[{"href":"https:\/\/packdesites.com\/en\/wp-json\/wp\/v2\/product"}],"about":[{"href":"https:\/\/packdesites.com\/en\/wp-json\/wp\/v2\/types\/product"}],"replies":[{"embeddable":true,"href":"https:\/\/packdesites.com\/en\/wp-json\/wp\/v2\/comments?post=1971"}],"version-history":[{"count":0,"href":"https:\/\/packdesites.com\/en\/wp-json\/wp\/v2\/product\/1971\/revisions"}],"wp:featuredmedia":[{"embeddable":true,"href":"https:\/\/packdesites.com\/en\/wp-json\/wp\/v2\/media\/1972"}],"wp:attachment":[{"href":"https:\/\/packdesites.com\/en\/wp-json\/wp\/v2\/media?parent=1971"}],"wp:term":[{"taxonomy":"product_brand","embeddable":true,"href":"https:\/\/packdesites.com\/en\/wp-json\/wp\/v2\/product_brand?post=1971"},{"taxonomy":"product_cat","embeddable":true,"href":"https:\/\/packdesites.com\/en\/wp-json\/wp\/v2\/product_cat?post=1971"},{"taxonomy":"product_tag","embeddable":true,"href":"https:\/\/packdesites.com\/en\/wp-json\/wp\/v2\/product_tag?post=1971"}],"curies":[{"name":"wp","href":"https:\/\/api.w.org\/{rel}","templated":true}]}}