{"id":197,"date":"2024-05-30T20:56:24","date_gmt":"2024-05-30T20:56:24","guid":{"rendered":"https:\/\/packdesites.com\/produto\/extreme-roupas-esportivas-loja-de-equipamentos\/"},"modified":"2025-04-03T00:19:22","modified_gmt":"2025-04-03T00:19:22","slug":"extreme-sportswear-equipment-store","status":"publish","type":"product","link":"https:\/\/packdesites.com\/en\/product\/extreme-sportswear-equipment-store\/","title":{"rendered":"Extreme | Sportswear &amp; Equipment Store"},"content":{"rendered":"<h2 class=\"wp-block-heading\" id=\"item-description__sports-clothing-store-wordpress-plugins\">Sportswear Store WordPress plugins<\/h2>\n\n\n\n<p>Due to compatibility&nbsp;<strong>WooCommerce<\/strong>, you can create a versatile and completely customizable sports shoe store, shoe store business, beautiful yoga store, business&nbsp;<strong>from online sports store<\/strong>.<\/p>\n\n\n\n<p>It&#039;s also great for blogging&nbsp;<strong>sport, blog<\/strong>&nbsp;sports nutrition and blogs related to: running athlete, exercises, fitness and training.<\/p>\n\n\n\n<p>It is compatible with&nbsp;<strong>WPBakery<\/strong>&nbsp;(also known as&nbsp;<strong>Visual Composer<\/strong>, which we think is better than Elementor).<\/p>\n\n\n\n<h2 class=\"wp-block-heading\" id=\"item-description__equipment-store-wordpress-features\">Equipment Store WordPress Features<\/h2>\n\n\n\n<p>The theme is packed with lots of&nbsp;<strong>pre-designed pages<\/strong>&nbsp;to showcase your main services, your store&#039;s range, your&nbsp;<strong>gallery<\/strong>&nbsp;and its&nbsp;<strong>news<\/strong>, etc. The theme is&nbsp;<strong>100% Responsive<\/strong>&nbsp;and&nbsp;<strong>Retina<\/strong>&nbsp;ready, which is very important for an online business.<br><br>We made the theme compatible with premium plugins like&nbsp;<strong>Essential Grid<\/strong>,&nbsp;<strong>Revolution Slider<\/strong>&nbsp;etc.<\/p>\n\n\n\n<figure class=\"wp-block-image\"><img decoding=\"async\" src=\"https:\/\/packdesites.com\/wp-content\/uploads\/2025\/04\/687474703a2f2f7468656d657265782e6e65742f77702d636f6e74656e742f75706c6f6164732f6564642f323031362f30382f65787472656d652d64657363722e6a7067-scaled.jpeg\" alt=\"Sports Clothing &amp; Equipment Store WordPress Theme Description\" title=\"\"><\/figure>\n\n\n\n<figure class=\"wp-block-image\"><a href=\"https:\/\/themeforest.net\/item\/extreme-sports-clothing-equipment-store\/17110275\/support\" target=\"_blank\" rel=\"noopener\"><img decoding=\"async\" src=\"https:\/\/packdesites.com\/wp-content\/uploads\/2025\/04\/687474703a2f2f7468656d657265782e6e65742f77702d636f6e74656e742f75706c6f6164732f6564642f323031362f30382f65787472656d652d322e6a7067.jpeg\" alt=\"Support\" title=\"\"><\/a><\/figure>\n\n\n\n<figure class=\"wp-block-image\"><img decoding=\"async\" src=\"https:\/\/packdesites.com\/wp-content\/uploads\/2025\/04\/687474703a2f2f7468656d657265782e6e65742f77702d636f6e74656e742f75706c6f6164732f6564642f323031362f30382f65787472656d652d332e6a7067.jpeg\" alt=\"Description\" title=\"\"><\/figure>\n\n\n\n<h2 class=\"wp-block-heading\" id=\"item-description__our-customer-s-reviews\">Comments from our customers<\/h2>\n\n\n\n<figure class=\"wp-block-image\"><img decoding=\"async\" src=\"https:\/\/packdesites.com\/wp-content\/uploads\/2025\/04\/687474703a2f2f7468656d657265782e6e65742f696d616765732f726576696577732f7265782f65787472656d652f7265766965772d312e706e67.png\" alt=\"Reviews\" title=\"\"><\/figure>\n\n\n\n<figure class=\"wp-block-image\"><img decoding=\"async\" src=\"https:\/\/packdesites.com\/wp-content\/uploads\/2025\/04\/687474703a2f2f7468656d657265782e6e65742f696d616765732f726576696577732f7265782f65787472656d652f7265766965772d322e706e67.png\" alt=\"Reviews\" title=\"\"><\/figure>\n\n\n\n<h3 class=\"wp-block-heading\" id=\"item-description__extreme-sports-key-features\">Main characteristics of extreme sports<\/h3>\n\n\n\n<ul class=\"wp-block-list\">\n<li>Gutenberg compatible<\/li>\n\n\n\n<li>GDPR Framework WP Plugin included<\/li>\n\n\n\n<li>Modern and elegant design<\/li>\n\n\n\n<li>Easy to install, run and update!<\/li>\n\n\n\n<li>Modern, flexible, customizable!<\/li>\n\n\n\n<li>WordPress 4.0+ Tested and Approved!<\/li>\n\n\n\n<li>Built with valid HTML5 and CSS3 code<\/li>\n\n\n\n<li>Browser compatibility: FireFox, Safari, Chrome, IE11+<\/li>\n\n\n\n<li>One-click demo installation<\/li>\n\n\n\n<li><strong>Layout features<\/strong>:\n<ul class=\"wp-block-list\">\n<li>Boxed and wide page layouts<\/li>\n\n\n\n<li>WPBakery Page Builder support \u2013 create unlimited variants of homepage layouts<\/li>\n\n\n\n<li>Different header styles<\/li>\n\n\n\n<li>Enable\/disable multi-function user panel<\/li>\n\n\n\n<li>Lots of amazing hover effects<\/li>\n\n\n\n<li>Fully responsive layout<\/li>\n\n\n\n<li>Enable\/disable Retina option<\/li>\n<\/ul>\n<\/li>\n\n\n\n<li><strong>Slider Options<\/strong>:\n<ul class=\"wp-block-list\">\n<li>Includes Swiper Slider for posts and galleries<\/li>\n\n\n\n<li>Includes Revolution Slider as Home Slider<\/li>\n<\/ul>\n<\/li>\n\n\n\n<li><strong>Navigation options<\/strong>:\n<ul class=\"wp-block-list\">\n<li>User menu and main menu support<\/li>\n\n\n\n<li>Main menu slider<\/li>\n\n\n\n<li>Awesome CSS3\/jQuery animation effects<\/li>\n<\/ul>\n<\/li>\n\n\n\n<li><strong>Powerful structure<\/strong>:\n<ul class=\"wp-block-list\">\n<li>Defining the inheritance and substitution system<\/li>\n\n\n\n<li>Shortcode Builder<\/li>\n\n\n\n<li>WPBakery Page Builder<\/li>\n\n\n\n<li>Custom Theme Options Panel<\/li>\n\n\n\n<li>Media Content Manager<\/li>\n\n\n\n<li>WooCommerce Ready<\/li>\n\n\n\n<li>Optimized for best performance<\/li>\n\n\n\n<li>\u2026 and much more!<\/li>\n<\/ul>\n<\/li>\n\n\n\n<li><strong>Plugin compatibility<\/strong>:\n<ul class=\"wp-block-list\">\n<li>Gutenberg<\/li>\n\n\n\n<li>GDPR WP Framework<\/li>\n\n\n\n<li>Sliders: Swiper Slider, Revolution Slider<\/li>\n\n\n\n<li>WPBakery Page Builder<\/li>\n\n\n\n<li>Essential Grade<\/li>\n\n\n\n<li>WooCommerce<\/li>\n<\/ul>\n<\/li>\n\n\n\n<li><strong>Custom Widget Set<\/strong>:\n<ul class=\"wp-block-list\">\n<li>Flickr<\/li>\n\n\n\n<li>Tweet<\/li>\n\n\n\n<li>Linkedin<\/li>\n\n\n\n<li>Popular Posts<\/li>\n\n\n\n<li>Recent Posts<\/li>\n\n\n\n<li>Recent Reviews<\/li>\n\n\n\n<li>Top 10<\/li>\n\n\n\n<li>Announcement<\/li>\n\n\n\n<li>Logo<\/li>\n\n\n\n<li>Social icons<\/li>\n\n\n\n<li>King Size Shortcodes Pack<\/li>\n\n\n\n<li>Blogger<\/li>\n\n\n\n<li>Content Slider<\/li>\n\n\n\n<li>Skills<\/li>\n<\/ul>\n<\/li>\n\n\n\n<li><strong>Custom Shortcodes<\/strong>:\n<ul class=\"wp-block-list\">\n<li>Blogger<\/li>\n\n\n\n<li>Lens<\/li>\n\n\n\n<li>Content Slider<\/li>\n\n\n\n<li>Video List<\/li>\n\n\n\n<li>Skills<\/li>\n\n\n\n<li>eMailer<\/li>\n\n\n\n<li>Timeline<\/li>\n\n\n\n<li>Scrolling<\/li>\n<\/ul>\n<\/li>\n\n\n\n<li>A lot of\u00a0<strong>Shortcodes<\/strong>\u00a0included:\n<ul class=\"wp-block-list\">\n<li>Accordion<\/li>\n\n\n\n<li>Button<\/li>\n\n\n\n<li>Columns<\/li>\n\n\n\n<li>Google Map<\/li>\n\n\n\n<li>To hide<\/li>\n\n\n\n<li>Highlight<\/li>\n\n\n\n<li>Section<\/li>\n\n\n\n<li>Table<\/li>\n\n\n\n<li>Guides<\/li>\n\n\n\n<li>Team<\/li>\n\n\n\n<li>Testimonials<\/li>\n\n\n\n<li>Title<\/li>\n\n\n\n<li>Tooltip<\/li>\n\n\n\n<li>Toggle<\/li>\n\n\n\n<li>and much more\u2026<\/li>\n<\/ul>\n<\/li>\n\n\n\n<li>Interactive Ajax Search Engine<\/li>\n\n\n\n<li>Two icon display variants: Fontella Icon set and Images Icons<\/li>\n\n\n\n<li>Google Web Fonts<\/li>\n\n\n\n<li>Performance Optimization<\/li>\n\n\n\n<li>Great Professional Support<\/li>\n\n\n\n<li>Documentation included<\/li>\n\n\n\n<li>Regular updates<\/li>\n\n\n\n<li>And many more that we may have forgotten to mention\u2026<\/li>\n<\/ul>","protected":false},"excerpt":{"rendered":"<p>Loja de Roupas Esportivas WordPress plugins Devido \u00e0 compatibilidade&nbsp;WooCommerce, voc\u00ea pode criar uma loja de sapatos esportivos vers\u00e1til e completamente personaliz\u00e1vel, empresa de loja de cal\u00e7ados, bela loja de yoga, empresa&nbsp;de loja de esportes on-line. Tamb\u00e9m \u00e9 \u00f3timo para blog de&nbsp;esporte, blog&nbsp;de nutri\u00e7\u00e3o esportiva e blogs relacionados a: atleta de corrida, exerc\u00edcios, fitness e treino. [&hellip;]<\/p>","protected":false},"featured_media":211,"comment_status":"closed","ping_status":"open","template":"","meta":{"_jf_limit_responses":"","iawp_total_views":49},"product_brand":[],"product_cat":[22],"product_tag":[19],"class_list":{"0":"post-197","1":"product","2":"type-product","3":"status-publish","4":"has-post-thumbnail","6":"product_cat-temas-wordpress","7":"product_tag-vitalicio","9":"first","10":"instock","11":"downloadable","12":"virtual","13":"purchasable","14":"product-type-simple"},"_links":{"self":[{"href":"https:\/\/packdesites.com\/en\/wp-json\/wp\/v2\/product\/197","targetHints":{"allow":["GET"]}}],"collection":[{"href":"https:\/\/packdesites.com\/en\/wp-json\/wp\/v2\/product"}],"about":[{"href":"https:\/\/packdesites.com\/en\/wp-json\/wp\/v2\/types\/product"}],"replies":[{"embeddable":true,"href":"https:\/\/packdesites.com\/en\/wp-json\/wp\/v2\/comments?post=197"}],"version-history":[{"count":0,"href":"https:\/\/packdesites.com\/en\/wp-json\/wp\/v2\/product\/197\/revisions"}],"wp:featuredmedia":[{"embeddable":true,"href":"https:\/\/packdesites.com\/en\/wp-json\/wp\/v2\/media\/211"}],"wp:attachment":[{"href":"https:\/\/packdesites.com\/en\/wp-json\/wp\/v2\/media?parent=197"}],"wp:term":[{"taxonomy":"product_brand","embeddable":true,"href":"https:\/\/packdesites.com\/en\/wp-json\/wp\/v2\/product_brand?post=197"},{"taxonomy":"product_cat","embeddable":true,"href":"https:\/\/packdesites.com\/en\/wp-json\/wp\/v2\/product_cat?post=197"},{"taxonomy":"product_tag","embeddable":true,"href":"https:\/\/packdesites.com\/en\/wp-json\/wp\/v2\/product_tag?post=197"}],"curies":[{"name":"wp","href":"https:\/\/api.w.org\/{rel}","templated":true}]}}