{"id":1966,"date":"2025-01-18T00:46:32","date_gmt":"2025-01-18T00:46:32","guid":{"rendered":"https:\/\/packdesites.com\/produto\/realesta-template-kit-imobiliaria-real-estate-elementor\/"},"modified":"2025-04-03T01:48:23","modified_gmt":"2025-04-03T01:48:23","slug":"realesta-template-kit-real-estate-elementor","status":"publish","type":"product","link":"https:\/\/packdesites.com\/en\/product\/realesta-template-kit-real-estate-elementor\/","title":{"rendered":"Realesta \u2013 Real Estate Elementor Template Kit"},"content":{"rendered":"<p>Realesta is an elementor template kit for real estate and property listings. This template kit is perfect for real estate, real estate agents, interior designers, property listings, apartment agencies, architecture and even furniture websites. It has 12+ pre-built templates with cool design and modern style. You can easily create a beautiful website with this elementor template kit.<\/p>\n\n\n\n<p><strong>Layout features:<\/strong><\/p>\n\n\n\n<ul class=\"wp-block-list\">\n<li>Modern, clean and professional design<\/li>\n\n\n\n<li>Built with Elementor Pro<\/li>\n\n\n\n<li>100% Responsive and Mobile Friendly<\/li>\n\n\n\n<li>12+ pre-built templates<\/li>\n\n\n\n<li>Easy to customize<\/li>\n\n\n\n<li>Template kit built with Elementor Hello Theme<\/li>\n<\/ul>\n\n\n\n<p><strong>Elementor Pro upgrade required for some templates and features (not included)<\/strong><\/p>\n\n\n\n<p><strong>What&#039;s included in the zipper:<\/strong><\/p>\n\n\n\n<ul class=\"wp-block-list\">\n<li>Home page<\/li>\n\n\n\n<li>Who we are<\/li>\n\n\n\n<li>Careers<\/li>\n\n\n\n<li>Contact us<\/li>\n\n\n\n<li>Frequently Asked Questions<\/li>\n\n\n\n<li>Real estate agent<\/li>\n\n\n\n<li>Property Details<\/li>\n\n\n\n<li>List of properties<\/li>\n\n\n\n<li>Blog Archive<\/li>\n\n\n\n<li>Error 404<\/li>\n\n\n\n<li>Single post<\/li>\n\n\n\n<li>Services<\/li>\n\n\n\n<li>Header<\/li>\n\n\n\n<li>Baseboard<\/li>\n\n\n\n<li>Global Style<\/li>\n<\/ul>\n\n\n\n<p><strong>How to use model kits:<\/strong><\/p>\n\n\n\n<ol class=\"wp-block-list\">\n<li>Install and activate the \u201cEnvato Elements\u201d plugin from Plugins &gt; Add New Features in WordPress<\/li>\n\n\n\n<li>Download the kit file and do not unzip it<\/li>\n\n\n\n<li>Go to Elements &gt; Installed Kits and click the Upload Template Kit button. You can also import automatically by clicking Connect Account to link your Elements subscription, then importing in Elements &gt; Template Kits.<\/li>\n\n\n\n<li>Check the orange banner at the top and click on Installation Requirements to load all the plugins that the kit uses<\/li>\n\n\n\n<li>Click import on global kit styles first<\/li>\n\n\n\n<li>Click Import on one template at a time. They are stored in Elementor under Templates &gt; Saved Templates.<\/li>\n\n\n\n<li>Go to Pages, create a new page and click Edit with Elementor<\/li>\n\n\n\n<li>Click the gear icon in the bottom left corner of the builder to view the page settings and choose Elementor Full Width and hide the page title<\/li>\n\n\n\n<li>Click the gray folder icon to access the My Templates tab, then import the page you want to customize.<\/li>\n<\/ol>\n\n\n\n<p>If you have Elementor Pro, headers and footers can be customized in the Theme Builder.<\/p>\n\n\n\n<p>Detailed guide: <a href=\"https:\/\/help.market.envato.com\/hc\/en-us\/articles\/900000842846-How-to-use-the-Envato-Elements-WordPress-Plugin-v2-0\" target=\"_blank\" rel=\"noopener\">https:\/\/help.market.envato.com\/hc\/en-us\/articles\/900000842846-How-to-use-the-Envato-Elements-WordPress-Plugin-v2-0<\/a><\/p>\n\n\n\n<p><\/p>","protected":false},"excerpt":{"rendered":"<p>Realesta \u00e9 um template kit elementor para listagem de im\u00f3veis e propriedades. Este template kit \u00e9 perfeito para im\u00f3veis, agentes imobili\u00e1rios, designers de interiores, an\u00fancios de im\u00f3veis, ag\u00eancias de apartamentos, arquitetura e at\u00e9 sites de m\u00f3veis. Possui 12+ modelos pr\u00e9-constru\u00eddos com design legal e estilo moderno. Voc\u00ea pode facilmente criar um belo site com este [&hellip;]<\/p>","protected":false},"featured_media":1967,"comment_status":"open","ping_status":"open","template":"","meta":{"_jf_limit_responses":"","iawp_total_views":276},"product_brand":[],"product_cat":[30,27,23,24,38],"product_tag":[19],"class_list":{"0":"post-1966","1":"product","2":"type-product","3":"status-publish","4":"has-post-thumbnail","6":"product_cat-imobiliario-arquitetura-e-construcao-de-imoveis","7":"product_cat-prestadores-de-servicos","8":"product_cat-templates-elementor-e-envato","9":"product_cat-templates-envato","10":"product_cat-turismo-e-viagens","11":"product_tag-vitalicio","13":"first","14":"instock","15":"downloadable","16":"virtual","17":"purchasable","18":"product-type-simple"},"_links":{"self":[{"href":"https:\/\/packdesites.com\/en\/wp-json\/wp\/v2\/product\/1966","targetHints":{"allow":["GET"]}}],"collection":[{"href":"https:\/\/packdesites.com\/en\/wp-json\/wp\/v2\/product"}],"about":[{"href":"https:\/\/packdesites.com\/en\/wp-json\/wp\/v2\/types\/product"}],"replies":[{"embeddable":true,"href":"https:\/\/packdesites.com\/en\/wp-json\/wp\/v2\/comments?post=1966"}],"version-history":[{"count":0,"href":"https:\/\/packdesites.com\/en\/wp-json\/wp\/v2\/product\/1966\/revisions"}],"wp:featuredmedia":[{"embeddable":true,"href":"https:\/\/packdesites.com\/en\/wp-json\/wp\/v2\/media\/1967"}],"wp:attachment":[{"href":"https:\/\/packdesites.com\/en\/wp-json\/wp\/v2\/media?parent=1966"}],"wp:term":[{"taxonomy":"product_brand","embeddable":true,"href":"https:\/\/packdesites.com\/en\/wp-json\/wp\/v2\/product_brand?post=1966"},{"taxonomy":"product_cat","embeddable":true,"href":"https:\/\/packdesites.com\/en\/wp-json\/wp\/v2\/product_cat?post=1966"},{"taxonomy":"product_tag","embeddable":true,"href":"https:\/\/packdesites.com\/en\/wp-json\/wp\/v2\/product_tag?post=1966"}],"curies":[{"name":"wp","href":"https:\/\/api.w.org\/{rel}","templated":true}]}}