{"id":1964,"date":"2025-01-05T03:17:30","date_gmt":"2025-01-05T03:17:30","guid":{"rendered":"https:\/\/packdesites.com\/produto\/profily-portfolios-pessoais-e-kit-de-modelos-de-curriculo-elementor\/"},"modified":"2025-04-03T01:48:07","modified_gmt":"2025-04-03T01:48:07","slug":"profily-personal-portfolios-and-elementor-resume-template-kit","status":"publish","type":"product","link":"https:\/\/packdesites.com\/en\/product\/profily-personal-portfolios-and-elementor-resume-template-kit\/","title":{"rendered":"Profily \u2013 Personal Portfolios &amp; Resume Template Kit Elementor"},"content":{"rendered":"<p>Profily is a sleek and modern Elementor template kit designed to create stunning personal profile websites effortlessly. Whether you\u2019re a freelancer, creative professional or job seeker, Profily helps you showcase your skills, portfolio and achievements in a sophisticated and engaging way. With its clean layout, smooth animations and easy customization, creating a unique online presence has never been simpler. Perfect for portfolios, resumes or personal brands, Profily ensures your<\/p>\n\n\n\n<p>history stands out. ####&nbsp;<strong>Feature<\/strong><\/p>\n\n\n\n<ul class=\"wp-block-list\">\n<li>Individual elements can be adjusted or fonts and colors can be changed in one place.<\/li>\n\n\n\n<li>Visual drag-and-drop builder for true no-code customization.<\/li>\n\n\n\n<li>Contemporary and professional design.<\/li>\n\n\n\n<li>Fast charging.<\/li>\n\n\n\n<li>Most Elementor themes are compatible with this template kit.<\/li>\n<\/ul>\n\n\n\n<p>####&nbsp;<strong>Models include:<\/strong><\/p>\n\n\n\n<ul class=\"wp-block-list\">\n<li>Start<\/li>\n\n\n\n<li>On<\/li>\n\n\n\n<li>Portfolio<\/li>\n\n\n\n<li>Unique portfolio<\/li>\n\n\n\n<li>services<\/li>\n\n\n\n<li>Get in touch<\/li>\n\n\n\n<li>Blogs<\/li>\n\n\n\n<li>Blog details<\/li>\n\n\n\n<li>testimonials<\/li>\n\n\n\n<li>Shortly<\/li>\n\n\n\n<li>404<\/li>\n<\/ul>\n\n\n\n<p>####&nbsp;<strong>Sections and blocks:<\/strong><\/p>\n\n\n\n<ul class=\"wp-block-list\">\n<li>header<\/li>\n\n\n\n<li>Baseboard<\/li>\n\n\n\n<li>Contact form<\/li>\n<\/ul>\n\n\n\n<p>####&nbsp;<strong>Required plugins pre-installed with the kit<\/strong><\/p>\n\n\n\n<ul class=\"wp-block-list\">\n<li>Elementor<\/li>\n\n\n\n<li>Elementor Jeg Kit<\/li>\n\n\n\n<li>MetForm<\/li>\n<\/ul>\n\n\n\n<p>####&nbsp;<strong>How to use Template Kits:<\/strong><\/p>\n\n\n\n<p>This is not a WordPress Theme. Template kits contain only Elementor design data and are installed using the envato Elements plugin for WordPress or directly through Elementor.<\/p>","protected":false},"excerpt":{"rendered":"<p>Profily \u00e9 um kit de templates Elementor elegante e moderno, projetado para criar sites de perfis pessoais impressionantes sem esfor\u00e7o. Seja voc\u00ea um freelancer, profissional criativo ou candidato a emprego, a Profily ajuda voc\u00ea a mostrar suas habilidades, portf\u00f3lio e conquistas de uma forma sofisticada e envolvente. Com seu layout limpo, anima\u00e7\u00f5es suaves e f\u00e1cil [&hellip;]<\/p>","protected":false},"featured_media":1965,"comment_status":"open","ping_status":"open","template":"","meta":{"_jf_limit_responses":"","iawp_total_views":307},"product_brand":[],"product_cat":[32,27,23,24],"product_tag":[19],"class_list":{"0":"post-1964","1":"product","2":"type-product","3":"status-publish","4":"has-post-thumbnail","6":"product_cat-agencia-de-marketing","7":"product_cat-prestadores-de-servicos","8":"product_cat-templates-elementor-e-envato","9":"product_cat-templates-envato","10":"product_tag-vitalicio","12":"first","13":"instock","14":"downloadable","15":"virtual","16":"purchasable","17":"product-type-simple"},"_links":{"self":[{"href":"https:\/\/packdesites.com\/en\/wp-json\/wp\/v2\/product\/1964","targetHints":{"allow":["GET"]}}],"collection":[{"href":"https:\/\/packdesites.com\/en\/wp-json\/wp\/v2\/product"}],"about":[{"href":"https:\/\/packdesites.com\/en\/wp-json\/wp\/v2\/types\/product"}],"replies":[{"embeddable":true,"href":"https:\/\/packdesites.com\/en\/wp-json\/wp\/v2\/comments?post=1964"}],"version-history":[{"count":0,"href":"https:\/\/packdesites.com\/en\/wp-json\/wp\/v2\/product\/1964\/revisions"}],"wp:featuredmedia":[{"embeddable":true,"href":"https:\/\/packdesites.com\/en\/wp-json\/wp\/v2\/media\/1965"}],"wp:attachment":[{"href":"https:\/\/packdesites.com\/en\/wp-json\/wp\/v2\/media?parent=1964"}],"wp:term":[{"taxonomy":"product_brand","embeddable":true,"href":"https:\/\/packdesites.com\/en\/wp-json\/wp\/v2\/product_brand?post=1964"},{"taxonomy":"product_cat","embeddable":true,"href":"https:\/\/packdesites.com\/en\/wp-json\/wp\/v2\/product_cat?post=1964"},{"taxonomy":"product_tag","embeddable":true,"href":"https:\/\/packdesites.com\/en\/wp-json\/wp\/v2\/product_tag?post=1964"}],"curies":[{"name":"wp","href":"https:\/\/api.w.org\/{rel}","templated":true}]}}