{"id":1889,"date":"2024-11-12T19:15:18","date_gmt":"2024-11-12T19:15:18","guid":{"rendered":"https:\/\/packdesites.com\/produto\/dapper-kit-de-modelos-elementor-para-barbearia-e-estudio-de-cabeleireiro\/"},"modified":"2025-06-12T19:23:19","modified_gmt":"2025-06-12T22:23:19","slug":"dapper-elementor-template-kit-for-barber-shop-and-hair-studio","status":"publish","type":"product","link":"https:\/\/packdesites.com\/en\/product\/dapper-elementor-template-kit-for-barber-shop-and-hair-studio\/","title":{"rendered":"Dapper \u2013 Barber Shop &amp; Hair Studio Elementor Template Kit"},"content":{"rendered":"<p>Dapper is an Elementor Template Kit specially designed for barbershop websites! The template kit comes with an ideal selection of templates for any business or service related to any barbershop, ecology, hairstyles, hair care, haircuts, pomades or any other industry. This kit has a modern and unique design with a fully responsive 100% layout, easy installation and of course very easy to customize because when using Elementor you don&#039;t need a single line of coding! Save your time.<\/p>\n\n\n\n<p>This Template Kit contains page content for creating Elementor pages. This kit is optimized for use with the free \u201cHello Elementor\u201d theme.<\/p>\n\n\n\n<p><strong>Features:<\/strong><\/p>\n\n\n\n<ul class=\"wp-block-list\">\n<li>Compatible with WordPress \u2013 Elementor<\/li>\n\n\n\n<li>Using Free Plugins (Elementor Pro is not required)<\/li>\n\n\n\n<li>True codeless customization with drag and drop<\/li>\n\n\n\n<li>100% fully responsive and mobile friendly<\/li>\n\n\n\n<li>Modern and professional design<\/li>\n\n\n\n<li>14+ pre-built templates ready to use<\/li>\n\n\n\n<li>Customize fonts and colors in one place (Global Theme Kit Style)<\/li>\n<\/ul>\n\n\n\n<p><strong>Zip models:<\/strong><\/p>\n\n\n\n<ul class=\"wp-block-list\">\n<li>Home page<\/li>\n\n\n\n<li>About us<\/li>\n\n\n\n<li>Our team<\/li>\n\n\n\n<li>Services<\/li>\n\n\n\n<li>Service detail<\/li>\n\n\n\n<li>Services<\/li>\n\n\n\n<li>Our work<\/li>\n\n\n\n<li>Prices<\/li>\n\n\n\n<li>Gallery<\/li>\n\n\n\n<li>FREQUENTLY ASKED QUESTIONS<\/li>\n\n\n\n<li>Blog<\/li>\n\n\n\n<li>Page 404<\/li>\n\n\n\n<li>Get in touch<\/li>\n\n\n\n<li>header<\/li>\n\n\n\n<li>Baseboard<\/li>\n<\/ul>\n\n\n\n<p><strong>Required plugins:<\/strong><\/p>\n\n\n\n<ul class=\"wp-block-list\">\n<li>Elementor<\/li>\n\n\n\n<li>Rome Thematic Form<\/li>\n\n\n\n<li>Rome themed kit<\/li>\n<\/ul>\n\n\n\n<p><strong>How to use Template Kits:<\/strong>\u00a0This is not a WordPress Theme. Template kits contain only Elementor design data and are installed using the envato Elements WordPress plugin or directly through Elementor.<\/p>\n\n\n\n<p>Elementor Template Kits use the Envato Elements plugin to install.<\/p>\n\n\n\n<p>Detailed guide:<\/p>\n\n\n\n<ul class=\"wp-block-list\">\n<li><a href=\"https:\/\/help.elements.envato.com\/hc\/en-us\/articles\/36032349441945-How-to-Install-Elementor-Template-Kits-With-the-Envato-Elements-Plugin-in-WordPress-for-Envato-Elements-Subscribers\" target=\"_blank\" rel=\"noopener\">https:\/\/help.elements.envato.com\/hc\/en-us\/articles\/36032349441945-How-to-Install-Elementor-Template-Kits-With-the-Envato-Elements-Plugin-in-WordPress-for-Envato-Elements-Subscribers<\/a><\/li>\n<\/ul>\n\n\n\n<p>For more support, go to Elementor &gt; Get Help in the WordPress menu.<\/p>\n\n\n\n<p><strong>Configure Global Header and Footer in RomeThemeKit<\/strong><\/p>\n\n\n\n<ul class=\"wp-block-list\">\n<li>Import the header and footer blocks from Template-Kit.<\/li>\n\n\n\n<li>Go to \u201cRomeThemeKit\u201d &gt; Theme Builder &gt; and click Add New.<\/li>\n\n\n\n<li>In the \u201cGeneral\u201d options, give the header a title, choose the Type option and activate the Enable option.<\/li>\n\n\n\n<li>In the \u201cCondition\u201d options, select Entire Site and click Save Changes.<\/li>\n\n\n\n<li>In the theme builder table, choose your custom header and click \u201cEdit with Elementor\u201d.<\/li>\n\n\n\n<li>On the Elementor screen, click on the gray folder icon to access the \u201cMy Templates\u201d tab, then select the header block to import with the Click Insert.<\/li>\n\n\n\n<li>Then you can customize the header by setting the widget as you like or just leave it by default.<\/li>\n\n\n\n<li>Repeat for the footer<\/li>\n<\/ul>\n\n\n\n<p><strong>Configure forms in RomeThemeForm:<\/strong><\/p>\n\n\n\n<ul class=\"wp-block-list\">\n<li>Import form blocks from Template-Kit.<\/li>\n\n\n\n<li>Go to \u201cRomeThemeForm\u201d &gt; Forms &gt; and click Add New.<\/li>\n\n\n\n<li>Enter a \u201cForm Name\u201d and click \u201cSave &amp; Edit\u201d<\/li>\n\n\n\n<li>On the RomeThemeForm screen, click on the gray folder icon to access the \u201cMy Templates tab\u201d and choose the Forms block with Click Insert and click Save &amp; Exit.<\/li>\n\n\n\n<li>Then open and edit your template (e.g. Contact Page), click on the RomeThemeForm widget in the template and select the form you like or created to show the form in the template.<\/li>\n<\/ul>\n\n\n\n<p><\/p>\n\n\n\n<p><\/p>","protected":false},"excerpt":{"rendered":"<p>Dapper \u00e9 um Kit de Templates Elementor especialmente desenvolvido para sites de barbearia! O kit de modelos vem com uma sele\u00e7\u00e3o ideal de modelos para qualquer empresa ou servi\u00e7o relacionado a qualquer barbearia, ecologia, penteados, cuidados com o cabelo, cortes de cabelo, pomadas ou qualquer outra ind\u00fastria. Este kit tem um design moderno e exclusivo [&hellip;]<\/p>","protected":false},"featured_media":1890,"comment_status":"open","ping_status":"open","template":"","meta":{"_jf_limit_responses":"","iawp_total_views":106},"product_brand":[],"product_cat":[23,27,29,24],"product_tag":[19],"class_list":{"0":"post-1889","1":"product","2":"type-product","3":"status-publish","4":"has-post-thumbnail","6":"product_cat-templates-elementor-e-envato","7":"product_cat-prestadores-de-servicos","8":"product_cat-saude-e-bem-estar","9":"product_cat-templates-envato","10":"product_tag-vitalicio","12":"first","13":"instock","14":"downloadable","15":"virtual","16":"purchasable","17":"product-type-simple"},"_links":{"self":[{"href":"https:\/\/packdesites.com\/en\/wp-json\/wp\/v2\/product\/1889","targetHints":{"allow":["GET"]}}],"collection":[{"href":"https:\/\/packdesites.com\/en\/wp-json\/wp\/v2\/product"}],"about":[{"href":"https:\/\/packdesites.com\/en\/wp-json\/wp\/v2\/types\/product"}],"replies":[{"embeddable":true,"href":"https:\/\/packdesites.com\/en\/wp-json\/wp\/v2\/comments?post=1889"}],"version-history":[{"count":1,"href":"https:\/\/packdesites.com\/en\/wp-json\/wp\/v2\/product\/1889\/revisions"}],"predecessor-version":[{"id":22474,"href":"https:\/\/packdesites.com\/en\/wp-json\/wp\/v2\/product\/1889\/revisions\/22474"}],"wp:featuredmedia":[{"embeddable":true,"href":"https:\/\/packdesites.com\/en\/wp-json\/wp\/v2\/media\/1890"}],"wp:attachment":[{"href":"https:\/\/packdesites.com\/en\/wp-json\/wp\/v2\/media?parent=1889"}],"wp:term":[{"taxonomy":"product_brand","embeddable":true,"href":"https:\/\/packdesites.com\/en\/wp-json\/wp\/v2\/product_brand?post=1889"},{"taxonomy":"product_cat","embeddable":true,"href":"https:\/\/packdesites.com\/en\/wp-json\/wp\/v2\/product_cat?post=1889"},{"taxonomy":"product_tag","embeddable":true,"href":"https:\/\/packdesites.com\/en\/wp-json\/wp\/v2\/product_tag?post=1889"}],"curies":[{"name":"wp","href":"https:\/\/api.w.org\/{rel}","templated":true}]}}