{"id":1885,"date":"2024-11-05T19:58:05","date_gmt":"2024-11-05T19:58:05","guid":{"rendered":"https:\/\/packdesites.com\/produto\/houzez-tema-de-imobiliaria-com-busca-filtros-e-recursos-avancados\/"},"modified":"2026-04-13T14:38:49","modified_gmt":"2026-04-13T17:38:49","slug":"houzez-real-estate-theme-with-search-filters-and-advanced-features","status":"publish","type":"product","link":"https:\/\/packdesites.com\/en\/product\/houzez-real-estate-theme-with-search-filters-and-advanced-features\/","title":{"rendered":"Houzez v4.3.2 \u2013 Real Estate Theme with search, filters and advanced features"},"content":{"rendered":"<h2 class=\"wp-block-heading\" id=\"item-description__one-click-demo-import\"><strong>One-click demo import<\/strong><\/h2>\n\n\n\n<p>Simply choose one of our beautifully designed demo sites and replace your content.<\/p>\n\n\n\n<ul class=\"wp-block-list\">\n<li>Easy to get started<\/li>\n\n\n\n<li>Pre-built websites<\/li>\n\n\n\n<li>Highly customizable<\/li>\n\n\n\n<li>Page builders<\/li>\n\n\n\n<li>Elementor Page Builder<\/li>\n\n\n\n<li>WP Bakery Visual Composer<\/li>\n<\/ul>\n\n\n\n<h2 class=\"wp-block-heading\" id=\"item-description__30-drag-and-drop-elementor-widgets-for-real-estate\"><strong>30+ Drag and Drop Elementor Widgets for Real Estate<\/strong><\/h2>\n\n\n\n<p>Houzez has a library of custom drag-and-drop real estate widgets that use Elementor. These widgets will help you create a website ready to show off to your clients in minutes.<\/p>\n\n\n\n<ul class=\"wp-block-list\">\n<li>Search Builder Elementor Widget<\/li>\n\n\n\n<li>Inquiry form<\/li>\n\n\n\n<li>Contact form<\/li>\n\n\n\n<li>Grid Builder<\/li>\n\n\n\n<li>Listings Sort by<\/li>\n\n\n\n<li>Listing Guides<\/li>\n\n\n\n<li>Icons<\/li>\n\n\n\n<li>Section Title<\/li>\n\n\n\n<li>Property Card v1<\/li>\n\n\n\n<li>Property Card v2<\/li>\n\n\n\n<li>Property Card v3<\/li>\n\n\n\n<li>Property Card v4<\/li>\n\n\n\n<li>Property Card v5<\/li>\n\n\n\n<li>Property Card v6<\/li>\n\n\n\n<li>Property Carousel v1<\/li>\n\n\n\n<li>Property Carousel v2<\/li>\n\n\n\n<li>Property Carousel v3<\/li>\n\n\n\n<li>Property Carousel v4<\/li>\n\n\n\n<li>Property Carousel v5<\/li>\n\n\n\n<li>Property by ID<\/li>\n\n\n\n<li>Property by IDs<\/li>\n\n\n\n<li>Houzez Grids<\/li>\n\n\n\n<li>Agent Grid<\/li>\n\n\n\n<li>Agent Carousel<\/li>\n\n\n\n<li>Testimonial grid v1<\/li>\n\n\n\n<li>Testimonial grid v2<\/li>\n\n\n\n<li>Testimonial Carousel v1<\/li>\n\n\n\n<li>Testimonial Carousel v2<\/li>\n\n\n\n<li>Price List<\/li>\n\n\n\n<li>Team<\/li>\n\n\n\n<li>Partners<\/li>\n\n\n\n<li>Blog Post Carousel<\/li>\n\n\n\n<li>Post Blog Grid<\/li>\n<\/ul>\n\n\n\n<h2 class=\"wp-block-heading\" id=\"item-description__real-estate-search-builder\"><strong>Property Search Builder<\/strong><\/h2>\n\n\n\n<p>It\u2019s a web designer\u2019s dream come true. Search Builder is a smart Elementor widget that lets you create custom real estate search panels. This means you can put together beautiful, professional-looking real estate search systems in just a few clicks.<\/p>\n\n\n\n<ul class=\"wp-block-list\">\n<li>Based on Elementor<\/li>\n\n\n\n<li>View search tabs<\/li>\n\n\n\n<li>Free search placement<\/li>\n\n\n\n<li>Fully Responsive<\/li>\n\n\n\n<li>Custom fields<\/li>\n\n\n\n<li>Style Options<\/li>\n<\/ul>\n\n\n\n<h2 class=\"wp-block-heading\" id=\"item-description__advanced-search\"><strong>Advanced Search<\/strong><\/h2>\n\n\n\n<p>Houzez has the most powerful real estate search tool on the market, and with features like advanced search functionality and amazing filters, you won&#039;t have to worry about a thing.<\/p>\n\n\n\n<ul class=\"wp-block-list\">\n<li>Research composer<\/li>\n\n\n\n<li>Radius search<\/li>\n\n\n\n<li>Geolocation<\/li>\n\n\n\n<li>Advanced filters<\/li>\n\n\n\n<li>Multiple selection options<\/li>\n\n\n\n<li>Multiple selection options<\/li>\n\n\n\n<li>Custom fields<\/li>\n\n\n\n<li>Fixed search<\/li>\n\n\n\n<li>Saved searches<\/li>\n\n\n\n<li>Search positioning control<\/li>\n\n\n\n<li>Email Alerts<\/li>\n\n\n\n<li>Customizable colors<\/li>\n\n\n\n<li>Search criteria<\/li>\n\n\n\n<li>Price slider<\/li>\n\n\n\n<li>Ajax Search<\/li>\n<\/ul>\n\n\n\n<h2 class=\"wp-block-heading\" id=\"item-description__search-result-page\"><strong>Search results page<\/strong><\/h2>\n\n\n\n<p>Display an attractive property search results page with a variety of layout options.<\/p>\n\n\n\n<ul class=\"wp-block-list\">\n<li>Page Options<\/li>\n\n\n\n<li>Ad results page<\/li>\n\n\n\n<li>Half Map Results Page<\/li>\n\n\n\n<li>Saved search<\/li>\n\n\n\n<li>Email Alerts<\/li>\n\n\n\n<li>Listing templates<\/li>\n<\/ul>\n\n\n\n<h2 class=\"wp-block-heading\" id=\"item-description__real-estate-property-detail-page\"><strong>Real Estate Property Details Page<\/strong><\/h2>\n\n\n\n<p>The property detail page is the most flexible real estate page you can find. You can showcase specific properties and customize them however you want, letting potential buyers know everything about each building\u2019s features.<\/p>\n\n\n\n<ul class=\"wp-block-list\">\n<li>Customizable templates<\/li>\n\n\n\n<li>Custom Field Builder<\/li>\n\n\n\n<li>Property Layout Manager<\/li>\n\n\n\n<li>Custom capture forms<\/li>\n\n\n\n<li>Agent Contact Information<\/li>\n\n\n\n<li>Schedule a property visit<\/li>\n\n\n\n<li>Currency exchanger<\/li>\n\n\n\n<li>Mortgage Calculator<\/li>\n\n\n\n<li>Property energy efficiency<\/li>\n\n\n\n<li>Walk Score<\/li>\n\n\n\n<li>Nearby Yelp Locations<\/li>\n\n\n\n<li>Ratings and reviews<\/li>\n\n\n\n<li>Mobile Optimized<\/li>\n\n\n\n<li>Print properties<\/li>\n\n\n\n<li>Houzez Light Box<\/li>\n\n\n\n<li>Image Gallery<\/li>\n\n\n\n<li>Property Video<\/li>\n\n\n\n<li>Image slider<\/li>\n\n\n\n<li>Similar properties<\/li>\n\n\n\n<li>Property Statistics<\/li>\n\n\n\n<li>Social sharing<\/li>\n\n\n\n<li>Fixed property menu<\/li>\n\n\n\n<li>Fixed sidebar<\/li>\n\n\n\n<li>Property Labels<\/li>\n\n\n\n<li>Custom Property Slug<\/li>\n\n\n\n<li>Expiration of ownership<\/li>\n\n\n\n<li>Property ID Prefix<\/li>\n\n\n\n<li>Property description and price<\/li>\n\n\n\n<li>Contact information<\/li>\n\n\n\n<li>Property map and location<\/li>\n\n\n\n<li>EU energy classes<\/li>\n\n\n\n<li>Schedule property visits<\/li>\n\n\n\n<li>Property Gallery and Media<\/li>\n\n\n\n<li>Reviews and opinions<\/li>\n\n\n\n<li>Custom Field Builder<\/li>\n\n\n\n<li>360 virtual tour<\/li>\n\n\n\n<li>Property floor plans<\/li>\n\n\n\n<li>Sub-properties<\/li>\n\n\n\n<li>Property Details<\/li>\n\n\n\n<li>Property Features<\/li>\n\n\n\n<li>Property attachments<\/li>\n\n\n\n<li>Private Notes<\/li>\n\n\n\n<li>Mobile Optimized<\/li>\n<\/ul>\n\n\n\n<h2 class=\"wp-block-heading\" id=\"item-description__listing-meta-composer\"><strong>Listing Meta Composer<\/strong><\/h2>\n\n\n\n<p>Listing meta composer is a solution that allows you to create beautiful real estate listing pages for your apartments, houses or land with ease.<\/p>\n\n\n\n<ul class=\"wp-block-list\">\n<li>Drag and drop based<\/li>\n\n\n\n<li>Custom fields<\/li>\n\n\n\n<li>Listing Options<\/li>\n\n\n\n<li>Custom Icons<\/li>\n<\/ul>\n\n\n\n<h2 class=\"wp-block-heading\" id=\"item-description__listing-page-templates\"><strong>Listing Page Templates<\/strong><\/h2>\n\n\n\n<p>Choose from 13 different real estate templates for your listing page with a variety of designs to match any style. These templates will allow you to showcase your property in the best possible light, professionally designed and optimized for viewing on phones and tablets.<\/p>\n\n\n\n<ul class=\"wp-block-list\">\n<li>Half Map List View \u2013 Navigation Search<\/li>\n\n\n\n<li>Half Map Grid View \u2013 Navigation Search<\/li>\n\n\n\n<li>Half Map List View<\/li>\n\n\n\n<li>Half map grid view<\/li>\n\n\n\n<li>Listing v.1 \u2013 List<\/li>\n\n\n\n<li>Listing v.1 \u2013 Grid<\/li>\n\n\n\n<li>Listing v.2 \u2013 List<\/li>\n\n\n\n<li>Listing v.2 \u2013 Grid<\/li>\n\n\n\n<li>Listing v.3<\/li>\n\n\n\n<li>Listing v.4<\/li>\n\n\n\n<li>Listing v.5<\/li>\n\n\n\n<li>Listing v.6<\/li>\n\n\n\n<li>Parallax Listing<\/li>\n\n\n\n<li>Wide range of models<\/li>\n\n\n\n<li>Quick Ad View<\/li>\n\n\n\n<li>Custom Icons<\/li>\n\n\n\n<li>Powerful page filters<\/li>\n\n\n\n<li>Manage Featured Properties<\/li>\n\n\n\n<li>Manage page order<\/li>\n\n\n\n<li>Compare properties<\/li>\n<\/ul>\n\n\n\n<h2 class=\"wp-block-heading\" id=\"item-description__navigation\"><strong>Navigation<\/strong><\/h2>\n\n\n\n<p>In the real estate world, it\u2019s all about user experience. Whether you\u2019re looking for a navigation bar or an interactive map, you can always provide your clients with a user-friendly interface.<\/p>\n\n\n\n<ul class=\"wp-block-list\">\n<li>Compatible with Elementor Pro<\/li>\n\n\n\n<li>Mobile side menu<\/li>\n\n\n\n<li>Transparent navigation<\/li>\n\n\n\n<li>Sticky Navigation<\/li>\n\n\n\n<li>Color Options<\/li>\n\n\n\n<li>Font Options<\/li>\n\n\n\n<li>Mega Menu<\/li>\n\n\n\n<li>Social icons<\/li>\n\n\n\n<li>Create Listing Options<\/li>\n\n\n\n<li>Mobile Optimized<\/li>\n<\/ul>\n\n\n\n<h2 class=\"wp-block-heading\" id=\"item-description__customizable-header\"><strong>Customizable header<\/strong><\/h2>\n\n\n\n<p>Create a beautiful header that works for your business with our detailed and easy-to-use real estate design package.<\/p>\n\n\n\n<ul class=\"wp-block-list\">\n<li>Header with Google Maps<\/li>\n\n\n\n<li>Parallax Header<\/li>\n\n\n\n<li>Header with video<\/li>\n\n\n\n<li>Header with Slider Revolution<\/li>\n\n\n\n<li>Header with custom slider<\/li>\n\n\n\n<li>Elementor Header<\/li>\n<\/ul>\n\n\n\n<h2 class=\"wp-block-heading\" id=\"item-description__customizable-footer\"><strong>Customizable footer<\/strong><\/h2>\n\n\n\n<p>Houzez allows you to create a footer for your real estate website with a wide range of features and options. This can be all sorts of things, like links to your social media accounts, footer style, or even the type of footer content.<\/p>\n\n\n\n<ul class=\"wp-block-list\">\n<li>Compatible with Elementor Pro<\/li>\n\n\n\n<li>Customizable options<\/li>\n\n\n\n<li>Color Options<\/li>\n\n\n\n<li>Various models<\/li>\n\n\n\n<li>Social icons<\/li>\n\n\n\n<li>Ready-made widgets<\/li>\n<\/ul>\n\n\n\n<h2 class=\"wp-block-heading\" id=\"item-description__page-builders\"><strong>Page builders<\/strong><\/h2>\n\n\n\n<p>Create your own real estate website using Houzez as your real estate page builder. No coding or design skills required, just a few clicks will generate your perfect website on the go.<\/p>\n\n\n\n<ul class=\"wp-block-list\">\n<li>Drag and drop based<\/li>\n\n\n\n<li>Elementor Page Builder<\/li>\n\n\n\n<li>WP Bakery Visual Composer<\/li>\n<\/ul>\n\n\n\n<h2 class=\"wp-block-heading\" id=\"item-description__styling-options\"><strong>Style Options<\/strong><\/h2>\n\n\n\n<p>Houzez is a real estate software company that gives you the tools to build and engage with your clients. It offers all the features you need to manage your business, so you can match your brand identity like never before.<\/p>\n\n\n\n<ul class=\"wp-block-list\">\n<li>Global colors<\/li>\n\n\n\n<li>Navigation colors<\/li>\n\n\n\n<li>Menu colors<\/li>\n\n\n\n<li>Footer colors<\/li>\n\n\n\n<li>Search colors<\/li>\n\n\n\n<li>Custom logos<\/li>\n<\/ul>\n\n\n\n<h2 class=\"wp-block-heading\" id=\"item-description__typography-options\"><strong>Typography options<\/strong><\/h2>\n\n\n\n<p>Does your brand require your website fonts to look a certain way? Houzez has everything you need to make it happen!<\/p>\n\n\n\n<ul class=\"wp-block-list\">\n<li>Global options<\/li>\n\n\n\n<li>Title Options<\/li>\n\n\n\n<li>Menu options<\/li>\n<\/ul>\n\n\n\n<h2 class=\"wp-block-heading\" id=\"item-description__lead-generation-system\"><strong>Lead generation system<\/strong><\/h2>\n\n\n\n<p>Houzez is a lead capture form customization platform. With Houzez, you can create and customize engaging forms to help convert your website visitors into leads. Connect with Houzez CRM and your email inbox and get started with your real estate needs today.<\/p>\n\n\n\n<ul class=\"wp-block-list\">\n<li>Lead Generation Forms<\/li>\n\n\n\n<li>Contact Form Widget<\/li>\n\n\n\n<li>Query Form Widget<\/li>\n\n\n\n<li>Forms for Real Estate Agents<\/li>\n\n\n\n<li>Real Estate Property Page Forms<\/li>\n\n\n\n<li>Sidebar capture forms<\/li>\n<\/ul>\n\n\n\n<h2 class=\"wp-block-heading\" id=\"item-description__customer-relationship-management-crm\"><strong>Customer Relationship Management (CRM)<\/strong><\/h2>\n\n\n\n<p>Create a trusted list of all your leads and clients with Houzez&#039;s integrated CRM for real estate professionals.<\/p>\n\n\n\n<ul class=\"wp-block-list\">\n<li>Lead Management<\/li>\n\n\n\n<li>Query Management<\/li>\n\n\n\n<li>Manage business<\/li>\n\n\n\n<li>Track performances<\/li>\n\n\n\n<li>Insight Proprietary Data<\/li>\n\n\n\n<li>Follow the activities<\/li>\n<\/ul>\n\n\n\n<h2 class=\"wp-block-heading\" id=\"item-description__real-estate-agents-and-agencies\"><strong>Real estate agents and agencies<\/strong><\/h2>\n\n\n\n<p>Inspire trust in your visitors by displaying well-designed agent and agency profile pages for real estate.<\/p>\n\n\n\n<ul class=\"wp-block-list\">\n<li>Agent and Agency Profile<\/li>\n\n\n\n<li>Reviews and opinions<\/li>\n\n\n\n<li>Profile Chart Data<\/li>\n\n\n\n<li>Agent Management<\/li>\n\n\n\n<li>Agent and Agency Listing Pages<\/li>\n\n\n\n<li>Contact information<\/li>\n<\/ul>\n\n\n\n<h2 class=\"wp-block-heading\" id=\"item-description__front-end-dashboard-features\"><strong>Front-end Dashboard Features<\/strong><\/h2>\n\n\n\n<p>Houzez lets you manage a real estate marketplace, coordinate agents, and accept property submissions<\/p>\n\n\n\n<ul class=\"wp-block-list\">\n<li>Property Management<\/li>\n\n\n\n<li>According to the<\/li>\n\n\n\n<li>Insight Proprietary Data<\/li>\n\n\n\n<li>Front-end submissions<\/li>\n\n\n\n<li>Featured properties<\/li>\n\n\n\n<li>Favorite properties<\/li>\n\n\n\n<li>Saved searches<\/li>\n\n\n\n<li>User profiles<\/li>\n\n\n\n<li>Email Alerts<\/li>\n\n\n\n<li>Invoices<\/li>\n\n\n\n<li>Membership system<\/li>\n\n\n\n<li>Agent Management<\/li>\n<\/ul>\n\n\n\n<h2 class=\"wp-block-heading\" id=\"item-description__insight-property-data\"><strong>Insight Proprietary Data<\/strong><\/h2>\n\n\n\n<p>Get in-depth insights into your real estate website traffic and see how your listings are performing.<\/p>\n\n\n\n<ul class=\"wp-block-list\">\n<li>Graphics<\/li>\n\n\n\n<li>Traffic<\/li>\n\n\n\n<li>Visitors<\/li>\n\n\n\n<li>Locations<\/li>\n\n\n\n<li>Devices<\/li>\n\n\n\n<li>References<\/li>\n<\/ul>\n\n\n\n<h2 class=\"wp-block-heading\" id=\"item-description__custom-fields-builder\"><strong>Custom Field Builder<\/strong><\/h2>\n\n\n\n<p>You can set up your real estate website to have the features you need, such as custom fields for each property. You can also customize the search panel to display the extra information you want users to see.<\/p>\n\n\n\n<ul class=\"wp-block-list\">\n<li>No code needed<\/li>\n\n\n\n<li>Unlimited Custom Fields<\/li>\n\n\n\n<li>Connected to research<\/li>\n<\/ul>\n\n\n\n<h2 class=\"wp-block-heading\" id=\"item-description__user-management\"><strong>User Management<\/strong><\/h2>\n\n\n\n<p>Houzez allows you to restrict access to certain features by creating user types and assigning roles.<\/p>\n\n\n\n<ul class=\"wp-block-list\">\n<li>User Resources<\/li>\n\n\n\n<li>User Options<\/li>\n\n\n\n<li>Custom Functions<\/li>\n<\/ul>\n\n\n\n<h2 class=\"wp-block-heading\" id=\"item-description__membership-system\"><strong>Membership system<\/strong><\/h2>\n\n\n\n<p>Houzez comes with a sophisticated membership system that can help you monetize your real estate website quickly.<\/p>\n\n\n\n<ul class=\"wp-block-list\">\n<li>Paid or free subscription<\/li>\n\n\n\n<li>Payment Gateways<\/li>\n\n\n\n<li>Integrated monetization system<\/li>\n\n\n\n<li>Social Media Login<\/li>\n\n\n\n<li>Email Alerts<\/li>\n\n\n\n<li>Invoices<\/li>\n<\/ul>\n\n\n\n<h2 class=\"wp-block-heading\" id=\"item-description__receive-payments-with-paypal-stripe-bank-transfer-and-woocommerce\"><strong>Receive payments with PayPal, Stripe, bank transfer and Woocommerce<\/strong><\/h2>\n\n\n\n<p>Houzez makes it easy to get paid \u2013 no matter where your customers live<\/p>\n\n\n\n<ul class=\"wp-block-list\">\n<li>Integrated monetization system<\/li>\n\n\n\n<li>Payment Gateways<\/li>\n\n\n\n<li>Recurring payments<\/li>\n<\/ul>\n\n\n\n<h2 class=\"wp-block-heading\" id=\"item-description__real-estate-one-page-website\"><strong>One Page Real Estate Website<\/strong><\/h2>\n\n\n\n<p>Houzez lets you visually create single-page real estate websites with an easy drag-and-drop interface<\/p>\n\n\n\n<ul class=\"wp-block-list\">\n<li>Drag and Drop Page Builder<\/li>\n\n\n\n<li>Unlimited Page Layouts<\/li>\n\n\n\n<li>Navigation options<\/li>\n<\/ul>\n\n\n\n<h2 class=\"wp-block-heading\" id=\"item-description__splash-page\"><strong>Home page<\/strong><\/h2>\n\n\n\n<p>Splash pages may not be an engaging way to capture leads for your property, but they create a captivating first impression to make them want to fill out the form.<\/p>\n\n\n\n<ul class=\"wp-block-list\">\n<li>Page Layouts<\/li>\n\n\n\n<li>Style Options<\/li>\n\n\n\n<li>Navigation options<\/li>\n\n\n\n<li>Background image<\/li>\n\n\n\n<li>Background video<\/li>\n\n\n\n<li>Background slider<\/li>\n<\/ul>\n\n\n\n<h2 class=\"wp-block-heading\" id=\"item-description__blog\"><strong>Blog<\/strong><\/h2>\n\n\n\n<p>Houzez guides you through the process of writing engaging content for your real estate website.<\/p>\n\n\n\n<ul class=\"wp-block-list\">\n<li>Blog Options<\/li>\n\n\n\n<li>Masonry layout<\/li>\n\n\n\n<li>Standard layout<\/li>\n<\/ul>\n\n\n\n<h2 class=\"wp-block-heading\" id=\"item-description__integrated-with-google-maps-openstreetmap-and-mapbox\"><strong>Integrated with Google Maps, OpenStreetMap and Mapbox<\/strong><\/h2>\n\n\n\n<p>Houzez is a real estate website that comes with built-in APIs, making it easy to display the map that best suits your visitors.<\/p>\n\n\n\n<ul class=\"wp-block-list\">\n<li>Custom maps<\/li>\n\n\n\n<li>Google Maps<\/li>\n\n\n\n<li>OpenStreet Map<\/li>\n\n\n\n<li>Map box<\/li>\n\n\n\n<li>Geolocation<\/li>\n\n\n\n<li>Overlapping spider<\/li>\n\n\n\n<li>Points of interest<\/li>\n\n\n\n<li>Map Pins<\/li>\n\n\n\n<li>Map information window<\/li>\n<\/ul>\n\n\n\n<h2 class=\"wp-block-heading\" id=\"item-description__multi-language\"><strong>Multilingual<\/strong><\/h2>\n\n\n\n<p>Let your real estate website reach the entire world \u2013 Houzez multilingual support makes it possible.<\/p>\n\n\n\n<ul class=\"wp-block-list\">\n<li>WPML compatible<\/li>\n\n\n\n<li>Compatible with Loco Translate<\/li>\n\n\n\n<li>RTL Ready<\/li>\n\n\n\n<li>Customizable translations<\/li>\n\n\n\n<li>. Po and . Mo files included<\/li>\n<\/ul>\n\n\n\n<h2 class=\"wp-block-heading\" id=\"item-description__multi-currency\"><strong>Multi-currency<\/strong><\/h2>\n\n\n\n<p>Make it easy for your users to estimate property values by displaying prices in their local currency.<\/p>\n\n\n\n<ul class=\"wp-block-list\">\n<li>Automatic conversions<\/li>\n\n\n\n<li>Currency Management<\/li>\n\n\n\n<li>Rate Frequency Options<\/li>\n<\/ul>\n\n\n\n<h2 class=\"wp-block-heading\" id=\"item-description__other\"><strong>Other<\/strong><\/h2>\n\n\n\n<ul class=\"wp-block-list\">\n<li>Google reCaptcha v3<\/li>\n\n\n\n<li>GDPR Ready<\/li>\n<\/ul>\n\n\n\n<p class=\"has-vivid-red-color has-text-color has-link-color wp-elements-8800e13a2985cc29cfef96a3f174cddf\"><strong>When downloading, extract the zip file, inside it will be the theme zip and extra resources. I recommend seeing the <a href=\"https:\/\/favethemes.zendesk.com\/hc\/en-us\/categories\/360002468932-Houzez\" target=\"_blank\" rel=\"noopener\">official guide<\/a> installation.<\/strong><\/p>\n\n\n\n<p>Official Installation and Configuration Guide: <a href=\"https:\/\/favethemes.zendesk.com\/hc\/en-us\/categories\/360002468932-Houzez\" target=\"_blank\" rel=\"noopener\">https:\/\/favethemes.zendesk.com\/hc\/en-us\/categories\/360002468932-Houzez<\/a><\/p>","protected":false},"excerpt":{"rendered":"<p>Importa\u00e7\u00e3o de demonstra\u00e7\u00e3o com um clique Basta escolher um de nossos sites de demonstra\u00e7\u00e3o bem projetados e substituir seu conte\u00fado. 30+ widgets Elementor de arrastar e soltar para im\u00f3veis Houzez tem uma biblioteca de elementos imobili\u00e1rios personalizados de arrastar e soltar que usam o Elementor. Esses widgets ajudar\u00e3o voc\u00ea a criar um site pronto para [&hellip;]<\/p>","protected":false},"featured_media":1886,"comment_status":"open","ping_status":"open","template":"","meta":{"_jf_limit_responses":"","iawp_total_views":268},"product_brand":[],"product_cat":[22,30],"product_tag":[19],"class_list":{"0":"post-1885","1":"product","2":"type-product","3":"status-publish","4":"has-post-thumbnail","6":"product_cat-temas-wordpress","7":"product_cat-imobiliario-arquitetura-e-construcao-de-imoveis","8":"product_tag-vitalicio","10":"first","11":"instock","12":"downloadable","13":"virtual","14":"purchasable","15":"product-type-simple"},"_links":{"self":[{"href":"https:\/\/packdesites.com\/en\/wp-json\/wp\/v2\/product\/1885","targetHints":{"allow":["GET"]}}],"collection":[{"href":"https:\/\/packdesites.com\/en\/wp-json\/wp\/v2\/product"}],"about":[{"href":"https:\/\/packdesites.com\/en\/wp-json\/wp\/v2\/types\/product"}],"replies":[{"embeddable":true,"href":"https:\/\/packdesites.com\/en\/wp-json\/wp\/v2\/comments?post=1885"}],"version-history":[{"count":3,"href":"https:\/\/packdesites.com\/en\/wp-json\/wp\/v2\/product\/1885\/revisions"}],"predecessor-version":[{"id":24832,"href":"https:\/\/packdesites.com\/en\/wp-json\/wp\/v2\/product\/1885\/revisions\/24832"}],"wp:featuredmedia":[{"embeddable":true,"href":"https:\/\/packdesites.com\/en\/wp-json\/wp\/v2\/media\/1886"}],"wp:attachment":[{"href":"https:\/\/packdesites.com\/en\/wp-json\/wp\/v2\/media?parent=1885"}],"wp:term":[{"taxonomy":"product_brand","embeddable":true,"href":"https:\/\/packdesites.com\/en\/wp-json\/wp\/v2\/product_brand?post=1885"},{"taxonomy":"product_cat","embeddable":true,"href":"https:\/\/packdesites.com\/en\/wp-json\/wp\/v2\/product_cat?post=1885"},{"taxonomy":"product_tag","embeddable":true,"href":"https:\/\/packdesites.com\/en\/wp-json\/wp\/v2\/product_tag?post=1885"}],"curies":[{"name":"wp","href":"https:\/\/api.w.org\/{rel}","templated":true}]}}