{"id":1883,"date":"2024-11-01T15:57:07","date_gmt":"2024-11-01T15:57:07","guid":{"rendered":"https:\/\/packdesites.com\/produto\/breadmeal-template-kit-de-padaria-e-bolo-elementor\/"},"modified":"2025-04-03T01:19:16","modified_gmt":"2025-04-03T01:19:16","slug":"breadmeal-template-elementor-bakery-and-cake-kit","status":"publish","type":"product","link":"https:\/\/packdesites.com\/en\/product\/breadmeal-template-elementor-bakery-and-cake-kit\/","title":{"rendered":"BreadMeal \u2013 Bakery &amp; Cake Elementor Template Kit"},"content":{"rendered":"<p>Breadmeal is a beautiful Elementor Template Kit for bakery and confectionery website. This template kit will help you create any bakery and confectionery website. It has 12+ pre-built templates with clean design and modern style.<\/p>\n\n\n\n<p>Save your time to create bakery and cake websites with this elementor template kit. With Elementor Page Builder, you can easily edit or customize it, no coding required, just drag and drop.<\/p>\n\n\n\n<p>Elementor Template Kits contain page content for the Elementor page builder. This kit is optimized for use with the free Hello Elementor theme, but can be used with most themes that support Elementor.<\/p>\n\n\n\n<p><strong>Layout features:<\/strong><\/p>\n\n\n\n<ul class=\"wp-block-list\">\n<li>Modern and professional design<\/li>\n\n\n\n<li>Built with Elementor Pro<\/li>\n\n\n\n<li>100% Responsive and Mobile Friendly<\/li>\n\n\n\n<li>12+ pre-built templates<\/li>\n\n\n\n<li>Easy to customize<\/li>\n\n\n\n<li>Template kit built with Elementor Hello Theme<\/li>\n<\/ul>\n\n\n\n<p><strong>What&#039;s included in the zipper:<\/strong><\/p>\n\n\n\n<ul class=\"wp-block-list\">\n<li>Home page<\/li>\n\n\n\n<li>Who we are<\/li>\n\n\n\n<li>404 Page<\/li>\n\n\n\n<li>Blog<\/li>\n\n\n\n<li>Single post<\/li>\n\n\n\n<li>Contact us<\/li>\n\n\n\n<li>Frequently Asked Questions<\/li>\n\n\n\n<li>Gallery<\/li>\n\n\n\n<li>Menu<\/li>\n\n\n\n<li>Promo<\/li>\n\n\n\n<li>Reserva<\/li>\n\n\n\n<li>Team<\/li>\n\n\n\n<li>Global Style<\/li>\n\n\n\n<li>Header<\/li>\n\n\n\n<li>Baseboard<\/li>\n<\/ul>\n\n\n\n<p><strong>Add-ons installed with the kit<\/strong><\/p>\n\n\n\n<ul class=\"wp-block-list\">\n<li>ElementsKit Lite<\/li>\n\n\n\n<li>Custom Skyboot Icons<\/li>\n<\/ul>\n\n\n\n<p>** Elementor Pro upgrade required for some templates and features (not included) **<\/p>\n\n\n\n<p><strong>How to use model kits:<\/strong><\/p>\n\n\n\n<ol class=\"wp-block-list\">\n<li>Install and activate the \u201cEnvato Elements\u201d plugin from Plugins &gt; Add New Features in WordPress<\/li>\n\n\n\n<li>Download the kit file and do not unzip it<\/li>\n\n\n\n<li>Go to Elements &gt; Installed Kits and click the Upload Template Kit button. You can also import automatically by clicking Connect Account to link your Elements subscription, then importing in Elements &gt; Template Kits.<\/li>\n\n\n\n<li>Check the orange banner at the top and click on Installation Requirements to load the plugins that the kit uses<\/li>\n\n\n\n<li>Click import on global kit styles first<\/li>\n\n\n\n<li>Click Import on one template at a time. They are stored in Elementor under Templates &gt; Saved Templates.<\/li>\n\n\n\n<li>Go to Pages, create a new page and click Edit with Elementor<\/li>\n\n\n\n<li>Click the gear icon in the bottom left corner of the builder to view the page settings and choose Elementor Full Width and hide the page title<\/li>\n\n\n\n<li>Click the gray folder icon to access the My Templates tab, then import the page you want to customize.<\/li>\n<\/ol>\n\n\n\n<p>If you have Elementor Pro, headers and footers can be customized in the Theme Builder.<\/p>\n\n\n\n<p>Detailed guide:<a href=\" https:\/\/help.market.envato.com\/hc\/en-us\/articles\/900000842846-How-to-use-the-Envato-Elements-WordPress-Plugin-v2-0\"> https:\/\/help.market.envato.com\/hc\/en-us\/articles\/900000842846-How-to-use-the-Envato-Elements-WordPress-Plugin-v2-0<\/a><\/p>\n\n\n\n<p><\/p>","protected":false},"excerpt":{"rendered":"<p>Breadmeal \u00e9 um lindo Template Kit Elementor para site de padaria e confeitaria. Este template kit ajudar\u00e1 voc\u00ea a criar qualquer site para padaria e confeitaria. Possui 12+ modelos pr\u00e9-constru\u00eddos com design limpo e estilo moderno. Economize seu tempo para criar sites de padaria e bolo com este template kit elementor. Com o Elementor Page [&hellip;]<\/p>","protected":false},"featured_media":1884,"comment_status":"open","ping_status":"open","template":"","meta":{"_jf_limit_responses":"","iawp_total_views":48},"product_brand":[],"product_cat":[35,29,23,24],"product_tag":[19],"class_list":{"0":"post-1883","1":"product","2":"type-product","3":"status-publish","4":"has-post-thumbnail","6":"product_cat-academia-e-fitness","7":"product_cat-saude-e-bem-estar","8":"product_cat-templates-elementor-e-envato","9":"product_cat-templates-envato","10":"product_tag-vitalicio","12":"first","13":"instock","14":"downloadable","15":"virtual","16":"purchasable","17":"product-type-simple"},"_links":{"self":[{"href":"https:\/\/packdesites.com\/en\/wp-json\/wp\/v2\/product\/1883","targetHints":{"allow":["GET"]}}],"collection":[{"href":"https:\/\/packdesites.com\/en\/wp-json\/wp\/v2\/product"}],"about":[{"href":"https:\/\/packdesites.com\/en\/wp-json\/wp\/v2\/types\/product"}],"replies":[{"embeddable":true,"href":"https:\/\/packdesites.com\/en\/wp-json\/wp\/v2\/comments?post=1883"}],"version-history":[{"count":0,"href":"https:\/\/packdesites.com\/en\/wp-json\/wp\/v2\/product\/1883\/revisions"}],"wp:featuredmedia":[{"embeddable":true,"href":"https:\/\/packdesites.com\/en\/wp-json\/wp\/v2\/media\/1884"}],"wp:attachment":[{"href":"https:\/\/packdesites.com\/en\/wp-json\/wp\/v2\/media?parent=1883"}],"wp:term":[{"taxonomy":"product_brand","embeddable":true,"href":"https:\/\/packdesites.com\/en\/wp-json\/wp\/v2\/product_brand?post=1883"},{"taxonomy":"product_cat","embeddable":true,"href":"https:\/\/packdesites.com\/en\/wp-json\/wp\/v2\/product_cat?post=1883"},{"taxonomy":"product_tag","embeddable":true,"href":"https:\/\/packdesites.com\/en\/wp-json\/wp\/v2\/product_tag?post=1883"}],"curies":[{"name":"wp","href":"https:\/\/api.w.org\/{rel}","templated":true}]}}