{"id":1873,"date":"2024-11-01T15:42:11","date_gmt":"2024-11-01T15:42:11","guid":{"rendered":"https:\/\/packdesites.com\/produto\/baketale-template-kit-elementor-de-padaria-artesanal\/"},"modified":"2025-04-03T01:18:59","modified_gmt":"2025-04-03T01:18:59","slug":"baketale-template-artisan-bakery-elementor-kit","status":"publish","type":"product","link":"https:\/\/packdesites.com\/en\/product\/baketale-template-artisan-bakery-elementor-kit\/","title":{"rendered":"Baketale \u2013 Artisan Bakery Elementor Template Kit"},"content":{"rendered":"<p>Baketale is an Elementor Template Kit to quickly and easily create websites for your business using the Elementor Page Builder plugin for WordPress. This is not a WordPress Template. Template Kits contain page content for the Elementor page builder. This kit is optimized for use with the free Hello Elementor theme, but can be used with most Elementor-compatible themes.<\/p>\n\n\n\n<p><strong>Features<\/strong><\/p>\n\n\n\n<ul class=\"wp-block-list\">\n<li>True codeless customization with visual drag-and-drop builder<\/li>\n\n\n\n<li>Customize fonts and colors in one place or adjust individual elements<\/li>\n\n\n\n<li>Modern and professional design<\/li>\n\n\n\n<li>Fast charging<\/li>\n\n\n\n<li>Works with most Elementor themes.<\/li>\n<\/ul>\n\n\n\n<p><strong>Models<\/strong><\/p>\n\n\n\n<ol class=\"wp-block-list\">\n<li>Home page<\/li>\n\n\n\n<li>About us<\/li>\n\n\n\n<li>Contact us<\/li>\n\n\n\n<li>Service<\/li>\n\n\n\n<li>Team<\/li>\n\n\n\n<li>Product<\/li>\n\n\n\n<li>Promotion<\/li>\n\n\n\n<li>Frequently Asked Questions<\/li>\n\n\n\n<li>Blog<\/li>\n\n\n\n<li>404<\/li>\n<\/ol>\n\n\n\n<p><strong>Plugins installed with the kit<\/strong><\/p>\n\n\n\n<ul class=\"wp-block-list\">\n<li>Elements kit<\/li>\n\n\n\n<li>Elementor Jeg Kit<\/li>\n\n\n\n<li>Metform<\/li>\n\n\n\n<li>Header, Footer and Block Template<\/li>\n<\/ul>\n\n\n\n<p><strong>Source used<\/strong><\/p>\n\n\n\n<ul class=\"wp-block-list\">\n<li>Lato<\/li>\n\n\n\n<li>Roboto<\/li>\n<\/ul>\n\n\n\n<p><strong>How to use Template Kits:<\/strong><\/p>\n\n\n\n<ol class=\"wp-block-list\">\n<li>Install and activate the \u201cEnvato Elements\u201d plugin in Plugins &gt; Add New in WordPress<\/li>\n\n\n\n<li>Download the kit file and do not unzip it<\/li>\n\n\n\n<li>Go to Elements &gt; Installed Kits and click the Upload Template Kit button. You can also import automatically by clicking Connect Account to link your Elements subscription, then importing in Elements &gt; Template Kits.<\/li>\n\n\n\n<li>Check the orange banner at the top and click on Installation Requirements to load all plugins used by the kit<\/li>\n\n\n\n<li>First click on import in Global Kit Styles<\/li>\n\n\n\n<li>Click Import on one template at a time. They are stored in Elementor under Templates &gt; Saved Templates.<\/li>\n\n\n\n<li>Go to Pages, create a new page and click Edit with Elementor<\/li>\n\n\n\n<li>Click the gear icon in the bottom left corner of the builder to see the page settings and choose Elementor Full Width and hide the page title<\/li>\n\n\n\n<li>Click the gray folder icon to access the My Templates tab and then import the page you would like to customize.<\/li>\n<\/ol>\n\n\n\n<p>If you have Elementor Pro, headers and footers can be customized in the Theme Builder.<\/p>","protected":false},"excerpt":{"rendered":"<p>Baketale \u00e9 um Template Kit Elementor para criar sites de forma r\u00e1pida e f\u00e1cil para sua empresa usando o plugin Elementor Page Builder para WordPress. Este n\u00e3o \u00e9 um Modelos WordPress. Template Kits cont\u00eam conte\u00fado de p\u00e1gina para o construtor de p\u00e1ginas Elementor. Este kit foi otimizado para uso com o tema gratuito Hello Elementor, [&hellip;]<\/p>","protected":false},"featured_media":1874,"comment_status":"open","ping_status":"open","template":"","meta":{"_jf_limit_responses":"","iawp_total_views":34},"product_brand":[],"product_cat":[35,29,23,24],"product_tag":[19],"class_list":{"0":"post-1873","1":"product","2":"type-product","3":"status-publish","4":"has-post-thumbnail","6":"product_cat-academia-e-fitness","7":"product_cat-saude-e-bem-estar","8":"product_cat-templates-elementor-e-envato","9":"product_cat-templates-envato","10":"product_tag-vitalicio","12":"first","13":"instock","14":"downloadable","15":"virtual","16":"purchasable","17":"product-type-simple"},"_links":{"self":[{"href":"https:\/\/packdesites.com\/en\/wp-json\/wp\/v2\/product\/1873","targetHints":{"allow":["GET"]}}],"collection":[{"href":"https:\/\/packdesites.com\/en\/wp-json\/wp\/v2\/product"}],"about":[{"href":"https:\/\/packdesites.com\/en\/wp-json\/wp\/v2\/types\/product"}],"replies":[{"embeddable":true,"href":"https:\/\/packdesites.com\/en\/wp-json\/wp\/v2\/comments?post=1873"}],"version-history":[{"count":0,"href":"https:\/\/packdesites.com\/en\/wp-json\/wp\/v2\/product\/1873\/revisions"}],"wp:featuredmedia":[{"embeddable":true,"href":"https:\/\/packdesites.com\/en\/wp-json\/wp\/v2\/media\/1874"}],"wp:attachment":[{"href":"https:\/\/packdesites.com\/en\/wp-json\/wp\/v2\/media?parent=1873"}],"wp:term":[{"taxonomy":"product_brand","embeddable":true,"href":"https:\/\/packdesites.com\/en\/wp-json\/wp\/v2\/product_brand?post=1873"},{"taxonomy":"product_cat","embeddable":true,"href":"https:\/\/packdesites.com\/en\/wp-json\/wp\/v2\/product_cat?post=1873"},{"taxonomy":"product_tag","embeddable":true,"href":"https:\/\/packdesites.com\/en\/wp-json\/wp\/v2\/product_tag?post=1873"}],"curies":[{"name":"wp","href":"https:\/\/api.w.org\/{rel}","templated":true}]}}