{"id":1871,"date":"2024-10-31T19:47:51","date_gmt":"2024-10-31T19:47:51","guid":{"rendered":"https:\/\/packdesites.com\/produto\/barristar-kit-de-modelos-para-advogados-advogados-e-escritorios-de-advocacia\/"},"modified":"2025-04-03T01:18:54","modified_gmt":"2025-04-03T01:18:54","slug":"barristar-template-kit-for-lawyers-lawyers-and-law-firms","status":"publish","type":"product","link":"https:\/\/packdesites.com\/en\/product\/barristar-template-kit-for-lawyers-lawyers-and-law-firms\/","title":{"rendered":"Barristar \u2013 Template Kit for Lawyers, Attorneys and Law Firms"},"content":{"rendered":"<p><strong>Barristar<\/strong>&nbsp;is the Elementor Template Kit for lawyer, attorney and law firm website. Built with Elementor Page Builder, you can easily edit or customize it, no coding required, just drag and drop<\/p>\n\n\n\n<p>This is not a WordPress theme. Template Kits contain page content for the Elementor page builder. This kit is optimized for use with the free Hello Elementor theme, but can be used with most themes that support Elementor.<\/p>\n\n\n\n<p><strong>Model Features:<\/strong><\/p>\n\n\n\n<ul class=\"wp-block-list\">\n<li>Full Width Website Template Kit<\/li>\n\n\n\n<li>Modern 100% responsive and mobile-friendly design<\/li>\n\n\n\n<li>Built with Elementor Flexbox Containers<\/li>\n\n\n\n<li>Easy to customize<\/li>\n<\/ul>\n\n\n\n<p><strong>What&#039;s included:<\/strong><\/p>\n\n\n\n<ul class=\"wp-block-list\">\n<li>Global style<\/li>\n\n\n\n<li>Start<\/li>\n\n\n\n<li>On<\/li>\n\n\n\n<li>Contact us<\/li>\n\n\n\n<li>Practice<\/li>\n\n\n\n<li>Individual practice<\/li>\n\n\n\n<li>Attorney<\/li>\n\n\n\n<li>Single lawyer<\/li>\n\n\n\n<li>Cases<\/li>\n\n\n\n<li>Individual cases<\/li>\n\n\n\n<li>Price<\/li>\n\n\n\n<li>Blog<\/li>\n\n\n\n<li>Single blog<\/li>\n\n\n\n<li>header<\/li>\n\n\n\n<li>Baseboard<\/li>\n\n\n\n<li>Error 404<\/li>\n<\/ul>\n\n\n\n<p><strong>Plugins installed with the kit<\/strong><\/p>\n\n\n\n<ul class=\"wp-block-list\">\n<li>Elementor<\/li>\n\n\n\n<li>ElementsKit Lite<\/li>\n\n\n\n<li>MetForm Lite<\/li>\n\n\n\n<li>Elementor Header and Footer Builder<\/li>\n<\/ul>\n\n\n\n<p><strong>How to use Template Kits:<\/strong>&nbsp;This is not a WordPress Theme. Template kits contain only Elementor design data and are installed using the envato Elements plugin for WordPress or directly through Elementor.<\/p>","protected":false},"excerpt":{"rendered":"<p>Barristar&nbsp;\u00e9 o Kit de Templates Elementor para advogados, advogados e site de escrit\u00f3rios de advocacia. Criado com o Elementor Page Builder, voc\u00ea pode facilmente edit\u00e1-lo ou personaliz\u00e1-lo, sem necessidade de codifica\u00e7\u00e3o, basta arrastar e soltar Este n\u00e3o \u00e9 um tema WordPress. Os Template Kits cont\u00eam conte\u00fado de p\u00e1gina para o construtor de p\u00e1ginas Elementor. Este [&hellip;]<\/p>","protected":false},"featured_media":1872,"comment_status":"open","ping_status":"open","template":"","meta":{"_jf_limit_responses":"","iawp_total_views":280},"product_brand":[],"product_cat":[37,23,24],"product_tag":[19],"class_list":{"0":"post-1871","1":"product","2":"type-product","3":"status-publish","4":"has-post-thumbnail","6":"product_cat-advogado","7":"product_cat-templates-elementor-e-envato","8":"product_cat-templates-envato","9":"product_tag-vitalicio","11":"first","12":"instock","13":"downloadable","14":"virtual","15":"purchasable","16":"product-type-simple"},"_links":{"self":[{"href":"https:\/\/packdesites.com\/en\/wp-json\/wp\/v2\/product\/1871","targetHints":{"allow":["GET"]}}],"collection":[{"href":"https:\/\/packdesites.com\/en\/wp-json\/wp\/v2\/product"}],"about":[{"href":"https:\/\/packdesites.com\/en\/wp-json\/wp\/v2\/types\/product"}],"replies":[{"embeddable":true,"href":"https:\/\/packdesites.com\/en\/wp-json\/wp\/v2\/comments?post=1871"}],"version-history":[{"count":0,"href":"https:\/\/packdesites.com\/en\/wp-json\/wp\/v2\/product\/1871\/revisions"}],"wp:featuredmedia":[{"embeddable":true,"href":"https:\/\/packdesites.com\/en\/wp-json\/wp\/v2\/media\/1872"}],"wp:attachment":[{"href":"https:\/\/packdesites.com\/en\/wp-json\/wp\/v2\/media?parent=1871"}],"wp:term":[{"taxonomy":"product_brand","embeddable":true,"href":"https:\/\/packdesites.com\/en\/wp-json\/wp\/v2\/product_brand?post=1871"},{"taxonomy":"product_cat","embeddable":true,"href":"https:\/\/packdesites.com\/en\/wp-json\/wp\/v2\/product_cat?post=1871"},{"taxonomy":"product_tag","embeddable":true,"href":"https:\/\/packdesites.com\/en\/wp-json\/wp\/v2\/product_tag?post=1871"}],"curies":[{"name":"wp","href":"https:\/\/api.w.org\/{rel}","templated":true}]}}