{"id":1812,"date":"2024-08-09T16:12:10","date_gmt":"2024-08-09T16:12:10","guid":{"rendered":"https:\/\/packdesites.com\/produto\/built-kit-de-modelos-elementor-pro-para-aluguel-de-maquinas-e-equipamentos\/"},"modified":"2025-04-03T01:18:05","modified_gmt":"2025-04-03T01:18:05","slug":"built-elementor-pro-template-kit-for-machinery-and-equipment-rental","status":"publish","type":"product","link":"https:\/\/packdesites.com\/en\/product\/built-elementor-pro-template-kit-for-machinery-and-equipment-rental\/","title":{"rendered":"Built \u2013 Elementor Pro Template Kit for Machinery and Equipment Rental"},"content":{"rendered":"<p>Built is an Elementor Pro Template Kit specially designed for machinery and equipment rental websites! The template kit comes with an ideal selection of templates for Machinery Theme, Heavy Machinery, Equipment Booking and Rental Services. This kit has a modern and unique design with a responsive 100% layout, easy installation and of course very easy to customize since using Elementor you don&#039;t need a single line of<\/p>\n\n\n\n<p>codification!<\/p>\n\n\n\n<p>This Template Kit contains page content for creating Elementor pages. This kit is optimized for use with the free \u201cHello Elementor\u201d theme.<\/p>\n\n\n\n<p>If you have already purchased and have any questions about it, please feel free to visit our Support Center where our support team will be more than happy to assist you.<\/p>\n\n\n\n<p><strong>Features:<\/strong><\/p>\n\n\n\n<ul class=\"wp-block-list\">\n<li>Browser compatibility: Chrome, Firefox, Safari, Opera<\/li>\n\n\n\n<li>Using Free Plugins (Elementor Pro is required)<\/li>\n\n\n\n<li>100% fully responsive and mobile friendly<\/li>\n\n\n\n<li>Modern and exclusive design<\/li>\n\n\n\n<li>14+ pre-built templates ready to use<\/li>\n\n\n\n<li>Customize fonts and colors in one place (Global Kit Style)<\/li>\n<\/ul>\n\n\n\n<p><strong>Zip models:<\/strong><\/p>\n\n\n\n<ul class=\"wp-block-list\">\n<li>Home page<\/li>\n\n\n\n<li>About us<\/li>\n\n\n\n<li>Equipment<\/li>\n\n\n\n<li>Our services<\/li>\n\n\n\n<li>Career<\/li>\n\n\n\n<li>Frequently Asked Questions<\/li>\n\n\n\n<li>Testimonials<\/li>\n\n\n\n<li>Blog<\/li>\n\n\n\n<li>Single post<\/li>\n\n\n\n<li>Archive<\/li>\n\n\n\n<li>404<\/li>\n\n\n\n<li>Contact us<\/li>\n\n\n\n<li>header<\/li>\n\n\n\n<li>Baseboard<\/li>\n<\/ul>\n\n\n\n<p><strong>Plugins installed with the kit:<\/strong><\/p>\n\n\n\n<ul class=\"wp-block-list\">\n<li>ElementsKit Lite<\/li>\n<\/ul>\n\n\n\n<p><strong>Elementor Pro upgrade required for some templates and features (not included)<\/strong><\/p>\n\n\n\n<p><strong>How to use Template Kits:<\/strong>&nbsp;This is not a WordPress Theme. Template kits contain only the Elementor design data and are installed using the envato Elements plugin for WordPress or directly through Elementor<\/p>\n\n\n\n<p>.<\/p>\n\n\n\n<ol class=\"wp-block-list\">\n<li>Download the kit file from Envato and do not unzip it. If you use the Safari browser, you may need to ensure that the \u201cOpen secure files after download\u201d option is disabled in your browser preferences. 2. Go to Settings &gt; Permalinks and check that the post name is selected.<\/li>\n\n\n\n<li>Go to Appearance &gt; Themes &gt; Add New and make sure Hello Elementor is installed and activated. This will prompt you to install Elementor if you haven&#039;t already done so. 4. Go to Plugins and check that Elementor and Envato Elements are installed and up to date. If your kit requires Elementor Pro, it should now be installed and connected to your account. 5. Go to Elements &gt; Installed Kits and click Upload Template Kit Zip (or click on your kit to view it).<\/li>\n\n\n\n<li>Check the orange banner at the top and click on Installation Requirements to load the plugins used by the kit. https:\/\/envato.d.pr\/ughD8Q<\/li>\n\n\n\n<li>First click import in Global Kit Styles. This will configure the site settings.<\/li>\n\n\n\n<li>Click Import on one template at a time in the order displayed. They are stored in Elementor under Templates &gt; Saved Templates and can be reused from there.<\/li>\n<\/ol>\n\n\n\n<p><strong>Page creation<\/strong><\/p>\n\n\n\n<ol class=\"wp-block-list\">\n<li>Go to Pages and create a new page and click Edit with Elementor<\/li>\n\n\n\n<li>Click the gear icon in the bottom left corner of the builder to see the page settings and choose Elementor Full Width and hide the page title<\/li>\n\n\n\n<li>Click the gray folder icon to access the My Templates tab and then Import the page you want to customize.<\/li>\n\n\n\n<li>The home page is set in Settings &gt; Reading by selecting Static Home Page.<\/li>\n<\/ol>\n\n\n\n<p>If you have Elementor Pro, headers and footers are customized in Templates &gt; Theme Builder.<\/p>\n\n\n\n<p>Detailed guide: <a href=\"https:\/\/help.market.envato.com\/hc\/en-us\/articles\/900000842846-How-to-use-the-Envato-Elements-WordPress-Plugin-v2-0\" target=\"_blank\" rel=\"noopener\">https:\/\/help.market.envato.com\/hc\/en-us\/articles\/900000842846-How-to-use-the-Envato-Elements-WordPress-Plugin-v2-0<\/a><\/p>","protected":false},"excerpt":{"rendered":"<p>Built \u00e9 um Template Kit Elementor Pro especialmente desenvolvido para sites de aluguel de m\u00e1quinas e equipamentos! O kit de modelos vem com uma sele\u00e7\u00e3o ideal de modelos para Tema de M\u00e1quinas, M\u00e1quinas Pesadas, Reserva de Equipamentos e Servi\u00e7os de Aluguel. Este kit tem um design moderno e exclusivo com um layout 100% responsivo, f\u00e1cil [&hellip;]<\/p>","protected":false},"featured_media":1813,"comment_status":"open","ping_status":"open","template":"","meta":{"_jf_limit_responses":"","iawp_total_views":205},"product_brand":[],"product_cat":[36,30,27,23,24],"product_tag":[19],"class_list":{"0":"post-1812","1":"product","2":"type-product","3":"status-publish","4":"has-post-thumbnail","6":"product_cat-consultoria-de-negocios","7":"product_cat-imobiliario-arquitetura-e-construcao-de-imoveis","8":"product_cat-prestadores-de-servicos","9":"product_cat-templates-elementor-e-envato","10":"product_cat-templates-envato","11":"product_tag-vitalicio","13":"first","14":"instock","15":"downloadable","16":"virtual","17":"purchasable","18":"product-type-simple"},"_links":{"self":[{"href":"https:\/\/packdesites.com\/en\/wp-json\/wp\/v2\/product\/1812","targetHints":{"allow":["GET"]}}],"collection":[{"href":"https:\/\/packdesites.com\/en\/wp-json\/wp\/v2\/product"}],"about":[{"href":"https:\/\/packdesites.com\/en\/wp-json\/wp\/v2\/types\/product"}],"replies":[{"embeddable":true,"href":"https:\/\/packdesites.com\/en\/wp-json\/wp\/v2\/comments?post=1812"}],"version-history":[{"count":0,"href":"https:\/\/packdesites.com\/en\/wp-json\/wp\/v2\/product\/1812\/revisions"}],"wp:featuredmedia":[{"embeddable":true,"href":"https:\/\/packdesites.com\/en\/wp-json\/wp\/v2\/media\/1813"}],"wp:attachment":[{"href":"https:\/\/packdesites.com\/en\/wp-json\/wp\/v2\/media?parent=1812"}],"wp:term":[{"taxonomy":"product_brand","embeddable":true,"href":"https:\/\/packdesites.com\/en\/wp-json\/wp\/v2\/product_brand?post=1812"},{"taxonomy":"product_cat","embeddable":true,"href":"https:\/\/packdesites.com\/en\/wp-json\/wp\/v2\/product_cat?post=1812"},{"taxonomy":"product_tag","embeddable":true,"href":"https:\/\/packdesites.com\/en\/wp-json\/wp\/v2\/product_tag?post=1812"}],"curies":[{"name":"wp","href":"https:\/\/api.w.org\/{rel}","templated":true}]}}