{"id":1737,"date":"2024-06-06T14:17:21","date_gmt":"2024-06-06T14:17:21","guid":{"rendered":"https:\/\/packdesites.com\/produto\/petmania-loja-de-animais-de-estimacao-cuidados-com-animais-de-estimacao-woocommerce-ecommerce\/"},"modified":"2025-04-03T01:16:23","modified_gmt":"2025-04-03T01:16:23","slug":"petmania-pet-shop-pet-care-woocommerce-ecommerce","status":"publish","type":"product","link":"https:\/\/packdesites.com\/en\/product\/petmania-pet-shop-pet-care-woocommerce-ecommerce\/","title":{"rendered":"PetMania v7.7 \u2013 Pet Shop Pet Care WooCommerce eCommerce"},"content":{"rendered":"<p>PetMania is a charming and modern eCommerce WordPress theme built with the needs of pet businesses, their furry clients, and caring pet parents in mind. It has all the features you need for pet care clinics, pet stores, pet hotels and resorts, pet boarding, dog daycare or dog sitting, pet salons, and grooming businesses. In addition to full WooCommerce compatibility, an impressive set of shop pages and product layouts are at your disposal.<\/p>\n<p>.<\/p>\n<p>Put\u00a0<strong>VamTam themes (https:\/\/vamtam.com\/themes\/<\/strong>)<\/p>\n<p>Full compatibility with Elementor + Elementor Pro<\/p>\n<p>Elementor Pro is required to import demo content and configure the theme.<\/p>\n<p><strong>Features<\/strong><\/p>\n<ul>\n<li>Compatible with WordPress 6.5<\/li>\n<li>There is no need for you or your clients to get familiar with a new Theme Options Panel, widgets or plugins. You just need WordPress + Elementor + Elementor Pro + WooCommerce. - $290 premium stock from Getty Images included in the package for free<\/li>\n<li>All images shown on the demo site come with the demo content and can be used in your next project without the need to purchase additional licenses.<\/li>\n<li>The theme code only extends the Elementor and Elementor Pro widgets and adds cool styles and animations. This adds a layer of stability and security in the long run.<\/li>\n<li>More than 60000 customers are using VamTam themes<\/li>\n<li>Options to disable Theme Code on a widget-by-widget basis<\/li>\n<li>Elementor Pro Global Styles Panel used as a Theme Panel<\/li>\n<li>Elementor Pro gives you full control over mobile and tablet design + Custom breakpoints<\/li>\n<li>Comprehensive setup guide<\/li>\n<li>23 HD Video Tutorials for Beginners<\/li>\n<li>Over 100 help articles written by us<\/li>\n<li>RTL support<\/li>\n<li>Translation (po&amp;mo files) Done<\/li>\n<li>WPML Plugin Tested<\/li>\n<li>Header &amp; Footer \u2013 built with Elementor Pro<\/li>\n<li>Mega Menus \u2013 built with Elementor Pro<\/li>\n<li>Pop-ups \u2013 built with Elementor Pro<\/li>\n<li>Forms \u2013 created with Elementor Pro<\/li>\n<li>Dynamic Content Layouts \u2013 Built with Elementor Pro Products, Blog Posts, Blog, Product Archives, 404 Pages, Maintenance Mode Page. Coming Soon Mode Page and Search Results.<\/li>\n<li>Elementor Pro WooCommerce Builder \u2013 Create your products, product archives, my account page, cart, checkout and sidecart.<\/li>\n<li>Smartly extending WooCommerce plugin with wishlist, Ajax search and gift cards.<\/li>\n<\/ul>\n<p><b>Child Theme <\/b> (https:\/\/vamtam.com\/child-themes\/)<\/p>\n\n\n<p class=\"has-white-color has-black-background-color has-text-color has-background has-link-color wp-elements-61b50c9e05a42815ef62fba3934f226a\">When downloading, just upload the theme in <strong>Appearance &gt; Themes<\/strong> and upload the zip (no need to unzip). For the Demo import to work you must install and activate Elementor Pro and change the link structure to \u201c<strong>Post Name<\/strong>&#8221; (<strong>Settings &gt; Permalinks<\/strong>).<br><br>If an error occurs when activating a plugin, just go to the installed plugins and activate them there and then return to the Theme Demo Import Setup.<\/p>\n\n\n\n<p><\/p>","protected":false},"excerpt":{"rendered":"<p>PetMania \u00e9 um charmoso e moderno tema WordPress de com\u00e9rcio eletr\u00f4nico constru\u00eddo considerando as necessidades das empresas que operam neste segmento, seus clientes peludos e pais atenciosos de animais de estima\u00e7\u00e3o. Ele tem todos os recursos necess\u00e1rios para cl\u00ednicas de cuidados com animais de estima\u00e7\u00e3o, lojas de animais de estima\u00e7\u00e3o, hot\u00e9is e resorts para animais [&hellip;]<\/p>","protected":false},"featured_media":1738,"comment_status":"open","ping_status":"open","template":"","meta":{"_jf_limit_responses":"","iawp_total_views":38},"product_brand":[],"product_cat":[22],"product_tag":[19],"class_list":{"0":"post-1737","1":"product","2":"type-product","3":"status-publish","4":"has-post-thumbnail","6":"product_cat-temas-wordpress","7":"product_tag-vitalicio","9":"first","10":"instock","11":"downloadable","12":"virtual","13":"purchasable","14":"product-type-simple"},"_links":{"self":[{"href":"https:\/\/packdesites.com\/en\/wp-json\/wp\/v2\/product\/1737","targetHints":{"allow":["GET"]}}],"collection":[{"href":"https:\/\/packdesites.com\/en\/wp-json\/wp\/v2\/product"}],"about":[{"href":"https:\/\/packdesites.com\/en\/wp-json\/wp\/v2\/types\/product"}],"replies":[{"embeddable":true,"href":"https:\/\/packdesites.com\/en\/wp-json\/wp\/v2\/comments?post=1737"}],"version-history":[{"count":0,"href":"https:\/\/packdesites.com\/en\/wp-json\/wp\/v2\/product\/1737\/revisions"}],"wp:featuredmedia":[{"embeddable":true,"href":"https:\/\/packdesites.com\/en\/wp-json\/wp\/v2\/media\/1738"}],"wp:attachment":[{"href":"https:\/\/packdesites.com\/en\/wp-json\/wp\/v2\/media?parent=1737"}],"wp:term":[{"taxonomy":"product_brand","embeddable":true,"href":"https:\/\/packdesites.com\/en\/wp-json\/wp\/v2\/product_brand?post=1737"},{"taxonomy":"product_cat","embeddable":true,"href":"https:\/\/packdesites.com\/en\/wp-json\/wp\/v2\/product_cat?post=1737"},{"taxonomy":"product_tag","embeddable":true,"href":"https:\/\/packdesites.com\/en\/wp-json\/wp\/v2\/product_tag?post=1737"}],"curies":[{"name":"wp","href":"https:\/\/api.w.org\/{rel}","templated":true}]}}