{"id":1727,"date":"2024-04-07T05:56:54","date_gmt":"2024-04-07T05:56:54","guid":{"rendered":"https:\/\/packdesites.com\/produto\/pagina-de-vendas-para-imobiliaria-3\/"},"modified":"2025-08-11T12:22:06","modified_gmt":"2025-08-11T15:22:06","slug":"real-estate-sales-page-3","status":"publish","type":"product","link":"https:\/\/packdesites.com\/en\/product\/real-estate-sales-page-3\/","title":{"rendered":"Real Estate Sales Page"},"content":{"rendered":"<p><strong><mark style=\"background-color:rgba(0, 0, 0, 0)\" class=\"has-inline-color has-vivid-red-color\">ATTENTION: This landing page has a slightly different installation, follow the instructions below<\/mark><\/strong>.<\/p>\n\n\n\n<p>Install the following plugins:<\/p>\n\n\n\n<ul class=\"wp-block-list\">\n<li><a href=\"https:\/\/membros.packdesites.com.br\/plugins-wordpress\/elementor-pro-atualizado\/\">Elementor Pro<\/a><\/li>\n\n\n\n<li>Unlimited Elements (it&#039;s free, you can <a href=\"https:\/\/wordpress.org\/plugins\/unlimited-elements-for-elementor\/\" target=\"_blank\" rel=\"noopener\">download here<\/a>)<\/li>\n<\/ul>\n\n\n\n<p>Then activate the Elementor Pro grid container, just go to Elementor &gt; Settings &gt; Features &gt; Grid Container &gt; Activate<\/p>\n\n\n\n<p>After that access <strong>Models<\/strong> on the panel and there at the top you will have the option <strong>Import template with images<\/strong> Once this is done, just send the zip the way you downloaded it and click send.<\/p>\n\n\n\n<p>&#8212;&#8212;&#8212;&#8212;&#8212;&#8212;&#8212;&#8212;&#8212;-<\/p>\n\n\n\n<p>Exclusive Sales Page Template Created with Elementor Pro for Real Estate Companies: the Perfect Solution for Professionals Working in the Sale of Apartments and Houses, Increasing Credibility with Their Clients.<\/p>\n\n\n\n<p>Stand out in the competitive real estate market with our meticulously crafted sales page built on Elementor Pro, a leading tool for intuitive design and advanced functionality. This unique template is specially designed to meet the specific needs of real estate businesses, offering a stylish and professional presentation of properties.<\/p>","protected":false},"excerpt":{"rendered":"<p>ATEN\u00c7\u00c3O: Essa landing page tem uma instala\u00e7\u00e3o um pouco diferente siga as intru\u00e7\u00f5es abaixo. Instale os seguintes plugins: Depois ative o grid container do Elementor Pro, \u00e9 s\u00f3 ir em&nbsp;Elementor &gt; Configura\u00e7\u00f5es &gt; Recursos &gt; Grid Container &gt; Ativar Depois disso acesse Modelos no painel e l\u00e1 em cima vai ter a op\u00e7\u00e3o Import template [&hellip;]<\/p>","protected":false},"featured_media":1728,"comment_status":"closed","ping_status":"open","template":"","meta":{"_jf_limit_responses":"","iawp_total_views":266},"product_brand":[],"product_cat":[23,42,43],"product_tag":[46,19],"class_list":{"0":"post-1727","1":"product","2":"type-product","3":"status-publish","4":"has-post-thumbnail","6":"product_cat-templates-elementor-e-envato","7":"product_cat-landing-page","8":"product_cat-pagina-de-vendas","9":"product_tag-unlimited-elements","10":"product_tag-vitalicio","12":"first","13":"instock","14":"downloadable","15":"virtual","16":"purchasable","17":"product-type-simple"},"_links":{"self":[{"href":"https:\/\/packdesites.com\/en\/wp-json\/wp\/v2\/product\/1727","targetHints":{"allow":["GET"]}}],"collection":[{"href":"https:\/\/packdesites.com\/en\/wp-json\/wp\/v2\/product"}],"about":[{"href":"https:\/\/packdesites.com\/en\/wp-json\/wp\/v2\/types\/product"}],"replies":[{"embeddable":true,"href":"https:\/\/packdesites.com\/en\/wp-json\/wp\/v2\/comments?post=1727"}],"version-history":[{"count":1,"href":"https:\/\/packdesites.com\/en\/wp-json\/wp\/v2\/product\/1727\/revisions"}],"predecessor-version":[{"id":23293,"href":"https:\/\/packdesites.com\/en\/wp-json\/wp\/v2\/product\/1727\/revisions\/23293"}],"wp:featuredmedia":[{"embeddable":true,"href":"https:\/\/packdesites.com\/en\/wp-json\/wp\/v2\/media\/1728"}],"wp:attachment":[{"href":"https:\/\/packdesites.com\/en\/wp-json\/wp\/v2\/media?parent=1727"}],"wp:term":[{"taxonomy":"product_brand","embeddable":true,"href":"https:\/\/packdesites.com\/en\/wp-json\/wp\/v2\/product_brand?post=1727"},{"taxonomy":"product_cat","embeddable":true,"href":"https:\/\/packdesites.com\/en\/wp-json\/wp\/v2\/product_cat?post=1727"},{"taxonomy":"product_tag","embeddable":true,"href":"https:\/\/packdesites.com\/en\/wp-json\/wp\/v2\/product_tag?post=1727"}],"curies":[{"name":"wp","href":"https:\/\/api.w.org\/{rel}","templated":true}]}}