{"id":1678,"date":"2022-07-19T00:03:57","date_gmt":"2022-07-19T00:03:57","guid":{"rendered":"https:\/\/packdesites.com\/produto\/pagina-de-vendas-para-checkout-de-produtos-digitais\/"},"modified":"2025-04-03T01:15:16","modified_gmt":"2025-04-03T01:15:16","slug":"sales-page-for-digital-product-checkout","status":"publish","type":"product","link":"https:\/\/packdesites.com\/en\/product\/sales-page-for-digital-product-checkout\/","title":{"rendered":"Sales Page for Checkout of Digital Products."},"content":{"rendered":"<p>Ideal sales page for digital product checkout. Change texts, titles, images and whatever you want. Have a responsive sales page and attract more customers. <\/p>\n\n\n\n<p>This sales page does not come with images included, you need to add your own images or get them from the preview link.<\/p>","protected":false},"excerpt":{"rendered":"<p>P\u00e1gina de vendas ideal para checkout de produtos digitais. Altere textos, t\u00edtulos, imagens e o que voc\u00ea quiser. Tenha uma p\u00e1gina de vendas responsiva e atraia mais clientes. Esta p\u00e1gina de vendas n\u00e3o vai com as imagens inclusas, voc\u00ea precisa adicionar suas imagens ou pegar do link de preview.<\/p>","protected":false},"featured_media":1679,"comment_status":"closed","ping_status":"open","template":"","meta":{"_jf_limit_responses":"","iawp_total_views":46},"product_brand":[],"product_cat":[42,43,23],"product_tag":[19],"class_list":{"0":"post-1678","1":"product","2":"type-product","3":"status-publish","4":"has-post-thumbnail","6":"product_cat-landing-page","7":"product_cat-pagina-de-vendas","8":"product_cat-templates-elementor-e-envato","9":"product_tag-vitalicio","11":"first","12":"instock","13":"downloadable","14":"virtual","15":"purchasable","16":"product-type-simple"},"_links":{"self":[{"href":"https:\/\/packdesites.com\/en\/wp-json\/wp\/v2\/product\/1678","targetHints":{"allow":["GET"]}}],"collection":[{"href":"https:\/\/packdesites.com\/en\/wp-json\/wp\/v2\/product"}],"about":[{"href":"https:\/\/packdesites.com\/en\/wp-json\/wp\/v2\/types\/product"}],"replies":[{"embeddable":true,"href":"https:\/\/packdesites.com\/en\/wp-json\/wp\/v2\/comments?post=1678"}],"version-history":[{"count":0,"href":"https:\/\/packdesites.com\/en\/wp-json\/wp\/v2\/product\/1678\/revisions"}],"wp:featuredmedia":[{"embeddable":true,"href":"https:\/\/packdesites.com\/en\/wp-json\/wp\/v2\/media\/1679"}],"wp:attachment":[{"href":"https:\/\/packdesites.com\/en\/wp-json\/wp\/v2\/media?parent=1678"}],"wp:term":[{"taxonomy":"product_brand","embeddable":true,"href":"https:\/\/packdesites.com\/en\/wp-json\/wp\/v2\/product_brand?post=1678"},{"taxonomy":"product_cat","embeddable":true,"href":"https:\/\/packdesites.com\/en\/wp-json\/wp\/v2\/product_cat?post=1678"},{"taxonomy":"product_tag","embeddable":true,"href":"https:\/\/packdesites.com\/en\/wp-json\/wp\/v2\/product_tag?post=1678"}],"curies":[{"name":"wp","href":"https:\/\/api.w.org\/{rel}","templated":true}]}}