{"id":1660,"date":"2023-05-06T21:28:10","date_gmt":"2023-05-06T21:28:10","guid":{"rendered":"https:\/\/packdesites.com\/produto\/pagina-de-vendas-para-loja-de-roupa-masculina\/"},"modified":"2025-04-03T01:15:05","modified_gmt":"2025-04-03T01:15:05","slug":"sales-page-for-mens-clothing-store","status":"publish","type":"product","link":"https:\/\/packdesites.com\/en\/product\/sales-page-for-mens-clothing-store\/","title":{"rendered":"Sales Page for Men&#039;s Clothing Store"},"content":{"rendered":"<p>Sales page for men&#039;s clothing stores. Adaptable page for your niche, change image, texts, titles and whatever you want. <\/p>\n\n\n\n<p>This sales page does not come with images included, you need to add your own images or get them from the preview link.<\/p>","protected":false},"excerpt":{"rendered":"<p>P\u00e1gina de vendas para lojas de roupa masculina. P\u00e1gina adapt\u00e1vel para seu nicho, altere imagem, textos, t\u00edtulos e o que voc\u00ea desejar. Esta p\u00e1gina de vendas n\u00e3o vai com as imagens inclusas, voc\u00ea precisa adicionar suas imagens ou pegar do link de preview<\/p>","protected":false},"featured_media":1661,"comment_status":"closed","ping_status":"open","template":"","meta":{"_jf_limit_responses":"","iawp_total_views":34},"product_brand":[],"product_cat":[42,43,23],"product_tag":[19],"class_list":{"0":"post-1660","1":"product","2":"type-product","3":"status-publish","4":"has-post-thumbnail","6":"product_cat-landing-page","7":"product_cat-pagina-de-vendas","8":"product_cat-templates-elementor-e-envato","9":"product_tag-vitalicio","11":"first","12":"instock","13":"downloadable","14":"virtual","15":"purchasable","16":"product-type-simple"},"_links":{"self":[{"href":"https:\/\/packdesites.com\/en\/wp-json\/wp\/v2\/product\/1660","targetHints":{"allow":["GET"]}}],"collection":[{"href":"https:\/\/packdesites.com\/en\/wp-json\/wp\/v2\/product"}],"about":[{"href":"https:\/\/packdesites.com\/en\/wp-json\/wp\/v2\/types\/product"}],"replies":[{"embeddable":true,"href":"https:\/\/packdesites.com\/en\/wp-json\/wp\/v2\/comments?post=1660"}],"version-history":[{"count":0,"href":"https:\/\/packdesites.com\/en\/wp-json\/wp\/v2\/product\/1660\/revisions"}],"wp:featuredmedia":[{"embeddable":true,"href":"https:\/\/packdesites.com\/en\/wp-json\/wp\/v2\/media\/1661"}],"wp:attachment":[{"href":"https:\/\/packdesites.com\/en\/wp-json\/wp\/v2\/media?parent=1660"}],"wp:term":[{"taxonomy":"product_brand","embeddable":true,"href":"https:\/\/packdesites.com\/en\/wp-json\/wp\/v2\/product_brand?post=1660"},{"taxonomy":"product_cat","embeddable":true,"href":"https:\/\/packdesites.com\/en\/wp-json\/wp\/v2\/product_cat?post=1660"},{"taxonomy":"product_tag","embeddable":true,"href":"https:\/\/packdesites.com\/en\/wp-json\/wp\/v2\/product_tag?post=1660"}],"curies":[{"name":"wp","href":"https:\/\/api.w.org\/{rel}","templated":true}]}}