{"id":1646,"date":"2022-07-19T00:03:57","date_gmt":"2022-07-19T00:03:57","guid":{"rendered":"https:\/\/packdesites.com\/produto\/pagina-de-vendas-para-imobiliaria-2-2\/"},"modified":"2025-08-08T19:45:30","modified_gmt":"2025-08-08T22:45:30","slug":"real-estate-sales-page-2-2","status":"publish","type":"product","link":"https:\/\/packdesites.com\/en\/product\/real-estate-sales-page-2-2\/","title":{"rendered":"Real Estate Sales Page"},"content":{"rendered":"<p>Ideal sales page for real estate agencies that want to have a responsive and intuitive page for their customers. Adapt it according to your business, change images, texts, titles and much more!<\/p>\n\n\n\n<p>This sales page does not come with images included, you need to add your own images or get them from the preview link.<\/p>\n\n\n\n<p class=\"has-white-color has-black-background-color has-text-color has-background has-link-color wp-elements-fee65ceb5b6ed1822e3feaafbd520a5d\">Importing this template must be done with the plugin <a href=\"https:\/\/wordpress.org\/plugins\/unlimited-elements-for-elementor\/\" target=\"_blank\" rel=\"noreferrer noopener\">Unlimited Elements For Elementor<\/a>. Watch the video tutorial <a href=\"https:\/\/www.youtube.com\/watch?v=YoNnDuo4qRQ\" target=\"_blank\" rel=\"noopener\">clicking here<\/a>.<\/p>","protected":false},"excerpt":{"rendered":"<p>P\u00e1gina de vendas ideal para imobili\u00e1rias, que desejam ter uma p\u00e1gina responsiva e intuitiva para seus clientes. Adapte de acordo com o seu neg\u00f3cio, altere imagens, textos, t\u00edtulos e muito mais! Esta p\u00e1gina de vendas n\u00e3o vai com as imagens inclusas, voc\u00ea precisa adicionar suas imagens ou pegar do link de preview. A importa\u00e7\u00e3o desse [&hellip;]<\/p>","protected":false},"featured_media":1647,"comment_status":"closed","ping_status":"open","template":"","meta":{"_jf_limit_responses":"","iawp_total_views":52},"product_brand":[],"product_cat":[42,43,23],"product_tag":[19],"class_list":{"0":"post-1646","1":"product","2":"type-product","3":"status-publish","4":"has-post-thumbnail","6":"product_cat-landing-page","7":"product_cat-pagina-de-vendas","8":"product_cat-templates-elementor-e-envato","9":"product_tag-vitalicio","11":"first","12":"instock","13":"downloadable","14":"virtual","15":"purchasable","16":"product-type-simple"},"_links":{"self":[{"href":"https:\/\/packdesites.com\/en\/wp-json\/wp\/v2\/product\/1646","targetHints":{"allow":["GET"]}}],"collection":[{"href":"https:\/\/packdesites.com\/en\/wp-json\/wp\/v2\/product"}],"about":[{"href":"https:\/\/packdesites.com\/en\/wp-json\/wp\/v2\/types\/product"}],"replies":[{"embeddable":true,"href":"https:\/\/packdesites.com\/en\/wp-json\/wp\/v2\/comments?post=1646"}],"version-history":[{"count":2,"href":"https:\/\/packdesites.com\/en\/wp-json\/wp\/v2\/product\/1646\/revisions"}],"predecessor-version":[{"id":23237,"href":"https:\/\/packdesites.com\/en\/wp-json\/wp\/v2\/product\/1646\/revisions\/23237"}],"wp:featuredmedia":[{"embeddable":true,"href":"https:\/\/packdesites.com\/en\/wp-json\/wp\/v2\/media\/1647"}],"wp:attachment":[{"href":"https:\/\/packdesites.com\/en\/wp-json\/wp\/v2\/media?parent=1646"}],"wp:term":[{"taxonomy":"product_brand","embeddable":true,"href":"https:\/\/packdesites.com\/en\/wp-json\/wp\/v2\/product_brand?post=1646"},{"taxonomy":"product_cat","embeddable":true,"href":"https:\/\/packdesites.com\/en\/wp-json\/wp\/v2\/product_cat?post=1646"},{"taxonomy":"product_tag","embeddable":true,"href":"https:\/\/packdesites.com\/en\/wp-json\/wp\/v2\/product_tag?post=1646"}],"curies":[{"name":"wp","href":"https:\/\/api.w.org\/{rel}","templated":true}]}}